{"id":8959,"date":"2023-05-27T14:01:28","date_gmt":"2023-05-27T11:01:28","guid":{"rendered":"https:\/\/www.creas-technology.com\/?page_id=8959"},"modified":"2023-09-17T18:29:10","modified_gmt":"2023-09-17T15:29:10","slug":"urun-agaci-urun-konfigurasyonu","status":"publish","type":"page","link":"https:\/\/www.creas-technology.com\/index.php\/urun-agaci-urun-konfigurasyonu\/","title":{"rendered":"\u00dcr\u00fcn A\u011fac\u0131 \/ \u00dcr\u00fcn Konfig\u00fcrasyonu"},"content":{"rendered":"\t\t<div data-elementor-type=\"wp-page\" data-elementor-id=\"8959\" class=\"elementor elementor-8959\" data-elementor-settings=\"[]\">\n\t\t\t\t\t\t\t<div class=\"elementor-section-wrap\">\n\t\t\t\t\t\t\t<section class=\"elementor-section elementor-top-section elementor-element elementor-element-89ce1b1 elementor-section-boxed elementor-section-height-default elementor-section-height-default\" data-id=\"89ce1b1\" data-element_type=\"section\" data-settings=\"{&quot;background_background&quot;:&quot;classic&quot;}\">\n\t\t\t\t\t\t<div class=\"elementor-container elementor-column-gap-default\">\n\t\t\t\t\t<div class=\"elementor-column elementor-col-100 elementor-top-column elementor-element elementor-element-d97f878\" data-id=\"d97f878\" data-element_type=\"column\">\n\t\t\t<div class=\"elementor-widget-wrap elementor-element-populated\">\n\t\t\t\t\t\t\t\t<section class=\"elementor-section elementor-inner-section elementor-element elementor-element-92fabb2 elementor-section-boxed elementor-section-height-default elementor-section-height-default\" data-id=\"92fabb2\" data-element_type=\"section\">\n\t\t\t\t\t\t<div class=\"elementor-container elementor-column-gap-default\">\n\t\t\t\t\t<div class=\"elementor-column elementor-col-100 elementor-inner-column elementor-element elementor-element-8fba99c\" data-id=\"8fba99c\" data-element_type=\"column\">\n\t\t\t<div class=\"elementor-widget-wrap elementor-element-populated\">\n\t\t\t\t\t\t\t\t<div class=\"elementor-element elementor-element-178ef5d elementor-widget elementor-widget-cryptlight_elementor_details\" data-id=\"178ef5d\" data-element_type=\"widget\" data-widget_type=\"cryptlight_elementor_details.default\">\n\t\t\t\t<div class=\"elementor-widget-container\">\n\t\t\t\t\t\t\t\t<div class=\"ova-details linear-gradient-active\">\n\t\t\t\t\t\t\t\t\t\t\t\t\t<div class=\"desc\">\n\t\t\t\t\t\t&quot;Product Tree&quot; veya &quot;Product Configuration&quot; terimleri, genellikle \u00fcretim, \u00fcr\u00fcn tasar\u0131m\u0131 veya proje y\u00f6netimi gibi alanlarda kullan\u0131lan kavramlard\u0131r. Bu terimler, bir \u00fcr\u00fcn\u00fcn veya proje yap\u0131s\u0131n\u0131n ve bile\u015fenlerinin hiyerar\u015fik bir g\u00f6sterimini ifade eder. A\u015fa\u011f\u0131da her bir terim daha ayr\u0131nt\u0131l\u0131 olarak a\u00e7\u0131klanm\u0131\u015ft\u0131r:\n\t\t\t\t\t<\/div>\n\t\t\t\t\t\t\t<\/div>\n\t\t\t\t<\/div>\n\t\t\t\t<\/div>\n\t\t\t\t\t<\/div>\n\t\t<\/div>\n\t\t\t\t\t\t\t<\/div>\n\t\t<\/section>\n\t\t\t\t<section class=\"elementor-section elementor-inner-section elementor-element elementor-element-449b8de elementor-section-boxed elementor-section-height-default elementor-section-height-default\" data-id=\"449b8de\" data-element_type=\"section\">\n\t\t\t\t\t\t<div class=\"elementor-container elementor-column-gap-default\">\n\t\t\t\t\t<div class=\"elementor-column elementor-col-100 elementor-inner-column elementor-element elementor-element-df92f99\" data-id=\"df92f99\" data-element_type=\"column\">\n\t\t\t<div class=\"elementor-widget-wrap elementor-element-populated\">\n\t\t\t\t\t\t\t\t<div class=\"elementor-element elementor-element-18dc817 elementor-widget elementor-widget-cryptlight_elementor_details\" data-id=\"18dc817\" data-element_type=\"widget\" data-widget_type=\"cryptlight_elementor_details.default\">\n\t\t\t\t<div class=\"elementor-widget-container\">\n\t\t\t\t\t\t\t\t<div class=\"ova-details linear-gradient-active\">\n\t\t\t\t\t\t\t\t\t\t\t\t\t<div class=\"desc\">\n\t\t\t\t\t\tProduct Tree: Bir \u00fcr\u00fcn\u00fcn bile\u015fenlerinin ve alt bile\u015fenlerinin hiyerar\u015fik olarak g\u00f6sterildi\u011fi bir yap\u0131d\u0131r. \u00dcr\u00fcn a\u011fac\u0131, bir \u00fcr\u00fcn\u00fcn montaj veya \u00fcretim s\u00fcrecinde hangi bile\u015fenlerin kullan\u0131ld\u0131\u011f\u0131n\u0131 ve bu bile\u015fenlerin nas\u0131l birle\u015ftirildi\u011fini g\u00f6stermek i\u00e7in kullan\u0131l\u0131r. \u00d6rne\u011fin, bir otomobilin \u00fcr\u00fcn a\u011fac\u0131, ana bile\u015fenlerini (motor, \u015fasi, elektrik sistemi vb.) ve bu bile\u015fenlerin alt\u0131ndaki daha k\u00fc\u00e7\u00fck par\u00e7alar\u0131 i\u00e7erebilir.\n\t\t\t\t\t<\/div>\n\t\t\t\t\t\t\t<\/div>\n\t\t\t\t<\/div>\n\t\t\t\t<\/div>\n\t\t\t\t\t<\/div>\n\t\t<\/div>\n\t\t\t\t\t\t\t<\/div>\n\t\t<\/section>\n\t\t\t\t<section class=\"elementor-section elementor-inner-section elementor-element elementor-element-dcf342a elementor-section-boxed elementor-section-height-default elementor-section-height-default\" data-id=\"dcf342a\" data-element_type=\"section\">\n\t\t\t\t\t\t<div class=\"elementor-container elementor-column-gap-default\">\n\t\t\t\t\t<div class=\"elementor-column elementor-col-100 elementor-inner-column elementor-element elementor-element-07dd996\" data-id=\"07dd996\" data-element_type=\"column\">\n\t\t\t<div class=\"elementor-widget-wrap elementor-element-populated\">\n\t\t\t\t\t\t\t\t<div class=\"elementor-element elementor-element-b9d3bcd elementor-widget elementor-widget-image\" data-id=\"b9d3bcd\" data-element_type=\"widget\" data-widget_type=\"image.default\">\n\t\t\t\t<div class=\"elementor-widget-container\">\n\t\t\t<style>\/*! elementor - v3.5.6 - 28-02-2022 *\/\n.elementor-widget-image{text-align:center}.elementor-widget-image a{display:inline-block}.elementor-widget-image a img[src$=\".svg\"]{width:48px}.elementor-widget-image img{vertical-align:middle;display:inline-block}<\/style>\t\t\t\t\t\t\t\t\t\t\t\t<img loading=\"lazy\" decoding=\"async\" width=\"768\" height=\"502\" src=\"https:\/\/www.creas-technology.com\/wp-content\/uploads\/2021\/09\/ElectricMotorFamilyTree-768x502.webp\" class=\"attachment-medium_large size-medium_large\" alt=\"\" srcset=\"https:\/\/www.creas-technology.com\/wp-content\/uploads\/2021\/09\/ElectricMotorFamilyTree-768x502.webp 768w, https:\/\/www.creas-technology.com\/wp-content\/uploads\/2021\/09\/ElectricMotorFamilyTree-300x196.webp 300w, https:\/\/www.creas-technology.com\/wp-content\/uploads\/2021\/09\/ElectricMotorFamilyTree-1024x670.webp 1024w, https:\/\/www.creas-technology.com\/wp-content\/uploads\/2021\/09\/ElectricMotorFamilyTree.webp 1336w\" sizes=\"auto, (max-width: 768px) 100vw, 768px\" \/>\t\t\t\t\t\t\t\t\t\t\t\t\t\t\t<\/div>\n\t\t\t\t<\/div>\n\t\t\t\t\t<\/div>\n\t\t<\/div>\n\t\t\t\t\t\t\t<\/div>\n\t\t<\/section>\n\t\t\t\t<section class=\"elementor-section elementor-inner-section elementor-element elementor-element-628e702 elementor-section-boxed elementor-section-height-default elementor-section-height-default\" data-id=\"628e702\" data-element_type=\"section\">\n\t\t\t\t\t\t<div class=\"elementor-container elementor-column-gap-default\">\n\t\t\t\t\t<div class=\"elementor-column elementor-col-100 elementor-inner-column elementor-element elementor-element-bef7a80\" data-id=\"bef7a80\" data-element_type=\"column\">\n\t\t\t<div class=\"elementor-widget-wrap elementor-element-populated\">\n\t\t\t\t\t\t\t\t<div class=\"elementor-element elementor-element-d9ae073 elementor-widget elementor-widget-cryptlight_elementor_details\" data-id=\"d9ae073\" data-element_type=\"widget\" data-widget_type=\"cryptlight_elementor_details.default\">\n\t\t\t\t<div class=\"elementor-widget-container\">\n\t\t\t\t\t\t\t\t<div class=\"ova-details linear-gradient-active\">\n\t\t\t\t\t\t\t\t\t\t\t\t\t<div class=\"desc\">\n\t\t\t\t\t\tProduct Configuration: \u00dcr\u00fcn yap\u0131land\u0131rmas\u0131, bir \u00fcr\u00fcn\u00fcn \u00f6zelliklerinin ve bile\u015fenlerinin belirlenmesi ve birle\u015ftirilmesi s\u00fcrecidir. Bir \u00fcr\u00fcn\u00fcn farkl\u0131 varyasyonlar\u0131n\u0131 olu\u015fturmak i\u00e7in kullan\u0131l\u0131r. M\u00fc\u015fteri talepleri veya spesifik gereksinimler do\u011frultusunda farkl\u0131 bile\u015fenlerin se\u00e7ilmesi veya de\u011fi\u015ftirilmesiyle bir \u00fcr\u00fcn\u00fcn yap\u0131land\u0131r\u0131lmas\u0131 m\u00fcmk\u00fcn olabilir. \u00d6rne\u011fin, bir bilgisayar\u0131n yap\u0131land\u0131rmas\u0131, i\u015flemci, bellek, depolama alan\u0131 gibi bile\u015fenlerin se\u00e7ilmesini ve bunlar\u0131n bir araya getirilmesini i\u00e7erebilir.\n\t\t\t\t\t<\/div>\n\t\t\t\t\t\t\t<\/div>\n\t\t\t\t<\/div>\n\t\t\t\t<\/div>\n\t\t\t\t\t<\/div>\n\t\t<\/div>\n\t\t\t\t\t\t\t<\/div>\n\t\t<\/section>\n\t\t\t\t<section class=\"elementor-section elementor-inner-section elementor-element elementor-element-2b7aa29 elementor-section-boxed elementor-section-height-default elementor-section-height-default\" data-id=\"2b7aa29\" data-element_type=\"section\">\n\t\t\t\t\t\t<div class=\"elementor-container elementor-column-gap-default\">\n\t\t\t\t\t<div class=\"elementor-column elementor-col-100 elementor-inner-column elementor-element elementor-element-2e71f5e\" data-id=\"2e71f5e\" data-element_type=\"column\">\n\t\t\t<div class=\"elementor-widget-wrap elementor-element-populated\">\n\t\t\t\t\t\t\t\t<div class=\"elementor-element elementor-element-293289b elementor-widget elementor-widget-image\" data-id=\"293289b\" data-element_type=\"widget\" data-widget_type=\"image.default\">\n\t\t\t\t<div class=\"elementor-widget-container\">\n\t\t\t\t\t\t\t\t\t\t\t\t\t\t\t<img loading=\"lazy\" decoding=\"async\" width=\"768\" height=\"239\" src=\"https:\/\/www.creas-technology.com\/wp-content\/uploads\/2021\/09\/A-generic-product-configuration-process-768x239.png\" class=\"attachment-medium_large size-medium_large\" alt=\"\" srcset=\"https:\/\/www.creas-technology.com\/wp-content\/uploads\/2021\/09\/A-generic-product-configuration-process-768x239.png 768w, https:\/\/www.creas-technology.com\/wp-content\/uploads\/2021\/09\/A-generic-product-configuration-process-300x94.png 300w, https:\/\/www.creas-technology.com\/wp-content\/uploads\/2021\/09\/A-generic-product-configuration-process.png 850w\" sizes=\"auto, (max-width: 768px) 100vw, 768px\" \/>\t\t\t\t\t\t\t\t\t\t\t\t\t\t\t<\/div>\n\t\t\t\t<\/div>\n\t\t\t\t\t<\/div>\n\t\t<\/div>\n\t\t\t\t\t\t\t<\/div>\n\t\t<\/section>\n\t\t\t\t<section class=\"elementor-section elementor-inner-section elementor-element elementor-element-e58079b elementor-section-boxed elementor-section-height-default elementor-section-height-default\" data-id=\"e58079b\" data-element_type=\"section\">\n\t\t\t\t\t\t<div class=\"elementor-container elementor-column-gap-default\">\n\t\t\t\t\t<div class=\"elementor-column elementor-col-100 elementor-inner-column elementor-element elementor-element-45095ba\" data-id=\"45095ba\" data-element_type=\"column\">\n\t\t\t<div class=\"elementor-widget-wrap elementor-element-populated\">\n\t\t\t\t\t\t\t\t<div class=\"elementor-element elementor-element-91088e2 elementor-widget elementor-widget-cryptlight_elementor_details\" data-id=\"91088e2\" data-element_type=\"widget\" data-widget_type=\"cryptlight_elementor_details.default\">\n\t\t\t\t<div class=\"elementor-widget-container\">\n\t\t\t\t\t\t\t\t<div class=\"ova-details linear-gradient-active\">\n\t\t\t\t\t\t\t\t\t\t\t\t\t<div class=\"desc\">\n\t\t\t\t\t\tBu terimler, \u00fcr\u00fcn tasar\u0131m\u0131 ve \u00fcretim s\u00fcrecinde \u00f6nemli bir rol oynar. \u00dcr\u00fcn a\u011fac\u0131, bir \u00fcr\u00fcn\u00fcn yap\u0131s\u0131n\u0131 anlamak, \u00fcretim s\u00fcrecini planlamak ve bile\u015fenlerin tedarikini y\u00f6netmek i\u00e7in kullan\u0131labilir. \u00dcr\u00fcn yap\u0131land\u0131rmas\u0131 ise m\u00fc\u015fteriye \u00f6zelle\u015ftirilebilir \u00fcr\u00fcnler sunmak ve \u00fcretim s\u00fcrecini optimize etmek i\u00e7in kullan\u0131l\u0131r.\t\t\t\t\t<\/div>\n\t\t\t\t\t\t\t<\/div>\n\t\t\t\t<\/div>\n\t\t\t\t<\/div>\n\t\t\t\t\t<\/div>\n\t\t<\/div>\n\t\t\t\t\t\t\t<\/div>\n\t\t<\/section>\n\t\t\t\t<section class=\"elementor-section elementor-inner-section elementor-element elementor-element-d80760d elementor-section-boxed elementor-section-height-default elementor-section-height-default\" data-id=\"d80760d\" data-element_type=\"section\">\n\t\t\t\t\t\t<div class=\"elementor-container elementor-column-gap-default\">\n\t\t\t\t\t<div class=\"elementor-column elementor-col-100 elementor-inner-column elementor-element elementor-element-89e48b1\" data-id=\"89e48b1\" data-element_type=\"column\">\n\t\t\t<div class=\"elementor-widget-wrap elementor-element-populated\">\n\t\t\t\t\t\t\t\t<div class=\"elementor-element elementor-element-d0bd539 elementor-widget elementor-widget-heading\" data-id=\"d0bd539\" data-element_type=\"widget\" data-widget_type=\"heading.default\">\n\t\t\t\t<div class=\"elementor-widget-container\">\n\t\t\t<style>\/*! elementor - v3.5.6 - 28-02-2022 *\/\n.elementor-heading-title{padding:0;margin:0;line-height:1}.elementor-widget-heading .elementor-heading-title[class*=elementor-size-]>a{color:inherit;font-size:inherit;line-height:inherit}.elementor-widget-heading .elementor-heading-title.elementor-size-small{font-size:15px}.elementor-widget-heading .elementor-heading-title.elementor-size-medium{font-size:19px}.elementor-widget-heading .elementor-heading-title.elementor-size-large{font-size:29px}.elementor-widget-heading .elementor-heading-title.elementor-size-xl{font-size:39px}.elementor-widget-heading .elementor-heading-title.elementor-size-xxl{font-size:59px}<\/style><h2 class=\"elementor-heading-title elementor-size-default\"><a href=\"https:\/\/www.plm.automation.siemens.com\/global\/en\/search.html?query=Product+Configuration\" target=\"_blank\">Siemens'in sayfas\u0131ndan daha fazla bilgiye eri\u015fmek i\u00e7in t\u0131klay\u0131n\u0131z.<\/a><\/h2>\t\t<\/div>\n\t\t\t\t<\/div>\n\t\t\t\t\t<\/div>\n\t\t<\/div>\n\t\t\t\t\t\t\t<\/div>\n\t\t<\/section>\n\t\t\t\t\t<\/div>\n\t\t<\/div>\n\t\t\t\t\t\t\t<\/div>\n\t\t<\/section>\n\t\t\t\t\t\t<\/div>\n\t\t\t\t\t<\/div>\n\t\t","protected":false},"excerpt":{"rendered":"<p>&quot;Product Tree&quot; veya &quot;Product Configuration&quot; terimleri, genellikle \u00fcretim, \u00fcr\u00fcn tasar\u0131m\u0131 veya proje y\u00f6netimi gibi alanlarda kullan\u0131lan kavramlard\u0131r. Bu terimler, bir \u00fcr\u00fcn\u00fcn veya proje yap\u0131s\u0131n\u0131n ve bile\u015fenlerinin hiyerar\u015fik bir g\u00f6sterimini ifade eder. A\u015fa\u011f\u0131da her bir terim daha ayr\u0131nt\u0131l\u0131 olarak a\u00e7\u0131klanm\u0131\u015ft\u0131r: Product Tree: Bir \u00fcr\u00fcn\u00fcn bile\u015fenlerinin ve alt bile\u015fenlerinin hiyerar\u015fik olarak g\u00f6sterildi\u011fi bir yap\u0131d\u0131r. \u00dcr\u00fcn a\u011fac\u0131, bir [&hellip;]<\/p>\n","protected":false},"author":2,"featured_media":0,"parent":0,"menu_order":0,"comment_status":"closed","ping_status":"closed","template":"elementor_header_footer","meta":{"footnotes":""},"class_list":["post-8959","page","type-page","status-publish","hentry"],"_links":{"self":[{"href":"https:\/\/www.creas-technology.com\/index.php\/wp-json\/wp\/v2\/pages\/8959","targetHints":{"allow":["GET"]}}],"collection":[{"href":"https:\/\/www.creas-technology.com\/index.php\/wp-json\/wp\/v2\/pages"}],"about":[{"href":"https:\/\/www.creas-technology.com\/index.php\/wp-json\/wp\/v2\/types\/page"}],"author":[{"embeddable":true,"href":"https:\/\/www.creas-technology.com\/index.php\/wp-json\/wp\/v2\/users\/2"}],"replies":[{"embeddable":true,"href":"https:\/\/www.creas-technology.com\/index.php\/wp-json\/wp\/v2\/comments?post=8959"}],"version-history":[{"count":35,"href":"https:\/\/www.creas-technology.com\/index.php\/wp-json\/wp\/v2\/pages\/8959\/revisions"}],"predecessor-version":[{"id":9744,"href":"https:\/\/www.creas-technology.com\/index.php\/wp-json\/wp\/v2\/pages\/8959\/revisions\/9744"}],"wp:attachment":[{"href":"https:\/\/www.creas-technology.com\/index.php\/wp-json\/wp\/v2\/media?parent=8959"}],"curies":[{"name":"wp","href":"https:\/\/api.w.org\/{rel}","templated":true}]}}