{"id":8990,"date":"2023-05-27T14:28:46","date_gmt":"2023-05-27T11:28:46","guid":{"rendered":"https:\/\/www.creas-technology.com\/?page_id=8990"},"modified":"2023-09-17T18:28:25","modified_gmt":"2023-09-17T15:28:25","slug":"teamcenter-aktif-calisma-alani","status":"publish","type":"page","link":"https:\/\/www.creas-technology.com\/index.php\/teamcenter-aktif-calisma-alani\/","title":{"rendered":"Teamcenter Aktif \u00c7al\u0131\u015fma Alan\u0131"},"content":{"rendered":"\t\t<div data-elementor-type=\"wp-page\" data-elementor-id=\"8990\" class=\"elementor elementor-8990\" data-elementor-settings=\"[]\">\n\t\t\t\t\t\t\t<div class=\"elementor-section-wrap\">\n\t\t\t\t\t\t\t<section class=\"elementor-section elementor-top-section elementor-element elementor-element-a23d7ce elementor-section-boxed elementor-section-height-default elementor-section-height-default\" data-id=\"a23d7ce\" data-element_type=\"section\" data-settings=\"{&quot;background_background&quot;:&quot;classic&quot;}\">\n\t\t\t\t\t\t<div class=\"elementor-container elementor-column-gap-default\">\n\t\t\t\t\t<div class=\"elementor-column elementor-col-100 elementor-top-column elementor-element elementor-element-c6373e5\" data-id=\"c6373e5\" data-element_type=\"column\">\n\t\t\t<div class=\"elementor-widget-wrap elementor-element-populated\">\n\t\t\t\t\t\t\t\t<section class=\"elementor-section elementor-inner-section elementor-element elementor-element-c06f565 elementor-section-boxed elementor-section-height-default elementor-section-height-default\" data-id=\"c06f565\" data-element_type=\"section\">\n\t\t\t\t\t\t<div class=\"elementor-container elementor-column-gap-default\">\n\t\t\t\t\t<div class=\"elementor-column elementor-col-100 elementor-inner-column elementor-element elementor-element-7d5ab7d\" data-id=\"7d5ab7d\" data-element_type=\"column\">\n\t\t\t<div class=\"elementor-widget-wrap elementor-element-populated\">\n\t\t\t\t\t\t\t\t<div class=\"elementor-element elementor-element-daba9fd elementor-widget elementor-widget-cryptlight_elementor_details\" data-id=\"daba9fd\" data-element_type=\"widget\" data-widget_type=\"cryptlight_elementor_details.default\">\n\t\t\t\t<div class=\"elementor-widget-container\">\n\t\t\t\t\t\t\t\t<div class=\"ova-details linear-gradient-active\">\n\t\t\t\t\t\t\t\t\t\t\t\t\t<div class=\"desc\">\n\t\t\t\t\t\tTeamcenter, \u00fcr\u00fcn verileri y\u00f6netimi (PDM) ve \u00fcr\u00fcn ya\u015fam d\u00f6ng\u00fcs\u00fc y\u00f6netimi (PLM) yaz\u0131l\u0131m\u0131d\u0131r ve b\u00fcy\u00fck \u00f6l\u00e7ekli \u00fcretim \u015firketlerinde yayg\u0131n olarak kullan\u0131lan bir platformdur. Teamcenter, verileri merkezi bir konumda depolamak, y\u00f6netmek ve i\u015fbirli\u011fi yapmak i\u00e7in tasarlanm\u0131\u015ft\u0131r.\t\t\t\t\t<\/div>\n\t\t\t\t\t\t\t<\/div>\n\t\t\t\t<\/div>\n\t\t\t\t<\/div>\n\t\t\t\t<div class=\"elementor-element elementor-element-f1da236 elementor-widget elementor-widget-cryptlight_elementor_details\" data-id=\"f1da236\" data-element_type=\"widget\" data-widget_type=\"cryptlight_elementor_details.default\">\n\t\t\t\t<div class=\"elementor-widget-container\">\n\t\t\t\t\t\t\t\t<div class=\"ova-details linear-gradient-active\">\n\t\t\t\t\t\t\t\t\t\t\t\t\t<div class=\"desc\">\n\t\t\t\t\t\tTeamcenter Active Workspace (Aktif \u00c7al\u0131\u015fma Alan\u0131), Teamcenter&#039;\u0131n kullan\u0131c\u0131 arabirimidir. Bu, kullan\u0131c\u0131lar\u0131n Teamcenter ile etkile\u015fimde bulunmak ve verilere eri\u015fmek i\u00e7in kullanabilecekleri kullan\u0131c\u0131 dostu bir web tabanl\u0131 aray\u00fczd\u00fcr. Aktif \u00c7al\u0131\u015fma Alan\u0131, kullan\u0131c\u0131lara farkl\u0131 roller ve g\u00f6revler i\u00e7in \u00f6zelle\u015ftirilebilir bir deneyim sunar ve kullan\u0131c\u0131lara ihtiya\u00e7 duyduklar\u0131 verilere h\u0131zl\u0131 eri\u015fim sa\u011flar.\t\t\t\t\t<\/div>\n\t\t\t\t\t\t\t<\/div>\n\t\t\t\t<\/div>\n\t\t\t\t<\/div>\n\t\t\t\t<div class=\"elementor-element elementor-element-722f8c1 elementor-widget elementor-widget-image\" data-id=\"722f8c1\" data-element_type=\"widget\" data-widget_type=\"image.default\">\n\t\t\t\t<div class=\"elementor-widget-container\">\n\t\t\t<style>\/*! elementor - v3.5.6 - 28-02-2022 *\/\n.elementor-widget-image{text-align:center}.elementor-widget-image a{display:inline-block}.elementor-widget-image a img[src$=\".svg\"]{width:48px}.elementor-widget-image img{vertical-align:middle;display:inline-block}<\/style>\t\t\t\t\t\t\t\t\t\t\t\t<img loading=\"lazy\" decoding=\"async\" width=\"800\" height=\"466\" src=\"https:\/\/www.creas-technology.com\/wp-content\/uploads\/2023\/05\/3-1024x597-1.webp\" class=\"attachment-large size-large\" alt=\"\" srcset=\"https:\/\/www.creas-technology.com\/wp-content\/uploads\/2023\/05\/3-1024x597-1.webp 1024w, https:\/\/www.creas-technology.com\/wp-content\/uploads\/2023\/05\/3-1024x597-1-300x175.webp 300w, https:\/\/www.creas-technology.com\/wp-content\/uploads\/2023\/05\/3-1024x597-1-768x448.webp 768w\" sizes=\"auto, (max-width: 800px) 100vw, 800px\" \/>\t\t\t\t\t\t\t\t\t\t\t\t\t\t\t<\/div>\n\t\t\t\t<\/div>\n\t\t\t\t<div class=\"elementor-element elementor-element-244a2c1 elementor-widget elementor-widget-cryptlight_elementor_details\" data-id=\"244a2c1\" data-element_type=\"widget\" data-widget_type=\"cryptlight_elementor_details.default\">\n\t\t\t\t<div class=\"elementor-widget-container\">\n\t\t\t\t\t\t\t\t<div class=\"ova-details linear-gradient-active\">\n\t\t\t\t\t\t\t\t\t\t\t\t\t<div class=\"desc\">\n\t\t\t\t\t\tTeamcenter Active Workspace, a\u015fa\u011f\u0131daki \u00f6zellikleri sunar:\n\n\t\t\t\t\t<\/div>\n\t\t\t\t\t\t\t<\/div>\n\t\t\t\t<\/div>\n\t\t\t\t<\/div>\n\t\t\t\t<div class=\"elementor-element elementor-element-32dc44a elementor-widget elementor-widget-cryptlight_elementor_details\" data-id=\"32dc44a\" data-element_type=\"widget\" data-widget_type=\"cryptlight_elementor_details.default\">\n\t\t\t\t<div class=\"elementor-widget-container\">\n\t\t\t\t\t\t\t\t<div class=\"ova-details linear-gradient-active\">\n\t\t\t\t\t\t\t\t\t\t\t\t\t<div class=\"desc\">\n\t\t\t\t\t\tVeri Eri\u015fimi ve G\u00f6rselle\u015ftirme: Kullan\u0131c\u0131lar, \u00fcr\u00fcn verilerini h\u0131zl\u0131 ve kolay bir \u015fekilde arayabilir, g\u00f6r\u00fcnt\u00fcleyebilir ve analiz edebilir. 2D ve 3D CAD verilerini, dok\u00fcmanlar\u0131, tasar\u0131mlar\u0131 ve di\u011fer ili\u015fkili verileri g\u00f6rselle\u015ftirebilirler.\t\t\t\t\t<\/div>\n\t\t\t\t\t\t\t<\/div>\n\t\t\t\t<\/div>\n\t\t\t\t<\/div>\n\t\t\t\t<div class=\"elementor-element elementor-element-b9494c2 elementor-widget elementor-widget-cryptlight_elementor_details\" data-id=\"b9494c2\" data-element_type=\"widget\" data-widget_type=\"cryptlight_elementor_details.default\">\n\t\t\t\t<div class=\"elementor-widget-container\">\n\t\t\t\t\t\t\t\t<div class=\"ova-details linear-gradient-active\">\n\t\t\t\t\t\t\t\t\t\t\t\t\t<div class=\"desc\">\n\t\t\t\t\t\t\u0130\u015fbirli\u011fi ve \u0130leti\u015fim: Kullan\u0131c\u0131lar, proje ekibi \u00fcyeleriyle i\u015fbirli\u011fi yapabilir, yorumlar yapabilir, notlar ekleyebilir ve g\u00f6revleri payla\u015fabilir. \u0130leti\u015fim ve i\u015fbirli\u011fi, proje y\u00f6netimini kolayla\u015ft\u0131r\u0131r ve s\u00fcre\u00e7lerin verimli bir \u015fekilde y\u00fcr\u00fct\u00fclmesine olanak tan\u0131r.\t\t\t\t\t<\/div>\n\t\t\t\t\t\t\t<\/div>\n\t\t\t\t<\/div>\n\t\t\t\t<\/div>\n\t\t\t\t<div class=\"elementor-element elementor-element-b6f939c elementor-widget elementor-widget-cryptlight_elementor_details\" data-id=\"b6f939c\" data-element_type=\"widget\" data-widget_type=\"cryptlight_elementor_details.default\">\n\t\t\t\t<div class=\"elementor-widget-container\">\n\t\t\t\t\t\t\t\t<div class=\"ova-details linear-gradient-active\">\n\t\t\t\t\t\t\t\t\t\t\t\t\t<div class=\"desc\">\n\t\t\t\t\t\t\u0130\u00e7erik Y\u00f6netimi: Kullan\u0131c\u0131lar, veri depolama, s\u0131n\u0131fland\u0131rma, revizyon kontrol\u00fc, eri\u015fim izinleri ve di\u011fer y\u00f6netim g\u00f6revlerini ger\u00e7ekle\u015ftirebilir. Verilerin g\u00fcncelli\u011fini ve b\u00fct\u00fcnl\u00fc\u011f\u00fcn\u00fc sa\u011flamak i\u00e7in veri y\u00f6netimi i\u015flevleri sunar.\t\t\t\t\t<\/div>\n\t\t\t\t\t\t\t<\/div>\n\t\t\t\t<\/div>\n\t\t\t\t<\/div>\n\t\t\t\t<div class=\"elementor-element elementor-element-872c59c elementor-widget elementor-widget-cryptlight_elementor_details\" data-id=\"872c59c\" data-element_type=\"widget\" data-widget_type=\"cryptlight_elementor_details.default\">\n\t\t\t\t<div class=\"elementor-widget-container\">\n\t\t\t\t\t\t\t\t<div class=\"ova-details linear-gradient-active\">\n\t\t\t\t\t\t\t\t\t\t\t\t\t<div class=\"desc\">\n\t\t\t\t\t\t\u0130\u015f Ak\u0131\u015f\u0131 ve S\u00fcre\u00e7 Y\u00f6netimi: Teamcenter Active Workspace, i\u015f ak\u0131\u015f\u0131 ve s\u00fcre\u00e7 y\u00f6netimi \u00f6zellikleriyle kullan\u0131c\u0131lara verilerin \u00f6mr\u00fc boyunca izlenebilirli\u011fi sa\u011flar. \u0130\u015f ak\u0131\u015flar\u0131, belge onaylar\u0131, revizyon s\u00fcre\u00e7leri ve di\u011fer i\u015f ak\u0131\u015f\u0131 tabanl\u0131 g\u00f6revleri otomatikle\u015ftirir.\t\t\t\t\t<\/div>\n\t\t\t\t\t\t\t<\/div>\n\t\t\t\t<\/div>\n\t\t\t\t<\/div>\n\t\t\t\t<div class=\"elementor-element elementor-element-cac691d elementor-widget elementor-widget-cryptlight_elementor_details\" data-id=\"cac691d\" data-element_type=\"widget\" data-widget_type=\"cryptlight_elementor_details.default\">\n\t\t\t\t<div class=\"elementor-widget-container\">\n\t\t\t\t\t\t\t\t<div class=\"ova-details linear-gradient-active\">\n\t\t\t\t\t\t\t\t\t\t\t\t\t<div class=\"desc\">\n\t\t\t\t\t\tKi\u015fiselle\u015ftirme ve \u00d6zelle\u015ftirme: Kullan\u0131c\u0131lar, aray\u00fcz\u00fc kendi tercihlerine g\u00f6re \u00f6zelle\u015ftirebilir ve ki\u015fiselle\u015ftirebilir. Kullan\u0131c\u0131n\u0131n rol ve sorumluluklar\u0131na g\u00f6re gerekli verilere ve ara\u00e7lara h\u0131zl\u0131 eri\u015fim sa\u011flar.\t\t\t\t\t<\/div>\n\t\t\t\t\t\t\t<\/div>\n\t\t\t\t<\/div>\n\t\t\t\t<\/div>\n\t\t\t\t<div class=\"elementor-element elementor-element-f4ee0f2 elementor-widget elementor-widget-cryptlight_elementor_details\" data-id=\"f4ee0f2\" data-element_type=\"widget\" data-widget_type=\"cryptlight_elementor_details.default\">\n\t\t\t\t<div class=\"elementor-widget-container\">\n\t\t\t\t\t\t\t\t<div class=\"ova-details linear-gradient-active\">\n\t\t\t\t\t\t\t\t\t\t\t\t\t<div class=\"desc\">\n\t\t\t\t\t\tTeamcenter Active Workspace, kullan\u0131c\u0131lar\u0131n i\u015fbirli\u011fi yapmas\u0131n\u0131, verilere eri\u015fmesini ve y\u00f6netmesini kolayla\u015ft\u0131ran g\u00fc\u00e7l\u00fc bir ara\u00e7t\u0131r.\t\t\t\t\t<\/div>\n\t\t\t\t\t\t\t<\/div>\n\t\t\t\t<\/div>\n\t\t\t\t<\/div>\n\t\t\t\t<div class=\"elementor-element elementor-element-f3f063b elementor-widget elementor-widget-image\" data-id=\"f3f063b\" data-element_type=\"widget\" data-widget_type=\"image.default\">\n\t\t\t\t<div class=\"elementor-widget-container\">\n\t\t\t\t\t\t\t\t\t\t\t\t\t\t\t<img loading=\"lazy\" decoding=\"async\" width=\"1280\" height=\"720\" src=\"https:\/\/www.creas-technology.com\/wp-content\/uploads\/2023\/05\/maxresdefault.jpg\" class=\"attachment-full size-full\" alt=\"\" srcset=\"https:\/\/www.creas-technology.com\/wp-content\/uploads\/2023\/05\/maxresdefault.jpg 1280w, https:\/\/www.creas-technology.com\/wp-content\/uploads\/2023\/05\/maxresdefault-300x169.jpg 300w, https:\/\/www.creas-technology.com\/wp-content\/uploads\/2023\/05\/maxresdefault-1024x576.jpg 1024w, https:\/\/www.creas-technology.com\/wp-content\/uploads\/2023\/05\/maxresdefault-768x432.jpg 768w\" sizes=\"auto, (max-width: 1280px) 100vw, 1280px\" \/>\t\t\t\t\t\t\t\t\t\t\t\t\t\t\t<\/div>\n\t\t\t\t<\/div>\n\t\t\t\t\t<\/div>\n\t\t<\/div>\n\t\t\t\t\t\t\t<\/div>\n\t\t<\/section>\n\t\t\t\t<section class=\"elementor-section elementor-inner-section elementor-element elementor-element-08bbf39 elementor-section-boxed elementor-section-height-default elementor-section-height-default\" data-id=\"08bbf39\" data-element_type=\"section\">\n\t\t\t\t\t\t<div class=\"elementor-container elementor-column-gap-default\">\n\t\t\t\t\t<div class=\"elementor-column elementor-col-100 elementor-inner-column elementor-element elementor-element-c005ebf\" data-id=\"c005ebf\" data-element_type=\"column\">\n\t\t\t<div class=\"elementor-widget-wrap elementor-element-populated\">\n\t\t\t\t\t\t\t\t<div class=\"elementor-element elementor-element-6af883d elementor-widget elementor-widget-heading\" data-id=\"6af883d\" data-element_type=\"widget\" data-widget_type=\"heading.default\">\n\t\t\t\t<div class=\"elementor-widget-container\">\n\t\t\t<style>\/*! elementor - v3.5.6 - 28-02-2022 *\/\n.elementor-heading-title{padding:0;margin:0;line-height:1}.elementor-widget-heading .elementor-heading-title[class*=elementor-size-]>a{color:inherit;font-size:inherit;line-height:inherit}.elementor-widget-heading .elementor-heading-title.elementor-size-small{font-size:15px}.elementor-widget-heading .elementor-heading-title.elementor-size-medium{font-size:19px}.elementor-widget-heading .elementor-heading-title.elementor-size-large{font-size:29px}.elementor-widget-heading .elementor-heading-title.elementor-size-xl{font-size:39px}.elementor-widget-heading .elementor-heading-title.elementor-size-xxl{font-size:59px}<\/style><h2 class=\"elementor-heading-title elementor-size-default\"><a href=\"https:\/\/www.plm.automation.siemens.com\/global\/en\/search.html?query=Active+Workspace\" target=\"_blank\">Siemens'in sayfas\u0131ndan daha fazla bilgiye eri\u015fmek i\u00e7in t\u0131klay\u0131n\u0131z.<\/a><\/h2>\t\t<\/div>\n\t\t\t\t<\/div>\n\t\t\t\t\t<\/div>\n\t\t<\/div>\n\t\t\t\t\t\t\t<\/div>\n\t\t<\/section>\n\t\t\t\t\t<\/div>\n\t\t<\/div>\n\t\t\t\t\t\t\t<\/div>\n\t\t<\/section>\n\t\t\t\t\t\t<\/div>\n\t\t\t\t\t<\/div>\n\t\t","protected":false},"excerpt":{"rendered":"<p>Teamcenter, \u00fcr\u00fcn verileri y\u00f6netimi (PDM) ve \u00fcr\u00fcn ya\u015fam d\u00f6ng\u00fcs\u00fc y\u00f6netimi (PLM) yaz\u0131l\u0131m\u0131d\u0131r ve b\u00fcy\u00fck \u00f6l\u00e7ekli \u00fcretim \u015firketlerinde yayg\u0131n olarak kullan\u0131lan bir platformdur. Teamcenter, verileri merkezi bir konumda depolamak, y\u00f6netmek ve i\u015fbirli\u011fi yapmak i\u00e7in tasarlanm\u0131\u015ft\u0131r. Teamcenter Active Workspace (Aktif \u00c7al\u0131\u015fma Alan\u0131), Teamcenter&#039;\u0131n kullan\u0131c\u0131 arabirimidir. Bu, kullan\u0131c\u0131lar\u0131n Teamcenter ile etkile\u015fimde bulunmak ve verilere eri\u015fmek i\u00e7in kullanabilecekleri kullan\u0131c\u0131 [&hellip;]<\/p>\n","protected":false},"author":2,"featured_media":0,"parent":0,"menu_order":0,"comment_status":"closed","ping_status":"closed","template":"elementor_header_footer","meta":{"footnotes":""},"class_list":["post-8990","page","type-page","status-publish","hentry"],"_links":{"self":[{"href":"https:\/\/www.creas-technology.com\/index.php\/wp-json\/wp\/v2\/pages\/8990","targetHints":{"allow":["GET"]}}],"collection":[{"href":"https:\/\/www.creas-technology.com\/index.php\/wp-json\/wp\/v2\/pages"}],"about":[{"href":"https:\/\/www.creas-technology.com\/index.php\/wp-json\/wp\/v2\/types\/page"}],"author":[{"embeddable":true,"href":"https:\/\/www.creas-technology.com\/index.php\/wp-json\/wp\/v2\/users\/2"}],"replies":[{"embeddable":true,"href":"https:\/\/www.creas-technology.com\/index.php\/wp-json\/wp\/v2\/comments?post=8990"}],"version-history":[{"count":23,"href":"https:\/\/www.creas-technology.com\/index.php\/wp-json\/wp\/v2\/pages\/8990\/revisions"}],"predecessor-version":[{"id":9742,"href":"https:\/\/www.creas-technology.com\/index.php\/wp-json\/wp\/v2\/pages\/8990\/revisions\/9742"}],"wp:attachment":[{"href":"https:\/\/www.creas-technology.com\/index.php\/wp-json\/wp\/v2\/media?parent=8990"}],"curies":[{"name":"wp","href":"https:\/\/api.w.org\/{rel}","templated":true}]}}