{"id":9022,"date":"2023-05-27T15:03:40","date_gmt":"2023-05-27T12:03:40","guid":{"rendered":"https:\/\/www.creas-technology.com\/?page_id=9022"},"modified":"2023-09-17T18:20:14","modified_gmt":"2023-09-17T15:20:14","slug":"degisiklik-yonetimi","status":"publish","type":"page","link":"https:\/\/www.creas-technology.com\/index.php\/degisiklik-yonetimi\/","title":{"rendered":"De\u011fi\u015fiklik Y\u00f6netimi"},"content":{"rendered":"\t\t<div data-elementor-type=\"wp-page\" data-elementor-id=\"9022\" class=\"elementor elementor-9022\" data-elementor-settings=\"[]\">\n\t\t\t\t\t\t\t<div class=\"elementor-section-wrap\">\n\t\t\t\t\t\t\t<section class=\"elementor-section elementor-top-section elementor-element elementor-element-2c107b9 elementor-section-boxed elementor-section-height-default elementor-section-height-default\" data-id=\"2c107b9\" data-element_type=\"section\" data-settings=\"{&quot;background_background&quot;:&quot;classic&quot;}\">\n\t\t\t\t\t\t<div class=\"elementor-container elementor-column-gap-default\">\n\t\t\t\t\t<div class=\"elementor-column elementor-col-100 elementor-top-column elementor-element elementor-element-696e287\" data-id=\"696e287\" data-element_type=\"column\">\n\t\t\t<div class=\"elementor-widget-wrap elementor-element-populated\">\n\t\t\t\t\t\t\t\t<section class=\"elementor-section elementor-inner-section elementor-element elementor-element-26879b5 elementor-section-boxed elementor-section-height-default elementor-section-height-default\" data-id=\"26879b5\" data-element_type=\"section\">\n\t\t\t\t\t\t<div class=\"elementor-container elementor-column-gap-default\">\n\t\t\t\t\t<div class=\"elementor-column elementor-col-100 elementor-inner-column elementor-element elementor-element-400afe9\" data-id=\"400afe9\" data-element_type=\"column\">\n\t\t\t<div class=\"elementor-widget-wrap elementor-element-populated\">\n\t\t\t\t\t\t\t\t<div class=\"elementor-element elementor-element-fa9bdab elementor-widget elementor-widget-cryptlight_elementor_details\" data-id=\"fa9bdab\" data-element_type=\"widget\" data-widget_type=\"cryptlight_elementor_details.default\">\n\t\t\t\t<div class=\"elementor-widget-container\">\n\t\t\t\t\t\t\t\t<div class=\"ova-details linear-gradient-active\">\n\t\t\t\t\t\t\t\t\t\t\t\t\t<div class=\"desc\">\n\t\t\t\t\t\tPLM hizmetleri i\u00e7erisinde &quot;De\u011fi\u015fiklik Y\u00f6netimi&quot; \u00f6nemli bir ba\u015fl\u0131kt\u0131r. De\u011fi\u015fiklik y\u00f6netimi, bir \u00fcr\u00fcn\u00fcn veya s\u00fcrecin ya\u015fam d\u00f6ng\u00fcs\u00fc boyunca yap\u0131lan de\u011fi\u015fikliklerin etkin ve kontrol alt\u0131nda ger\u00e7ekle\u015ftirilmesini sa\u011flayan bir s\u00fcre\u00e7tir.\t\t\t\t\t<\/div>\n\t\t\t\t\t\t\t<\/div>\n\t\t\t\t<\/div>\n\t\t\t\t<\/div>\n\t\t\t\t<div class=\"elementor-element elementor-element-0563f7f elementor-widget elementor-widget-image\" data-id=\"0563f7f\" data-element_type=\"widget\" data-widget_type=\"image.default\">\n\t\t\t\t<div class=\"elementor-widget-container\">\n\t\t\t<style>\/*! elementor - v3.5.6 - 28-02-2022 *\/\n.elementor-widget-image{text-align:center}.elementor-widget-image a{display:inline-block}.elementor-widget-image a img[src$=\".svg\"]{width:48px}.elementor-widget-image img{vertical-align:middle;display:inline-block}<\/style>\t\t\t\t\t\t\t\t\t\t\t\t<img loading=\"lazy\" decoding=\"async\" width=\"640\" height=\"400\" src=\"https:\/\/www.creas-technology.com\/wp-content\/uploads\/2023\/05\/04822c_c9c807508bb24bccbce5d2cfa038e7d9mv2-1.webp\" class=\"attachment-2048x2048 size-2048x2048\" alt=\"\" srcset=\"https:\/\/www.creas-technology.com\/wp-content\/uploads\/2023\/05\/04822c_c9c807508bb24bccbce5d2cfa038e7d9mv2-1.webp 640w, https:\/\/www.creas-technology.com\/wp-content\/uploads\/2023\/05\/04822c_c9c807508bb24bccbce5d2cfa038e7d9mv2-1-300x188.webp 300w\" sizes=\"auto, (max-width: 640px) 100vw, 640px\" \/>\t\t\t\t\t\t\t\t\t\t\t\t\t\t\t<\/div>\n\t\t\t\t<\/div>\n\t\t\t\t<div class=\"elementor-element elementor-element-e13254a elementor-widget elementor-widget-cryptlight_elementor_details\" data-id=\"e13254a\" data-element_type=\"widget\" data-widget_type=\"cryptlight_elementor_details.default\">\n\t\t\t\t<div class=\"elementor-widget-container\">\n\t\t\t\t\t\t\t\t<div class=\"ova-details linear-gradient-active\">\n\t\t\t\t\t\t\t\t\t\t\t\t\t<div class=\"desc\">\n\t\t\t\t\t\tDe\u011fi\u015fiklik y\u00f6netimi genellikle a\u015fa\u011f\u0131daki ad\u0131mlar\u0131 i\u00e7erir:\t\t\t\t\t<\/div>\n\t\t\t\t\t\t\t<\/div>\n\t\t\t\t<\/div>\n\t\t\t\t<\/div>\n\t\t\t\t<div class=\"elementor-element elementor-element-40f411b elementor-widget elementor-widget-cryptlight_elementor_details\" data-id=\"40f411b\" data-element_type=\"widget\" data-widget_type=\"cryptlight_elementor_details.default\">\n\t\t\t\t<div class=\"elementor-widget-container\">\n\t\t\t\t\t\t\t\t<div class=\"ova-details linear-gradient-active\">\n\t\t\t\t\t\t\t\t\t\t\t\t\t<div class=\"desc\">\n\t\t\t\t\t\tDe\u011fi\u015fiklik \u0130stemi: De\u011fi\u015fiklik y\u00f6netimi s\u00fcreci, bir de\u011fi\u015fikli\u011fin gerek\u00e7esini ve ama\u00e7lar\u0131n\u0131 belirten bir de\u011fi\u015fiklik istemiyle ba\u015flar. Bu istem, \u00fcr\u00fcn veya s\u00fcre\u00e7teki bir sorunu d\u00fczeltmek, iyile\u015ftirmek veya optimize etmek gibi nedenlere dayanabilir.\t\t\t\t\t<\/div>\n\t\t\t\t\t\t\t<\/div>\n\t\t\t\t<\/div>\n\t\t\t\t<\/div>\n\t\t\t\t<div class=\"elementor-element elementor-element-2081c5c elementor-widget elementor-widget-cryptlight_elementor_details\" data-id=\"2081c5c\" data-element_type=\"widget\" data-widget_type=\"cryptlight_elementor_details.default\">\n\t\t\t\t<div class=\"elementor-widget-container\">\n\t\t\t\t\t\t\t\t<div class=\"ova-details linear-gradient-active\">\n\t\t\t\t\t\t\t\t\t\t\t\t\t<div class=\"desc\">\n\t\t\t\t\t\tDe\u011fi\u015fiklik De\u011ferlendirmesi: De\u011fi\u015fiklik istemi, bir de\u011ferlendirme a\u015famas\u0131ndan ge\u00e7er. Bu a\u015famada, de\u011fi\u015fikli\u011fin teknik, mali, zamanlama ve di\u011fer etkileri de\u011ferlendirilir. De\u011fi\u015fikli\u011fin yap\u0131labilirli\u011fi, etkinli\u011fi ve uygunlu\u011fu analiz edilir.\t\t\t\t\t<\/div>\n\t\t\t\t\t\t\t<\/div>\n\t\t\t\t<\/div>\n\t\t\t\t<\/div>\n\t\t\t\t<div class=\"elementor-element elementor-element-b1650f8 elementor-widget elementor-widget-cryptlight_elementor_details\" data-id=\"b1650f8\" data-element_type=\"widget\" data-widget_type=\"cryptlight_elementor_details.default\">\n\t\t\t\t<div class=\"elementor-widget-container\">\n\t\t\t\t\t\t\t\t<div class=\"ova-details linear-gradient-active\">\n\t\t\t\t\t\t\t\t\t\t\t\t\t<div class=\"desc\">\n\t\t\t\t\t\tDe\u011fi\u015fiklik Onay\u0131: De\u011ferlendirme sonucunda, de\u011fi\u015fikli\u011fin onaylanmas\u0131 veya reddedilmesi karar\u0131 verilir. Onaylanan de\u011fi\u015fiklikler, daha sonra uygulama a\u015famas\u0131na ge\u00e7er. Reddedilen de\u011fi\u015fiklikler ise gerekli d\u00fczeltmelerin yap\u0131lmas\u0131 i\u00e7in geri g\u00f6nderilir.\t\t\t\t\t<\/div>\n\t\t\t\t\t\t\t<\/div>\n\t\t\t\t<\/div>\n\t\t\t\t<\/div>\n\t\t\t\t<div class=\"elementor-element elementor-element-6d94dfe elementor-widget elementor-widget-cryptlight_elementor_details\" data-id=\"6d94dfe\" data-element_type=\"widget\" data-widget_type=\"cryptlight_elementor_details.default\">\n\t\t\t\t<div class=\"elementor-widget-container\">\n\t\t\t\t\t\t\t\t<div class=\"ova-details linear-gradient-active\">\n\t\t\t\t\t\t\t\t\t\t\t\t\t<div class=\"desc\">\n\t\t\t\t\t\tDe\u011fi\u015fiklik Uygulamas\u0131: Onaylanan de\u011fi\u015fiklikler, \u00fcr\u00fcn veya s\u00fcre\u00e7teki ilgili bile\u015fenlerde ger\u00e7ekle\u015ftirilir. Bu a\u015famada, tasar\u0131m de\u011fi\u015fiklikleri, \u00fcretim s\u00fcre\u00e7lerindeki g\u00fcncellemeler veya dok\u00fcmantasyon de\u011fi\u015fiklikleri gibi farkl\u0131 t\u00fcrde i\u015flemler yap\u0131labilir. De\u011fi\u015fikliklerin do\u011fru bir \u015fekilde uyguland\u0131\u011f\u0131ndan ve etkilenen t\u00fcm bile\u015fenlerin g\u00fcncellendi\u011finden emin olunur.\t\t\t\t\t<\/div>\n\t\t\t\t\t\t\t<\/div>\n\t\t\t\t<\/div>\n\t\t\t\t<\/div>\n\t\t\t\t<div class=\"elementor-element elementor-element-e3aae44 elementor-widget elementor-widget-cryptlight_elementor_details\" data-id=\"e3aae44\" data-element_type=\"widget\" data-widget_type=\"cryptlight_elementor_details.default\">\n\t\t\t\t<div class=\"elementor-widget-container\">\n\t\t\t\t\t\t\t\t<div class=\"ova-details linear-gradient-active\">\n\t\t\t\t\t\t\t\t\t\t\t\t\t<div class=\"desc\">\n\t\t\t\t\t\tDe\u011fi\u015fiklik Takibi ve \u0130zleme: De\u011fi\u015fiklik y\u00f6netimi s\u00fcreci, yap\u0131lan de\u011fi\u015fikliklerin takip edilmesi ve izlenmesiyle devam eder. De\u011fi\u015fikliklerin etkileri, performans, kalite veya maliyet gibi kritik parametreler \u00fczerinde s\u00fcrekli olarak de\u011ferlendirilir. Gerekti\u011finde d\u00fczeltici eylemler al\u0131nabilir veya yeni de\u011fi\u015fiklikler ba\u015flat\u0131labilir.\t\t\t\t\t<\/div>\n\t\t\t\t\t\t\t<\/div>\n\t\t\t\t<\/div>\n\t\t\t\t<\/div>\n\t\t\t\t<div class=\"elementor-element elementor-element-7032cda elementor-widget elementor-widget-cryptlight_elementor_details\" data-id=\"7032cda\" data-element_type=\"widget\" data-widget_type=\"cryptlight_elementor_details.default\">\n\t\t\t\t<div class=\"elementor-widget-container\">\n\t\t\t\t\t\t\t\t<div class=\"ova-details linear-gradient-active\">\n\t\t\t\t\t\t\t\t\t\t\t\t\t<div class=\"desc\">\n\t\t\t\t\t\tDe\u011fi\u015fiklik y\u00f6netimi, \u00fcr\u00fcn veya s\u00fcre\u00e7lerdeki de\u011fi\u015fikliklerin kontroll\u00fc bir \u015fekilde ger\u00e7ekle\u015ftirilmesini sa\u011flar. Bu sayede, \u00fcr\u00fcn kalitesi ve performans\u0131 art\u0131r\u0131labilir, hatalar azalt\u0131labilir ve s\u00fcre\u00e7lerin verimlili\u011fi art\u0131r\u0131labilir. Ayr\u0131ca, de\u011fi\u015fiklik y\u00f6netimi s\u00fcreci, uygun belgeleme sa\u011flayarak izlenebilirlik ve denetim gereksinimlerini kar\u015f\u0131lar.\t\t\t\t\t<\/div>\n\t\t\t\t\t\t\t<\/div>\n\t\t\t\t<\/div>\n\t\t\t\t<\/div>\n\t\t\t\t\t<\/div>\n\t\t<\/div>\n\t\t\t\t\t\t\t<\/div>\n\t\t<\/section>\n\t\t\t\t<section class=\"elementor-section elementor-inner-section elementor-element elementor-element-4c88e1b elementor-section-boxed elementor-section-height-default elementor-section-height-default\" data-id=\"4c88e1b\" data-element_type=\"section\">\n\t\t\t\t\t\t<div class=\"elementor-container elementor-column-gap-default\">\n\t\t\t\t\t<div class=\"elementor-column elementor-col-100 elementor-inner-column elementor-element elementor-element-624a5c0\" data-id=\"624a5c0\" data-element_type=\"column\">\n\t\t\t<div class=\"elementor-widget-wrap elementor-element-populated\">\n\t\t\t\t\t\t\t\t<div class=\"elementor-element elementor-element-371fbda elementor-widget elementor-widget-heading\" data-id=\"371fbda\" data-element_type=\"widget\" data-widget_type=\"heading.default\">\n\t\t\t\t<div class=\"elementor-widget-container\">\n\t\t\t<style>\/*! elementor - v3.5.6 - 28-02-2022 *\/\n.elementor-heading-title{padding:0;margin:0;line-height:1}.elementor-widget-heading .elementor-heading-title[class*=elementor-size-]>a{color:inherit;font-size:inherit;line-height:inherit}.elementor-widget-heading .elementor-heading-title.elementor-size-small{font-size:15px}.elementor-widget-heading .elementor-heading-title.elementor-size-medium{font-size:19px}.elementor-widget-heading .elementor-heading-title.elementor-size-large{font-size:29px}.elementor-widget-heading .elementor-heading-title.elementor-size-xl{font-size:39px}.elementor-widget-heading .elementor-heading-title.elementor-size-xxl{font-size:59px}<\/style><h2 class=\"elementor-heading-title elementor-size-default\"><a href=\"https:\/\/www.plm.automation.siemens.com\/global\/en\/search.html?query=Change+Management\" target=\"_blank\">Siemens'in sayfas\u0131ndan daha fazla bilgiye eri\u015fmek i\u00e7in t\u0131klay\u0131n\u0131z.<\/a><\/h2>\t\t<\/div>\n\t\t\t\t<\/div>\n\t\t\t\t\t<\/div>\n\t\t<\/div>\n\t\t\t\t\t\t\t<\/div>\n\t\t<\/section>\n\t\t\t\t\t<\/div>\n\t\t<\/div>\n\t\t\t\t\t\t\t<\/div>\n\t\t<\/section>\n\t\t\t\t\t\t<\/div>\n\t\t\t\t\t<\/div>\n\t\t","protected":false},"excerpt":{"rendered":"<p>PLM hizmetleri i\u00e7erisinde &quot;De\u011fi\u015fiklik Y\u00f6netimi&quot; \u00f6nemli bir ba\u015fl\u0131kt\u0131r. De\u011fi\u015fiklik y\u00f6netimi, bir \u00fcr\u00fcn\u00fcn veya s\u00fcrecin ya\u015fam d\u00f6ng\u00fcs\u00fc boyunca yap\u0131lan de\u011fi\u015fikliklerin etkin ve kontrol alt\u0131nda ger\u00e7ekle\u015ftirilmesini sa\u011flayan bir s\u00fcre\u00e7tir. De\u011fi\u015fiklik y\u00f6netimi genellikle a\u015fa\u011f\u0131daki ad\u0131mlar\u0131 i\u00e7erir: De\u011fi\u015fiklik \u0130stemi: De\u011fi\u015fiklik y\u00f6netimi s\u00fcreci, bir de\u011fi\u015fikli\u011fin gerek\u00e7esini ve ama\u00e7lar\u0131n\u0131 belirten bir de\u011fi\u015fiklik istemiyle ba\u015flar. Bu istem, \u00fcr\u00fcn veya s\u00fcre\u00e7teki bir sorunu [&hellip;]<\/p>\n","protected":false},"author":2,"featured_media":0,"parent":0,"menu_order":0,"comment_status":"closed","ping_status":"closed","template":"elementor_header_footer","meta":{"footnotes":""},"class_list":["post-9022","page","type-page","status-publish","hentry"],"_links":{"self":[{"href":"https:\/\/www.creas-technology.com\/index.php\/wp-json\/wp\/v2\/pages\/9022","targetHints":{"allow":["GET"]}}],"collection":[{"href":"https:\/\/www.creas-technology.com\/index.php\/wp-json\/wp\/v2\/pages"}],"about":[{"href":"https:\/\/www.creas-technology.com\/index.php\/wp-json\/wp\/v2\/types\/page"}],"author":[{"embeddable":true,"href":"https:\/\/www.creas-technology.com\/index.php\/wp-json\/wp\/v2\/users\/2"}],"replies":[{"embeddable":true,"href":"https:\/\/www.creas-technology.com\/index.php\/wp-json\/wp\/v2\/comments?post=9022"}],"version-history":[{"count":17,"href":"https:\/\/www.creas-technology.com\/index.php\/wp-json\/wp\/v2\/pages\/9022\/revisions"}],"predecessor-version":[{"id":9722,"href":"https:\/\/www.creas-technology.com\/index.php\/wp-json\/wp\/v2\/pages\/9022\/revisions\/9722"}],"wp:attachment":[{"href":"https:\/\/www.creas-technology.com\/index.php\/wp-json\/wp\/v2\/media?parent=9022"}],"curies":[{"name":"wp","href":"https:\/\/api.w.org\/{rel}","templated":true}]}}