{"id":9044,"date":"2023-05-27T15:48:53","date_gmt":"2023-05-27T12:48:53","guid":{"rendered":"https:\/\/www.creas-technology.com\/?page_id=9044"},"modified":"2023-09-17T18:27:08","modified_gmt":"2023-09-17T15:27:08","slug":"sistem-muhendisligi-ve-gereksinim-yonetimi","status":"publish","type":"page","link":"https:\/\/www.creas-technology.com\/index.php\/sistem-muhendisligi-ve-gereksinim-yonetimi\/","title":{"rendered":"Sistem M\u00fchendisli\u011fi ve Gereksinim Y\u00f6netimi"},"content":{"rendered":"\t\t<div data-elementor-type=\"wp-page\" data-elementor-id=\"9044\" class=\"elementor elementor-9044\" data-elementor-settings=\"[]\">\n\t\t\t\t\t\t\t<div class=\"elementor-section-wrap\">\n\t\t\t\t\t\t\t<section class=\"elementor-section elementor-top-section elementor-element elementor-element-25e3ee7 elementor-section-boxed elementor-section-height-default elementor-section-height-default\" data-id=\"25e3ee7\" data-element_type=\"section\" data-settings=\"{&quot;background_background&quot;:&quot;classic&quot;}\">\n\t\t\t\t\t\t<div class=\"elementor-container elementor-column-gap-default\">\n\t\t\t\t\t<div class=\"elementor-column elementor-col-100 elementor-top-column elementor-element elementor-element-ec1b872\" data-id=\"ec1b872\" data-element_type=\"column\">\n\t\t\t<div class=\"elementor-widget-wrap elementor-element-populated\">\n\t\t\t\t\t\t\t\t<section class=\"elementor-section elementor-inner-section elementor-element elementor-element-c8739a6 elementor-section-boxed elementor-section-height-default elementor-section-height-default\" data-id=\"c8739a6\" data-element_type=\"section\">\n\t\t\t\t\t\t<div class=\"elementor-container elementor-column-gap-default\">\n\t\t\t\t\t<div class=\"elementor-column elementor-col-100 elementor-inner-column elementor-element elementor-element-0753f95\" data-id=\"0753f95\" data-element_type=\"column\">\n\t\t\t<div class=\"elementor-widget-wrap elementor-element-populated\">\n\t\t\t\t\t\t\t\t<div class=\"elementor-element elementor-element-b384e5d elementor-widget elementor-widget-cryptlight_elementor_details\" data-id=\"b384e5d\" data-element_type=\"widget\" data-widget_type=\"cryptlight_elementor_details.default\">\n\t\t\t\t<div class=\"elementor-widget-container\">\n\t\t\t\t\t\t\t\t<div class=\"ova-details linear-gradient-active\">\n\t\t\t\t\t\t\t\t\t\t\t\t\t<div class=\"desc\">\n\t\t\t\t\t\tPLM hizmetleri i\u00e7erisinde &quot;Sistem M\u00fchendisli\u011fi ve Gereksinim Y\u00f6netimi&quot; ba\u015fl\u0131\u011f\u0131 \u00f6nemli bir konudur. Sistem m\u00fchendisli\u011fi, bir \u00fcr\u00fcn\u00fcn veya sistem&#039;in gereksinimlerini belirleme, analiz etme, tasarlama, geli\u015ftirme, uygulama ve y\u00f6netme s\u00fcrecidir. Gereksinim y\u00f6netimi ise bu s\u00fcrecin bir par\u00e7as\u0131d\u0131r ve \u00fcr\u00fcn\u00fcn gereksinimlerini etkin bir \u015fekilde tan\u0131mlamay\u0131, izlemeyi ve kontrol etmeyi sa\u011flar.\t\t\t\t\t<\/div>\n\t\t\t\t\t\t\t<\/div>\n\t\t\t\t<\/div>\n\t\t\t\t<\/div>\n\t\t\t\t<div class=\"elementor-element elementor-element-571fad0 elementor-widget elementor-widget-image\" data-id=\"571fad0\" data-element_type=\"widget\" data-widget_type=\"image.default\">\n\t\t\t\t<div class=\"elementor-widget-container\">\n\t\t\t<style>\/*! elementor - v3.5.6 - 28-02-2022 *\/\n.elementor-widget-image{text-align:center}.elementor-widget-image a{display:inline-block}.elementor-widget-image a img[src$=\".svg\"]{width:48px}.elementor-widget-image img{vertical-align:middle;display:inline-block}<\/style>\t\t\t\t\t\t\t\t\t\t\t\t<img loading=\"lazy\" decoding=\"async\" width=\"567\" height=\"566\" src=\"https:\/\/www.creas-technology.com\/wp-content\/uploads\/2023\/05\/234586_PLM.jpeg\" class=\"attachment-2048x2048 size-2048x2048\" alt=\"\" srcset=\"https:\/\/www.creas-technology.com\/wp-content\/uploads\/2023\/05\/234586_PLM.jpeg 567w, https:\/\/www.creas-technology.com\/wp-content\/uploads\/2023\/05\/234586_PLM-300x300.jpeg 300w, https:\/\/www.creas-technology.com\/wp-content\/uploads\/2023\/05\/234586_PLM-150x150.jpeg 150w\" sizes=\"auto, (max-width: 567px) 100vw, 567px\" \/>\t\t\t\t\t\t\t\t\t\t\t\t\t\t\t<\/div>\n\t\t\t\t<\/div>\n\t\t\t\t<div class=\"elementor-element elementor-element-e1e594a elementor-widget elementor-widget-cryptlight_elementor_details\" data-id=\"e1e594a\" data-element_type=\"widget\" data-widget_type=\"cryptlight_elementor_details.default\">\n\t\t\t\t<div class=\"elementor-widget-container\">\n\t\t\t\t\t\t\t\t<div class=\"ova-details linear-gradient-active\">\n\t\t\t\t\t\t\t\t\t\t\t\t\t<div class=\"desc\">\n\t\t\t\t\t\tSistem m\u00fchendisli\u011fi ve gereksinim y\u00f6netimi genellikle a\u015fa\u011f\u0131daki ad\u0131mlar\u0131 i\u00e7erir:\t\t\t\t\t<\/div>\n\t\t\t\t\t\t\t<\/div>\n\t\t\t\t<\/div>\n\t\t\t\t<\/div>\n\t\t\t\t<div class=\"elementor-element elementor-element-a972d77 elementor-widget elementor-widget-cryptlight_elementor_details\" data-id=\"a972d77\" data-element_type=\"widget\" data-widget_type=\"cryptlight_elementor_details.default\">\n\t\t\t\t<div class=\"elementor-widget-container\">\n\t\t\t\t\t\t\t\t<div class=\"ova-details linear-gradient-active\">\n\t\t\t\t\t\t\t\t\t\t\t\t\t<div class=\"desc\">\n\t\t\t\t\t\tGereksinim Belirleme: \u00dcr\u00fcn veya sistem i\u00e7in gerekli olan i\u015flevler, performans \u00f6zellikleri, k\u0131s\u0131tlamalar ve di\u011fer gereksinimler belirlenir. Bu ad\u0131m, m\u00fc\u015fteri taleplerini, pazar gereksinimlerini ve yasal d\u00fczenlemeleri dikkate alarak ger\u00e7ekle\u015ftirilir.\t\t\t\t\t<\/div>\n\t\t\t\t\t\t\t<\/div>\n\t\t\t\t<\/div>\n\t\t\t\t<\/div>\n\t\t\t\t<div class=\"elementor-element elementor-element-945d558 elementor-widget elementor-widget-cryptlight_elementor_details\" data-id=\"945d558\" data-element_type=\"widget\" data-widget_type=\"cryptlight_elementor_details.default\">\n\t\t\t\t<div class=\"elementor-widget-container\">\n\t\t\t\t\t\t\t\t<div class=\"ova-details linear-gradient-active\">\n\t\t\t\t\t\t\t\t\t\t\t\t\t<div class=\"desc\">\n\t\t\t\t\t\tGereksinim Analizi: Belirlenen gereksinimler ayr\u0131nt\u0131l\u0131 olarak analiz edilir ve do\u011fruluklar\u0131, eksiksizlikleri ve tutarl\u0131l\u0131klar\u0131 kontrol edilir. Gereksinimlerin \u00f6ncelikleri belirlenir ve ba\u011f\u0131ml\u0131l\u0131klar g\u00f6z \u00f6n\u00fcnde bulundurulur.\t\t\t\t\t<\/div>\n\t\t\t\t\t\t\t<\/div>\n\t\t\t\t<\/div>\n\t\t\t\t<\/div>\n\t\t\t\t<div class=\"elementor-element elementor-element-28bb8d4 elementor-widget elementor-widget-cryptlight_elementor_details\" data-id=\"28bb8d4\" data-element_type=\"widget\" data-widget_type=\"cryptlight_elementor_details.default\">\n\t\t\t\t<div class=\"elementor-widget-container\">\n\t\t\t\t\t\t\t\t<div class=\"ova-details linear-gradient-active\">\n\t\t\t\t\t\t\t\t\t\t\t\t\t<div class=\"desc\">\n\t\t\t\t\t\tGereksinim Dok\u00fcmantasyonu: Gereksinimler sistematik bir \u015fekilde belgelenir. Bu, gereksinimlerin a\u00e7\u0131k\u00e7a tan\u0131mlanmas\u0131, \u00f6l\u00e7\u00fclebilir olmas\u0131, izlenebilir olmas\u0131 ve gerekti\u011finde g\u00fcncellenmesini sa\u011flar. Gereksinim belgeleri, ekip \u00fcyeleri ve payda\u015flar aras\u0131nda bir anlay\u0131\u015f birli\u011fi sa\u011flar.\t\t\t\t\t<\/div>\n\t\t\t\t\t\t\t<\/div>\n\t\t\t\t<\/div>\n\t\t\t\t<\/div>\n\t\t\t\t<div class=\"elementor-element elementor-element-5ac60ad elementor-widget elementor-widget-cryptlight_elementor_details\" data-id=\"5ac60ad\" data-element_type=\"widget\" data-widget_type=\"cryptlight_elementor_details.default\">\n\t\t\t\t<div class=\"elementor-widget-container\">\n\t\t\t\t\t\t\t\t<div class=\"ova-details linear-gradient-active\">\n\t\t\t\t\t\t\t\t\t\t\t\t\t<div class=\"desc\">\n\t\t\t\t\t\tGereksinim \u0130zleme ve Kontrol: Belirlenen gereksinimlerin de\u011fi\u015fikliklerini izlemek ve kontrol etmek \u00f6nemlidir. Gereksinim de\u011fi\u015fiklikleri do\u011fru bir \u015fekilde y\u00f6netilir ve etkileri de\u011ferlendirilir. De\u011fi\u015fikliklerin y\u00f6netim s\u00fcreci takip edilerek gereksinimlerin tutarl\u0131l\u0131\u011f\u0131 ve b\u00fct\u00fcnl\u00fc\u011f\u00fc korunur.\t\t\t\t\t<\/div>\n\t\t\t\t\t\t\t<\/div>\n\t\t\t\t<\/div>\n\t\t\t\t<\/div>\n\t\t\t\t<div class=\"elementor-element elementor-element-b87cc08 elementor-widget elementor-widget-cryptlight_elementor_details\" data-id=\"b87cc08\" data-element_type=\"widget\" data-widget_type=\"cryptlight_elementor_details.default\">\n\t\t\t\t<div class=\"elementor-widget-container\">\n\t\t\t\t\t\t\t\t<div class=\"ova-details linear-gradient-active\">\n\t\t\t\t\t\t\t\t\t\t\t\t\t<div class=\"desc\">\n\t\t\t\t\t\tGereksinim Do\u011frulama: Belirlenen gereksinimlerin \u00fcr\u00fcn veya sistem taraf\u0131ndan kar\u015f\u0131lan\u0131p kar\u015f\u0131lanmad\u0131\u011f\u0131 do\u011frulan\u0131r. Bu, gereksinimlerin test edilmesini, do\u011fruluklar\u0131n\u0131n kontrol edilmesini ve kabul kriterlerine uygunlu\u011funun de\u011ferlendirilmesini i\u00e7erir.\t\t\t\t\t<\/div>\n\t\t\t\t\t\t\t<\/div>\n\t\t\t\t<\/div>\n\t\t\t\t<\/div>\n\t\t\t\t<div class=\"elementor-element elementor-element-1ffbd23 elementor-widget elementor-widget-cryptlight_elementor_details\" data-id=\"1ffbd23\" data-element_type=\"widget\" data-widget_type=\"cryptlight_elementor_details.default\">\n\t\t\t\t<div class=\"elementor-widget-container\">\n\t\t\t\t\t\t\t\t<div class=\"ova-details linear-gradient-active\">\n\t\t\t\t\t\t\t\t\t\t\t\t\t<div class=\"desc\">\n\t\t\t\t\t\tSistem m\u00fchendisli\u011fi ve gereksinim y\u00f6netimi, \u00fcr\u00fcn veya sistem geli\u015ftirme s\u00fcrecinde disiplinli bir yakla\u015f\u0131m sa\u011flar. Bu s\u00fcre\u00e7, m\u00fc\u015fteri gereksinimlerinin do\u011fru bir \u015fekilde anla\u015f\u0131lmas\u0131n\u0131, \u00fcr\u00fcn veya sistem tasar\u0131m\u0131n\u0131n buna g\u00f6re ger\u00e7ekle\u015ftirilmesini ve sonu\u00e7 olarak m\u00fc\u015fteri memnuniyetini art\u0131r\u0131r. Ayr\u0131ca, gereksinim y\u00f6netimi, de\u011fi\u015fikliklerin kontroll\u00fc bir \u015fekilde y\u00f6netilmesini ve gereksinimlerin tutarl\u0131l\u0131k ve b\u00fct\u00fcnl\u00fc\u011f\u00fcn\u00fcn korunmas\u0131n\u0131 sa\u011flar.\t\t\t\t\t<\/div>\n\t\t\t\t\t\t\t<\/div>\n\t\t\t\t<\/div>\n\t\t\t\t<\/div>\n\t\t\t\t\t<\/div>\n\t\t<\/div>\n\t\t\t\t\t\t\t<\/div>\n\t\t<\/section>\n\t\t\t\t<section class=\"elementor-section elementor-inner-section elementor-element elementor-element-71ca231 elementor-section-boxed elementor-section-height-default elementor-section-height-default\" data-id=\"71ca231\" data-element_type=\"section\">\n\t\t\t\t\t\t<div class=\"elementor-container elementor-column-gap-default\">\n\t\t\t\t\t<div class=\"elementor-column elementor-col-100 elementor-inner-column elementor-element elementor-element-88146c1\" data-id=\"88146c1\" data-element_type=\"column\">\n\t\t\t<div class=\"elementor-widget-wrap elementor-element-populated\">\n\t\t\t\t\t\t\t\t<div class=\"elementor-element elementor-element-006ee48 elementor-widget elementor-widget-heading\" data-id=\"006ee48\" data-element_type=\"widget\" data-widget_type=\"heading.default\">\n\t\t\t\t<div class=\"elementor-widget-container\">\n\t\t\t<style>\/*! elementor - v3.5.6 - 28-02-2022 *\/\n.elementor-heading-title{padding:0;margin:0;line-height:1}.elementor-widget-heading .elementor-heading-title[class*=elementor-size-]>a{color:inherit;font-size:inherit;line-height:inherit}.elementor-widget-heading .elementor-heading-title.elementor-size-small{font-size:15px}.elementor-widget-heading .elementor-heading-title.elementor-size-medium{font-size:19px}.elementor-widget-heading .elementor-heading-title.elementor-size-large{font-size:29px}.elementor-widget-heading .elementor-heading-title.elementor-size-xl{font-size:39px}.elementor-widget-heading .elementor-heading-title.elementor-size-xxl{font-size:59px}<\/style><h2 class=\"elementor-heading-title elementor-size-default\"><a href=\"https:\/\/www.plm.automation.siemens.com\/global\/en\/search.html?query=System+Engineering+%26+Requirement+Management\" target=\"_blank\">Siemens'in sayfas\u0131ndan daha fazla bilgiye eri\u015fmek i\u00e7in t\u0131klay\u0131n\u0131z.<\/a><\/h2>\t\t<\/div>\n\t\t\t\t<\/div>\n\t\t\t\t\t<\/div>\n\t\t<\/div>\n\t\t\t\t\t\t\t<\/div>\n\t\t<\/section>\n\t\t\t\t\t<\/div>\n\t\t<\/div>\n\t\t\t\t\t\t\t<\/div>\n\t\t<\/section>\n\t\t\t\t\t\t<\/div>\n\t\t\t\t\t<\/div>\n\t\t","protected":false},"excerpt":{"rendered":"<p>PLM hizmetleri i\u00e7erisinde &quot;Sistem M\u00fchendisli\u011fi ve Gereksinim Y\u00f6netimi&quot; ba\u015fl\u0131\u011f\u0131 \u00f6nemli bir konudur. Sistem m\u00fchendisli\u011fi, bir \u00fcr\u00fcn\u00fcn veya sistem&#039;in gereksinimlerini belirleme, analiz etme, tasarlama, geli\u015ftirme, uygulama ve y\u00f6netme s\u00fcrecidir. Gereksinim y\u00f6netimi ise bu s\u00fcrecin bir par\u00e7as\u0131d\u0131r ve \u00fcr\u00fcn\u00fcn gereksinimlerini etkin bir \u015fekilde tan\u0131mlamay\u0131, izlemeyi ve kontrol etmeyi sa\u011flar. Sistem m\u00fchendisli\u011fi ve gereksinim y\u00f6netimi genellikle a\u015fa\u011f\u0131daki ad\u0131mlar\u0131 [&hellip;]<\/p>\n","protected":false},"author":2,"featured_media":0,"parent":0,"menu_order":0,"comment_status":"closed","ping_status":"closed","template":"elementor_header_footer","meta":{"footnotes":""},"class_list":["post-9044","page","type-page","status-publish","hentry"],"_links":{"self":[{"href":"https:\/\/www.creas-technology.com\/index.php\/wp-json\/wp\/v2\/pages\/9044","targetHints":{"allow":["GET"]}}],"collection":[{"href":"https:\/\/www.creas-technology.com\/index.php\/wp-json\/wp\/v2\/pages"}],"about":[{"href":"https:\/\/www.creas-technology.com\/index.php\/wp-json\/wp\/v2\/types\/page"}],"author":[{"embeddable":true,"href":"https:\/\/www.creas-technology.com\/index.php\/wp-json\/wp\/v2\/users\/2"}],"replies":[{"embeddable":true,"href":"https:\/\/www.creas-technology.com\/index.php\/wp-json\/wp\/v2\/comments?post=9044"}],"version-history":[{"count":20,"href":"https:\/\/www.creas-technology.com\/index.php\/wp-json\/wp\/v2\/pages\/9044\/revisions"}],"predecessor-version":[{"id":9737,"href":"https:\/\/www.creas-technology.com\/index.php\/wp-json\/wp\/v2\/pages\/9044\/revisions\/9737"}],"wp:attachment":[{"href":"https:\/\/www.creas-technology.com\/index.php\/wp-json\/wp\/v2\/media?parent=9044"}],"curies":[{"name":"wp","href":"https:\/\/api.w.org\/{rel}","templated":true}]}}