{"id":9069,"date":"2023-05-27T16:34:21","date_gmt":"2023-05-27T13:34:21","guid":{"rendered":"https:\/\/www.creas-technology.com\/?page_id=9069"},"modified":"2023-09-17T18:25:22","modified_gmt":"2023-09-17T15:25:22","slug":"program-yonetimi","status":"publish","type":"page","link":"https:\/\/www.creas-technology.com\/index.php\/program-yonetimi\/","title":{"rendered":"Program Y\u00f6netimi"},"content":{"rendered":"\t\t<div data-elementor-type=\"wp-page\" data-elementor-id=\"9069\" class=\"elementor elementor-9069\" data-elementor-settings=\"[]\">\n\t\t\t\t\t\t\t<div class=\"elementor-section-wrap\">\n\t\t\t\t\t\t\t<section class=\"elementor-section elementor-top-section elementor-element elementor-element-f726c86 elementor-section-boxed elementor-section-height-default elementor-section-height-default\" data-id=\"f726c86\" data-element_type=\"section\" data-settings=\"{&quot;background_background&quot;:&quot;classic&quot;}\">\n\t\t\t\t\t\t<div class=\"elementor-container elementor-column-gap-default\">\n\t\t\t\t\t<div class=\"elementor-column elementor-col-100 elementor-top-column elementor-element elementor-element-6738d8f\" data-id=\"6738d8f\" data-element_type=\"column\">\n\t\t\t<div class=\"elementor-widget-wrap elementor-element-populated\">\n\t\t\t\t\t\t\t\t<section class=\"elementor-section elementor-inner-section elementor-element elementor-element-2063cad elementor-section-boxed elementor-section-height-default elementor-section-height-default\" data-id=\"2063cad\" data-element_type=\"section\">\n\t\t\t\t\t\t<div class=\"elementor-container elementor-column-gap-default\">\n\t\t\t\t\t<div class=\"elementor-column elementor-col-100 elementor-inner-column elementor-element elementor-element-a8a1a68\" data-id=\"a8a1a68\" data-element_type=\"column\">\n\t\t\t<div class=\"elementor-widget-wrap elementor-element-populated\">\n\t\t\t\t\t\t\t\t<div class=\"elementor-element elementor-element-a296cdc elementor-widget elementor-widget-cryptlight_elementor_details\" data-id=\"a296cdc\" data-element_type=\"widget\" data-widget_type=\"cryptlight_elementor_details.default\">\n\t\t\t\t<div class=\"elementor-widget-container\">\n\t\t\t\t\t\t\t\t<div class=\"ova-details linear-gradient-active\">\n\t\t\t\t\t\t\t\t\t\t\t\t\t<div class=\"desc\">\n\t\t\t\t\t\tPLM hizmetleri i\u00e7erisinde &quot;Program Y\u00f6netimi&quot; ba\u015fl\u0131\u011f\u0131 \u00f6nemli bir konudur. Program y\u00f6netimi, birden fazla proje veya inisiyatifin koordinasyonu, y\u00f6netimi ve entegrasyonunu sa\u011flayan disiplinleraras\u0131 bir yakla\u015f\u0131md\u0131r.\t\t\t\t\t<\/div>\n\t\t\t\t\t\t\t<\/div>\n\t\t\t\t<\/div>\n\t\t\t\t<\/div>\n\t\t\t\t<div class=\"elementor-element elementor-element-7c7bd50 elementor-widget elementor-widget-image\" data-id=\"7c7bd50\" data-element_type=\"widget\" data-widget_type=\"image.default\">\n\t\t\t\t<div class=\"elementor-widget-container\">\n\t\t\t<style>\/*! elementor - v3.5.6 - 28-02-2022 *\/\n.elementor-widget-image{text-align:center}.elementor-widget-image a{display:inline-block}.elementor-widget-image a img[src$=\".svg\"]{width:48px}.elementor-widget-image img{vertical-align:middle;display:inline-block}<\/style>\t\t\t\t\t\t\t\t\t\t\t\t<img loading=\"lazy\" decoding=\"async\" width=\"1030\" height=\"579\" src=\"https:\/\/www.creas-technology.com\/wp-content\/uploads\/2023\/05\/hjk-1030x579-1.jpg\" class=\"attachment-full size-full\" alt=\"\" srcset=\"https:\/\/www.creas-technology.com\/wp-content\/uploads\/2023\/05\/hjk-1030x579-1.jpg 1030w, https:\/\/www.creas-technology.com\/wp-content\/uploads\/2023\/05\/hjk-1030x579-1-300x169.jpg 300w, https:\/\/www.creas-technology.com\/wp-content\/uploads\/2023\/05\/hjk-1030x579-1-1024x576.jpg 1024w, https:\/\/www.creas-technology.com\/wp-content\/uploads\/2023\/05\/hjk-1030x579-1-768x432.jpg 768w\" sizes=\"auto, (max-width: 1030px) 100vw, 1030px\" \/>\t\t\t\t\t\t\t\t\t\t\t\t\t\t\t<\/div>\n\t\t\t\t<\/div>\n\t\t\t\t<div class=\"elementor-element elementor-element-c270a53 elementor-widget elementor-widget-cryptlight_elementor_details\" data-id=\"c270a53\" data-element_type=\"widget\" data-widget_type=\"cryptlight_elementor_details.default\">\n\t\t\t\t<div class=\"elementor-widget-container\">\n\t\t\t\t\t\t\t\t<div class=\"ova-details linear-gradient-active\">\n\t\t\t\t\t\t\t\t\t\t\t\t\t<div class=\"desc\">\n\t\t\t\t\t\tProgram y\u00f6netimi genellikle a\u015fa\u011f\u0131daki bile\u015fenleri i\u00e7erir:\t\t\t\t\t<\/div>\n\t\t\t\t\t\t\t<\/div>\n\t\t\t\t<\/div>\n\t\t\t\t<\/div>\n\t\t\t\t<div class=\"elementor-element elementor-element-c131cfb elementor-widget elementor-widget-cryptlight_elementor_details\" data-id=\"c131cfb\" data-element_type=\"widget\" data-widget_type=\"cryptlight_elementor_details.default\">\n\t\t\t\t<div class=\"elementor-widget-container\">\n\t\t\t\t\t\t\t\t<div class=\"ova-details linear-gradient-active\">\n\t\t\t\t\t\t\t\t\t\t\t\t\t<div class=\"desc\">\n\t\t\t\t\t\tProgram Hedefleri ve Stratejisi: Program\u0131n hedefleri ve stratejisi belirlenir. Bu, program\u0131n ama\u00e7lar\u0131n\u0131, beklenen sonu\u00e7lar\u0131 ve stratejik hedeflerini tan\u0131mlar.\t\t\t\t\t<\/div>\n\t\t\t\t\t\t\t<\/div>\n\t\t\t\t<\/div>\n\t\t\t\t<\/div>\n\t\t\t\t<div class=\"elementor-element elementor-element-bfccef4 elementor-widget elementor-widget-cryptlight_elementor_details\" data-id=\"bfccef4\" data-element_type=\"widget\" data-widget_type=\"cryptlight_elementor_details.default\">\n\t\t\t\t<div class=\"elementor-widget-container\">\n\t\t\t\t\t\t\t\t<div class=\"ova-details linear-gradient-active\">\n\t\t\t\t\t\t\t\t\t\t\t\t\t<div class=\"desc\">\n\t\t\t\t\t\tProgram Planlama: Program\u0131n planlanmas\u0131, kaynak tahsisi, zamanlama, risk y\u00f6netimi ve ileti\u015fim stratejilerini i\u00e7erir. Proje ve faaliyetlerin birbiriyle senkronize edildi\u011fi bir program plan\u0131 olu\u015fturulur.\t\t\t\t\t<\/div>\n\t\t\t\t\t\t\t<\/div>\n\t\t\t\t<\/div>\n\t\t\t\t<\/div>\n\t\t\t\t<div class=\"elementor-element elementor-element-914beed elementor-widget elementor-widget-cryptlight_elementor_details\" data-id=\"914beed\" data-element_type=\"widget\" data-widget_type=\"cryptlight_elementor_details.default\">\n\t\t\t\t<div class=\"elementor-widget-container\">\n\t\t\t\t\t\t\t\t<div class=\"ova-details linear-gradient-active\">\n\t\t\t\t\t\t\t\t\t\t\t\t\t<div class=\"desc\">\n\t\t\t\t\t\tProgram Koordinasyonu: Farkl\u0131 projelerin ve faaliyetlerin uyumlu bir \u015fekilde ilerlemesini sa\u011flamak i\u00e7in program koordinasyonu yap\u0131l\u0131r. Bu, kaynaklar\u0131n etkin bir \u015fekilde kullan\u0131lmas\u0131n\u0131, proje etkile\u015fimlerinin y\u00f6netilmesini ve bilgi payla\u015f\u0131m\u0131n\u0131n sa\u011flanmas\u0131n\u0131 i\u00e7erir.\t\t\t\t\t<\/div>\n\t\t\t\t\t\t\t<\/div>\n\t\t\t\t<\/div>\n\t\t\t\t<\/div>\n\t\t\t\t<div class=\"elementor-element elementor-element-f0d87d0 elementor-widget elementor-widget-cryptlight_elementor_details\" data-id=\"f0d87d0\" data-element_type=\"widget\" data-widget_type=\"cryptlight_elementor_details.default\">\n\t\t\t\t<div class=\"elementor-widget-container\">\n\t\t\t\t\t\t\t\t<div class=\"ova-details linear-gradient-active\">\n\t\t\t\t\t\t\t\t\t\t\t\t\t<div class=\"desc\">\n\t\t\t\t\t\tKaynak Y\u00f6netimi: Programdaki projeler aras\u0131nda kaynaklar\u0131n etkin bir \u015fekilde tahsis edilmesi ve y\u00f6netilmesi \u00f6nemlidir. Bu, insan kaynaklar\u0131, finansal kaynaklar, ekipman ve altyap\u0131 gibi kaynaklar\u0131n program\u0131n gereksinimlerine uygun olarak planlanmas\u0131n\u0131 ve kullan\u0131lmas\u0131n\u0131 sa\u011flar.\t\t\t\t\t<\/div>\n\t\t\t\t\t\t\t<\/div>\n\t\t\t\t<\/div>\n\t\t\t\t<\/div>\n\t\t\t\t<div class=\"elementor-element elementor-element-c456ab2 elementor-widget elementor-widget-cryptlight_elementor_details\" data-id=\"c456ab2\" data-element_type=\"widget\" data-widget_type=\"cryptlight_elementor_details.default\">\n\t\t\t\t<div class=\"elementor-widget-container\">\n\t\t\t\t\t\t\t\t<div class=\"ova-details linear-gradient-active\">\n\t\t\t\t\t\t\t\t\t\t\t\t\t<div class=\"desc\">\n\t\t\t\t\t\tRisk Y\u00f6netimi: Programda ortaya \u00e7\u0131kabilecek risklerin tan\u0131mlanmas\u0131, de\u011ferlendirilmesi ve y\u00f6netimi ger\u00e7ekle\u015ftirilir. Risklerin etkileri de\u011ferlendirilir ve risk azaltma veya \u00f6nleme stratejileri uygulan\u0131r.\t\t\t\t\t<\/div>\n\t\t\t\t\t\t\t<\/div>\n\t\t\t\t<\/div>\n\t\t\t\t<\/div>\n\t\t\t\t<div class=\"elementor-element elementor-element-47afc75 elementor-widget elementor-widget-cryptlight_elementor_details\" data-id=\"47afc75\" data-element_type=\"widget\" data-widget_type=\"cryptlight_elementor_details.default\">\n\t\t\t\t<div class=\"elementor-widget-container\">\n\t\t\t\t\t\t\t\t<div class=\"ova-details linear-gradient-active\">\n\t\t\t\t\t\t\t\t\t\t\t\t\t<div class=\"desc\">\n\t\t\t\t\t\t\u0130lerleme \u0130zleme ve Raporlama: Program\u0131n ilerlemesi d\u00fczenli olarak izlenir ve raporlan\u0131r. Proje ve faaliyetlerin durumu, maliyetler, zamanlama ve di\u011fer \u00f6nemli parametreler g\u00f6zden ge\u00e7irilir. B\u00f6ylece program\u0131n ilerlemesi ve performans\u0131 takip edilir.\t\t\t\t\t<\/div>\n\t\t\t\t\t\t\t<\/div>\n\t\t\t\t<\/div>\n\t\t\t\t<\/div>\n\t\t\t\t<div class=\"elementor-element elementor-element-9136404 elementor-widget elementor-widget-cryptlight_elementor_details\" data-id=\"9136404\" data-element_type=\"widget\" data-widget_type=\"cryptlight_elementor_details.default\">\n\t\t\t\t<div class=\"elementor-widget-container\">\n\t\t\t\t\t\t\t\t<div class=\"ova-details linear-gradient-active\">\n\t\t\t\t\t\t\t\t\t\t\t\t\t<div class=\"desc\">\n\t\t\t\t\t\tProgram y\u00f6netimi, karma\u015f\u0131k ve b\u00fcy\u00fck \u00f6l\u00e7ekli projelerin koordinasyonunu ve ba\u015far\u0131l\u0131 bir \u015fekilde tamamlanmas\u0131n\u0131 sa\u011flar. Program y\u00f6netimi, proje etkile\u015fimlerini y\u00f6netir, kaynaklar\u0131 etkin bir \u015fekilde tahsis eder, riskleri y\u00f6netir ve ileti\u015fimi kolayla\u015ft\u0131r\u0131r. Bu sayede, program hedefleri ve stratejik ama\u00e7lar ba\u015far\u0131yla ger\u00e7ekle\u015ftirilebilir.\t\t\t\t\t<\/div>\n\t\t\t\t\t\t\t<\/div>\n\t\t\t\t<\/div>\n\t\t\t\t<\/div>\n\t\t\t\t\t<\/div>\n\t\t<\/div>\n\t\t\t\t\t\t\t<\/div>\n\t\t<\/section>\n\t\t\t\t<section class=\"elementor-section elementor-inner-section elementor-element elementor-element-64b7416 elementor-section-boxed elementor-section-height-default elementor-section-height-default\" data-id=\"64b7416\" data-element_type=\"section\">\n\t\t\t\t\t\t<div class=\"elementor-container elementor-column-gap-default\">\n\t\t\t\t\t<div class=\"elementor-column elementor-col-100 elementor-inner-column elementor-element elementor-element-50efd32\" data-id=\"50efd32\" data-element_type=\"column\">\n\t\t\t<div class=\"elementor-widget-wrap elementor-element-populated\">\n\t\t\t\t\t\t\t\t<div class=\"elementor-element elementor-element-7192dfa elementor-widget elementor-widget-heading\" data-id=\"7192dfa\" data-element_type=\"widget\" data-widget_type=\"heading.default\">\n\t\t\t\t<div class=\"elementor-widget-container\">\n\t\t\t<style>\/*! elementor - v3.5.6 - 28-02-2022 *\/\n.elementor-heading-title{padding:0;margin:0;line-height:1}.elementor-widget-heading .elementor-heading-title[class*=elementor-size-]>a{color:inherit;font-size:inherit;line-height:inherit}.elementor-widget-heading .elementor-heading-title.elementor-size-small{font-size:15px}.elementor-widget-heading .elementor-heading-title.elementor-size-medium{font-size:19px}.elementor-widget-heading .elementor-heading-title.elementor-size-large{font-size:29px}.elementor-widget-heading .elementor-heading-title.elementor-size-xl{font-size:39px}.elementor-widget-heading .elementor-heading-title.elementor-size-xxl{font-size:59px}<\/style><h2 class=\"elementor-heading-title elementor-size-default\"><a href=\"https:\/\/www.plm.automation.siemens.com\/global\/en\/search.html?query=Schedule+Management\" target=\"_blank\">Siemens'in sayfas\u0131ndan daha fazla bilgiye eri\u015fmek i\u00e7in t\u0131klay\u0131n\u0131z.<\/a><\/h2>\t\t<\/div>\n\t\t\t\t<\/div>\n\t\t\t\t\t<\/div>\n\t\t<\/div>\n\t\t\t\t\t\t\t<\/div>\n\t\t<\/section>\n\t\t\t\t\t<\/div>\n\t\t<\/div>\n\t\t\t\t\t\t\t<\/div>\n\t\t<\/section>\n\t\t\t\t\t\t<\/div>\n\t\t\t\t\t<\/div>\n\t\t","protected":false},"excerpt":{"rendered":"<p>PLM hizmetleri i\u00e7erisinde &quot;Program Y\u00f6netimi&quot; ba\u015fl\u0131\u011f\u0131 \u00f6nemli bir konudur. Program y\u00f6netimi, birden fazla proje veya inisiyatifin koordinasyonu, y\u00f6netimi ve entegrasyonunu sa\u011flayan disiplinleraras\u0131 bir yakla\u015f\u0131md\u0131r. Program y\u00f6netimi genellikle a\u015fa\u011f\u0131daki bile\u015fenleri i\u00e7erir: Program Hedefleri ve Stratejisi: Program\u0131n hedefleri ve stratejisi belirlenir. Bu, program\u0131n ama\u00e7lar\u0131n\u0131, beklenen sonu\u00e7lar\u0131 ve stratejik hedeflerini tan\u0131mlar. Program Planlama: Program\u0131n planlanmas\u0131, kaynak tahsisi, zamanlama, [&hellip;]<\/p>\n","protected":false},"author":2,"featured_media":0,"parent":0,"menu_order":0,"comment_status":"closed","ping_status":"closed","template":"elementor_header_footer","meta":{"footnotes":""},"class_list":["post-9069","page","type-page","status-publish","hentry"],"_links":{"self":[{"href":"https:\/\/www.creas-technology.com\/index.php\/wp-json\/wp\/v2\/pages\/9069","targetHints":{"allow":["GET"]}}],"collection":[{"href":"https:\/\/www.creas-technology.com\/index.php\/wp-json\/wp\/v2\/pages"}],"about":[{"href":"https:\/\/www.creas-technology.com\/index.php\/wp-json\/wp\/v2\/types\/page"}],"author":[{"embeddable":true,"href":"https:\/\/www.creas-technology.com\/index.php\/wp-json\/wp\/v2\/users\/2"}],"replies":[{"embeddable":true,"href":"https:\/\/www.creas-technology.com\/index.php\/wp-json\/wp\/v2\/comments?post=9069"}],"version-history":[{"count":15,"href":"https:\/\/www.creas-technology.com\/index.php\/wp-json\/wp\/v2\/pages\/9069\/revisions"}],"predecessor-version":[{"id":9733,"href":"https:\/\/www.creas-technology.com\/index.php\/wp-json\/wp\/v2\/pages\/9069\/revisions\/9733"}],"wp:attachment":[{"href":"https:\/\/www.creas-technology.com\/index.php\/wp-json\/wp\/v2\/media?parent=9069"}],"curies":[{"name":"wp","href":"https:\/\/api.w.org\/{rel}","templated":true}]}}