{"id":9105,"date":"2023-05-28T10:51:50","date_gmt":"2023-05-28T07:51:50","guid":{"rendered":"https:\/\/www.creas-technology.com\/?page_id=9105"},"modified":"2023-09-17T18:19:07","modified_gmt":"2023-09-17T15:19:07","slug":"cortona-rapid-author","status":"publish","type":"page","link":"https:\/\/www.creas-technology.com\/index.php\/cortona-rapid-author\/","title":{"rendered":"Cortona Rapid Author"},"content":{"rendered":"\t\t<div data-elementor-type=\"wp-page\" data-elementor-id=\"9105\" class=\"elementor elementor-9105\" data-elementor-settings=\"[]\">\n\t\t\t\t\t\t\t<div class=\"elementor-section-wrap\">\n\t\t\t\t\t\t\t<section class=\"elementor-section elementor-top-section elementor-element elementor-element-750c352 elementor-section-boxed elementor-section-height-default elementor-section-height-default\" data-id=\"750c352\" data-element_type=\"section\" data-settings=\"{&quot;background_background&quot;:&quot;classic&quot;}\">\n\t\t\t\t\t\t<div class=\"elementor-container elementor-column-gap-default\">\n\t\t\t\t\t<div class=\"elementor-column elementor-col-100 elementor-top-column elementor-element elementor-element-2d605ab\" data-id=\"2d605ab\" data-element_type=\"column\">\n\t\t\t<div class=\"elementor-widget-wrap elementor-element-populated\">\n\t\t\t\t\t\t\t\t<section class=\"elementor-section elementor-inner-section elementor-element elementor-element-e9666a3 elementor-section-boxed elementor-section-height-default elementor-section-height-default\" data-id=\"e9666a3\" data-element_type=\"section\">\n\t\t\t\t\t\t<div class=\"elementor-container elementor-column-gap-default\">\n\t\t\t\t\t<div class=\"elementor-column elementor-col-100 elementor-inner-column elementor-element elementor-element-f47d34f\" data-id=\"f47d34f\" data-element_type=\"column\">\n\t\t\t<div class=\"elementor-widget-wrap elementor-element-populated\">\n\t\t\t\t\t\t\t\t<div class=\"elementor-element elementor-element-f86f024 elementor-widget elementor-widget-cryptlight_elementor_details\" data-id=\"f86f024\" data-element_type=\"widget\" data-widget_type=\"cryptlight_elementor_details.default\">\n\t\t\t\t<div class=\"elementor-widget-container\">\n\t\t\t\t\t\t\t\t<div class=\"ova-details linear-gradient-active\">\n\t\t\t\t\t\t\t\t\t\t\t\t\t<div class=\"desc\">\n\t\t\t\t\t\t&quot;Cortona Rapid Author&quot;, bir PLM (Product Lifecycle Management) hizmeti olan Cortona&#039;n\u0131n bir par\u00e7as\u0131d\u0131r. Cortona Rapid Author, \u00fcr\u00fcn dok\u00fcmantasyonu olu\u015fturma ve y\u00f6netme s\u00fcrecini h\u0131zland\u0131ran bir yaz\u0131l\u0131m arac\u0131d\u0131r.\t\t\t\t\t<\/div>\n\t\t\t\t\t\t\t<\/div>\n\t\t\t\t<\/div>\n\t\t\t\t<\/div>\n\t\t\t\t<div class=\"elementor-element elementor-element-8f49e5a elementor-widget elementor-widget-cryptlight_elementor_details\" data-id=\"8f49e5a\" data-element_type=\"widget\" data-widget_type=\"cryptlight_elementor_details.default\">\n\t\t\t\t<div class=\"elementor-widget-container\">\n\t\t\t\t\t\t\t\t<div class=\"ova-details linear-gradient-active\">\n\t\t\t\t\t\t\t\t\t\t\t\t\t<div class=\"desc\">\n\t\t\t\t\t\tCortona Rapid Author, teknik yazarlar, m\u00fchendisler ve \u00fcr\u00fcn tasar\u0131mc\u0131lar\u0131 gibi profesyonellerin karma\u015f\u0131k \u00fcr\u00fcn bilgilerini kullan\u0131c\u0131 dostu dok\u00fcmantasyonlara d\u00f6n\u00fc\u015ft\u00fcrmesine yard\u0131mc\u0131 olur. Bu yaz\u0131l\u0131m arac\u0131, kullan\u0131c\u0131lar\u0131n interaktif 3D grafikler, animasyonlar ve g\u00f6rsel \u00f6\u011felerle zenginle\u015ftirilmi\u015f dok\u00fcmantasyonlar olu\u015fturmas\u0131na olanak tan\u0131r.\t\t\t\t\t<\/div>\n\t\t\t\t\t\t\t<\/div>\n\t\t\t\t<\/div>\n\t\t\t\t<\/div>\n\t\t\t\t<div class=\"elementor-element elementor-element-c28e5f8 elementor-widget elementor-widget-image\" data-id=\"c28e5f8\" data-element_type=\"widget\" data-widget_type=\"image.default\">\n\t\t\t\t<div class=\"elementor-widget-container\">\n\t\t\t<style>\/*! elementor - v3.5.6 - 28-02-2022 *\/\n.elementor-widget-image{text-align:center}.elementor-widget-image a{display:inline-block}.elementor-widget-image a img[src$=\".svg\"]{width:48px}.elementor-widget-image img{vertical-align:middle;display:inline-block}<\/style>\t\t\t\t\t\t\t\t\t\t\t\t<img loading=\"lazy\" decoding=\"async\" width=\"1920\" height=\"1080\" src=\"https:\/\/www.creas-technology.com\/wp-content\/uploads\/2023\/05\/MLG__DISASSEMBLY_PRC_S1000D.png\" class=\"attachment-2048x2048 size-2048x2048\" alt=\"\" srcset=\"https:\/\/www.creas-technology.com\/wp-content\/uploads\/2023\/05\/MLG__DISASSEMBLY_PRC_S1000D.png 1920w, https:\/\/www.creas-technology.com\/wp-content\/uploads\/2023\/05\/MLG__DISASSEMBLY_PRC_S1000D-300x169.png 300w, https:\/\/www.creas-technology.com\/wp-content\/uploads\/2023\/05\/MLG__DISASSEMBLY_PRC_S1000D-1024x576.png 1024w, https:\/\/www.creas-technology.com\/wp-content\/uploads\/2023\/05\/MLG__DISASSEMBLY_PRC_S1000D-768x432.png 768w, https:\/\/www.creas-technology.com\/wp-content\/uploads\/2023\/05\/MLG__DISASSEMBLY_PRC_S1000D-1536x864.png 1536w\" sizes=\"auto, (max-width: 1920px) 100vw, 1920px\" \/>\t\t\t\t\t\t\t\t\t\t\t\t\t\t\t<\/div>\n\t\t\t\t<\/div>\n\t\t\t\t<div class=\"elementor-element elementor-element-1998d04 elementor-widget elementor-widget-cryptlight_elementor_details\" data-id=\"1998d04\" data-element_type=\"widget\" data-widget_type=\"cryptlight_elementor_details.default\">\n\t\t\t\t<div class=\"elementor-widget-container\">\n\t\t\t\t\t\t\t\t<div class=\"ova-details linear-gradient-active\">\n\t\t\t\t\t\t\t\t\t\t\t\t\t<div class=\"desc\">\n\t\t\t\t\t\tCortona Rapid Author&#039;\u0131n temel \u00f6zellikleri \u015funlard\u0131r:\t\t\t\t\t<\/div>\n\t\t\t\t\t\t\t<\/div>\n\t\t\t\t<\/div>\n\t\t\t\t<\/div>\n\t\t\t\t<div class=\"elementor-element elementor-element-d980c1a elementor-widget elementor-widget-cryptlight_elementor_details\" data-id=\"d980c1a\" data-element_type=\"widget\" data-widget_type=\"cryptlight_elementor_details.default\">\n\t\t\t\t<div class=\"elementor-widget-container\">\n\t\t\t\t\t\t\t\t<div class=\"ova-details linear-gradient-active\">\n\t\t\t\t\t\t\t\t\t\t\t\t\t<div class=\"desc\">\n\t\t\t\t\t\t3D Model \u0130ntegrasyonu: Cortona Rapid Author, \u00fcr\u00fcnlerin 3D modellemelerini ve tasar\u0131mlar\u0131n\u0131 i\u00e7e aktarabilir ve bu modelleri dok\u00fcmantasyonun i\u00e7ine yerle\u015ftirebilir. Bu sayede kullan\u0131c\u0131lar, \u00fcr\u00fcn\u00fcn farkl\u0131 par\u00e7alar\u0131n\u0131, montaj s\u00fcre\u00e7lerini veya i\u015flevlerini g\u00f6rsel olarak anlatabilir.\t\t\t\t\t<\/div>\n\t\t\t\t\t\t\t<\/div>\n\t\t\t\t<\/div>\n\t\t\t\t<\/div>\n\t\t\t\t<div class=\"elementor-element elementor-element-0828b0f elementor-widget elementor-widget-cryptlight_elementor_details\" data-id=\"0828b0f\" data-element_type=\"widget\" data-widget_type=\"cryptlight_elementor_details.default\">\n\t\t\t\t<div class=\"elementor-widget-container\">\n\t\t\t\t\t\t\t\t<div class=\"ova-details linear-gradient-active\">\n\t\t\t\t\t\t\t\t\t\t\t\t\t<div class=\"desc\">\n\t\t\t\t\t\t\u0130nteraktif \u00d6\u011feler: Yaz\u0131l\u0131m arac\u0131, kullan\u0131c\u0131lar\u0131n dok\u00fcmantasyonu interaktif hale getirmesini sa\u011flar. Kullan\u0131c\u0131lar, 3D modeller \u00fczerinde d\u00f6nd\u00fcrme, yak\u0131nla\u015ft\u0131rma ve uzakla\u015ft\u0131rma gibi i\u015flemler yapabilir, animasyonlar ekleyebilir ve dok\u00fcmantasyonun daha etkile\u015fimli olmas\u0131n\u0131 sa\u011flayabilir.\t\t\t\t\t<\/div>\n\t\t\t\t\t\t\t<\/div>\n\t\t\t\t<\/div>\n\t\t\t\t<\/div>\n\t\t\t\t<div class=\"elementor-element elementor-element-64ea5b4 elementor-widget elementor-widget-cryptlight_elementor_details\" data-id=\"64ea5b4\" data-element_type=\"widget\" data-widget_type=\"cryptlight_elementor_details.default\">\n\t\t\t\t<div class=\"elementor-widget-container\">\n\t\t\t\t\t\t\t\t<div class=\"ova-details linear-gradient-active\">\n\t\t\t\t\t\t\t\t\t\t\t\t\t<div class=\"desc\">\n\t\t\t\t\t\t\u00c7oklu Dil Deste\u011fi: Cortona Rapid Author, birden fazla dilde dok\u00fcmantasyon olu\u015fturmay\u0131 destekler. Bu \u00f6zellik, farkl\u0131 pazarlara veya b\u00f6lgelere y\u00f6nelik dok\u00fcmantasyonlar\u0131n kolayca olu\u015fturulmas\u0131n\u0131 sa\u011flar.\t\t\t\t\t<\/div>\n\t\t\t\t\t\t\t<\/div>\n\t\t\t\t<\/div>\n\t\t\t\t<\/div>\n\t\t\t\t<div class=\"elementor-element elementor-element-d81d64a elementor-widget elementor-widget-cryptlight_elementor_details\" data-id=\"d81d64a\" data-element_type=\"widget\" data-widget_type=\"cryptlight_elementor_details.default\">\n\t\t\t\t<div class=\"elementor-widget-container\">\n\t\t\t\t\t\t\t\t<div class=\"ova-details linear-gradient-active\">\n\t\t\t\t\t\t\t\t\t\t\t\t\t<div class=\"desc\">\n\t\t\t\t\t\tKolay D\u00fczenleme ve G\u00fcncelleme: Yaz\u0131l\u0131m arac\u0131, dok\u00fcmantasyonun kolayca d\u00fczenlenmesine ve g\u00fcncellenmesine olanak tan\u0131r. Kullan\u0131c\u0131lar, metinleri d\u00fczenleyebilir, g\u00f6rselleri ve 3D modelleri g\u00fcncelleyebilir ve dok\u00fcmantasyonun farkl\u0131 formatlara d\u0131\u015fa aktar\u0131lmas\u0131n\u0131 sa\u011flayabilir.\t\t\t\t\t<\/div>\n\t\t\t\t\t\t\t<\/div>\n\t\t\t\t<\/div>\n\t\t\t\t<\/div>\n\t\t\t\t<div class=\"elementor-element elementor-element-4112c72 elementor-widget elementor-widget-cryptlight_elementor_details\" data-id=\"4112c72\" data-element_type=\"widget\" data-widget_type=\"cryptlight_elementor_details.default\">\n\t\t\t\t<div class=\"elementor-widget-container\">\n\t\t\t\t\t\t\t\t<div class=\"ova-details linear-gradient-active\">\n\t\t\t\t\t\t\t\t\t\t\t\t\t<div class=\"desc\">\n\t\t\t\t\t\tCortona Rapid Author, \u00fcr\u00fcn dok\u00fcmantasyonunun etkili bir \u015fekilde olu\u015fturulmas\u0131na ve y\u00f6netilmesine yard\u0131mc\u0131 olan g\u00fc\u00e7l\u00fc bir PLM arac\u0131d\u0131r. Kullan\u0131c\u0131 dostu aray\u00fcz\u00fc ve zengin \u00f6zellikleriyle, teknik yazarlar ve m\u00fchendisler i\u00e7in de\u011ferli bir yaz\u0131l\u0131m arac\u0131d\u0131r.\t\t\t\t\t<\/div>\n\t\t\t\t\t\t\t<\/div>\n\t\t\t\t<\/div>\n\t\t\t\t<\/div>\n\t\t\t\t\t<\/div>\n\t\t<\/div>\n\t\t\t\t\t\t\t<\/div>\n\t\t<\/section>\n\t\t\t\t<section class=\"elementor-section elementor-inner-section elementor-element elementor-element-6e96f33 elementor-section-boxed elementor-section-height-default elementor-section-height-default\" data-id=\"6e96f33\" data-element_type=\"section\">\n\t\t\t\t\t\t<div class=\"elementor-container elementor-column-gap-default\">\n\t\t\t\t\t<div class=\"elementor-column elementor-col-100 elementor-inner-column elementor-element elementor-element-d222d3d\" data-id=\"d222d3d\" data-element_type=\"column\">\n\t\t\t<div class=\"elementor-widget-wrap elementor-element-populated\">\n\t\t\t\t\t\t\t\t<div class=\"elementor-element elementor-element-9e6d9d7 elementor-widget elementor-widget-heading\" data-id=\"9e6d9d7\" data-element_type=\"widget\" data-widget_type=\"heading.default\">\n\t\t\t\t<div class=\"elementor-widget-container\">\n\t\t\t<style>\/*! elementor - v3.5.6 - 28-02-2022 *\/\n.elementor-heading-title{padding:0;margin:0;line-height:1}.elementor-widget-heading .elementor-heading-title[class*=elementor-size-]>a{color:inherit;font-size:inherit;line-height:inherit}.elementor-widget-heading .elementor-heading-title.elementor-size-small{font-size:15px}.elementor-widget-heading .elementor-heading-title.elementor-size-medium{font-size:19px}.elementor-widget-heading .elementor-heading-title.elementor-size-large{font-size:29px}.elementor-widget-heading .elementor-heading-title.elementor-size-xl{font-size:39px}.elementor-widget-heading .elementor-heading-title.elementor-size-xxl{font-size:59px}<\/style><h2 class=\"elementor-heading-title elementor-size-default\"><a href=\"https:\/\/www.plm.automation.siemens.com\/global\/en\/search.html?query=Cortona+Rapid+Author\" target=\"_blank\">Siemens'in sayfas\u0131ndan daha fazla bilgiye eri\u015fmek i\u00e7in t\u0131klay\u0131n\u0131z.<\/a><\/h2>\t\t<\/div>\n\t\t\t\t<\/div>\n\t\t\t\t\t<\/div>\n\t\t<\/div>\n\t\t\t\t\t\t\t<\/div>\n\t\t<\/section>\n\t\t\t\t\t<\/div>\n\t\t<\/div>\n\t\t\t\t\t\t\t<\/div>\n\t\t<\/section>\n\t\t\t\t\t\t<\/div>\n\t\t\t\t\t<\/div>\n\t\t","protected":false},"excerpt":{"rendered":"<p>&quot;Cortona Rapid Author&quot;, bir PLM (Product Lifecycle Management) hizmeti olan Cortona&#039;n\u0131n bir par\u00e7as\u0131d\u0131r. Cortona Rapid Author, \u00fcr\u00fcn dok\u00fcmantasyonu olu\u015fturma ve y\u00f6netme s\u00fcrecini h\u0131zland\u0131ran bir yaz\u0131l\u0131m arac\u0131d\u0131r. Cortona Rapid Author, teknik yazarlar, m\u00fchendisler ve \u00fcr\u00fcn tasar\u0131mc\u0131lar\u0131 gibi profesyonellerin karma\u015f\u0131k \u00fcr\u00fcn bilgilerini kullan\u0131c\u0131 dostu dok\u00fcmantasyonlara d\u00f6n\u00fc\u015ft\u00fcrmesine yard\u0131mc\u0131 olur. Bu yaz\u0131l\u0131m arac\u0131, kullan\u0131c\u0131lar\u0131n interaktif 3D grafikler, animasyonlar ve [&hellip;]<\/p>\n","protected":false},"author":2,"featured_media":0,"parent":0,"menu_order":0,"comment_status":"closed","ping_status":"closed","template":"elementor_header_footer","meta":{"footnotes":""},"class_list":["post-9105","page","type-page","status-publish","hentry"],"_links":{"self":[{"href":"https:\/\/www.creas-technology.com\/index.php\/wp-json\/wp\/v2\/pages\/9105","targetHints":{"allow":["GET"]}}],"collection":[{"href":"https:\/\/www.creas-technology.com\/index.php\/wp-json\/wp\/v2\/pages"}],"about":[{"href":"https:\/\/www.creas-technology.com\/index.php\/wp-json\/wp\/v2\/types\/page"}],"author":[{"embeddable":true,"href":"https:\/\/www.creas-technology.com\/index.php\/wp-json\/wp\/v2\/users\/2"}],"replies":[{"embeddable":true,"href":"https:\/\/www.creas-technology.com\/index.php\/wp-json\/wp\/v2\/comments?post=9105"}],"version-history":[{"count":20,"href":"https:\/\/www.creas-technology.com\/index.php\/wp-json\/wp\/v2\/pages\/9105\/revisions"}],"predecessor-version":[{"id":9720,"href":"https:\/\/www.creas-technology.com\/index.php\/wp-json\/wp\/v2\/pages\/9105\/revisions\/9720"}],"wp:attachment":[{"href":"https:\/\/www.creas-technology.com\/index.php\/wp-json\/wp\/v2\/media?parent=9105"}],"curies":[{"name":"wp","href":"https:\/\/api.w.org\/{rel}","templated":true}]}}