{"id":9126,"date":"2023-05-28T11:06:34","date_gmt":"2023-05-28T08:06:34","guid":{"rendered":"https:\/\/www.creas-technology.com\/?page_id=9126"},"modified":"2023-09-17T18:24:23","modified_gmt":"2023-09-17T15:24:23","slug":"model-tabanli-muhendislik","status":"publish","type":"page","link":"https:\/\/www.creas-technology.com\/index.php\/model-tabanli-muhendislik\/","title":{"rendered":"Model Tabanl\u0131 M\u00fchendislik"},"content":{"rendered":"\t\t<div data-elementor-type=\"wp-page\" data-elementor-id=\"9126\" class=\"elementor elementor-9126\" data-elementor-settings=\"[]\">\n\t\t\t\t\t\t\t<div class=\"elementor-section-wrap\">\n\t\t\t\t\t\t\t<section class=\"elementor-section elementor-top-section elementor-element elementor-element-8ac78f1 elementor-section-boxed elementor-section-height-default elementor-section-height-default\" data-id=\"8ac78f1\" data-element_type=\"section\" data-settings=\"{&quot;background_background&quot;:&quot;classic&quot;}\">\n\t\t\t\t\t\t<div class=\"elementor-container elementor-column-gap-default\">\n\t\t\t\t\t<div class=\"elementor-column elementor-col-100 elementor-top-column elementor-element elementor-element-ef6041b\" data-id=\"ef6041b\" data-element_type=\"column\">\n\t\t\t<div class=\"elementor-widget-wrap elementor-element-populated\">\n\t\t\t\t\t\t\t\t<div class=\"elementor-element elementor-element-4ab6508 elementor-widget elementor-widget-cryptlight_elementor_details\" data-id=\"4ab6508\" data-element_type=\"widget\" data-widget_type=\"cryptlight_elementor_details.default\">\n\t\t\t\t<div class=\"elementor-widget-container\">\n\t\t\t\t\t\t\t\t<div class=\"ova-details linear-gradient-active\">\n\t\t\t\t\t\t\t\t\t\t\t\t\t<div class=\"desc\">\n\t\t\t\t\t\t&quot;Model Tabanl\u0131 M\u00fchendislik&quot; (Model-Based Engineering, MBE), bir PLM (Product Lifecycle Management) hizmeti olarak kullan\u0131lan bir y\u00f6ntem veya yakla\u015f\u0131md\u0131r. Model Tabanl\u0131 M\u00fchendislik, bir \u00fcr\u00fcn\u00fcn ya\u015fam d\u00f6ng\u00fcs\u00fc boyunca bilgi ve verilerin modeller arac\u0131l\u0131\u011f\u0131yla yakalanmas\u0131, y\u00f6netilmesi ve kullan\u0131lmas\u0131 \u00fczerine odaklan\u0131r.\t\t\t\t\t<\/div>\n\t\t\t\t\t\t\t<\/div>\n\t\t\t\t<\/div>\n\t\t\t\t<\/div>\n\t\t\t\t<div class=\"elementor-element elementor-element-b15c082 elementor-widget elementor-widget-cryptlight_elementor_details\" data-id=\"b15c082\" data-element_type=\"widget\" data-widget_type=\"cryptlight_elementor_details.default\">\n\t\t\t\t<div class=\"elementor-widget-container\">\n\t\t\t\t\t\t\t\t<div class=\"ova-details linear-gradient-active\">\n\t\t\t\t\t\t\t\t\t\t\t\t\t<div class=\"desc\">\n\t\t\t\t\t\tModel Tabanl\u0131 M\u00fchendislik yakla\u015f\u0131m\u0131nda, bir \u00fcr\u00fcn\u00fcn fiziksel \u00f6zellikleri, performans\u0131, davran\u0131\u015f\u0131 ve gereksinimleri gibi bilgiler, dijital modeller kullan\u0131larak temsil edilir. Bu modeller, 3D geometri, fonksiyonel \u00f6zellikler, sim\u00fclasyon sonu\u00e7lar\u0131, \u00fcretim bilgileri ve di\u011fer ilgili verileri i\u00e7erebilir.\t\t\t\t\t<\/div>\n\t\t\t\t\t\t\t<\/div>\n\t\t\t\t<\/div>\n\t\t\t\t<\/div>\n\t\t\t\t<div class=\"elementor-element elementor-element-f82a1d9 elementor-widget elementor-widget-image\" data-id=\"f82a1d9\" data-element_type=\"widget\" data-widget_type=\"image.default\">\n\t\t\t\t<div class=\"elementor-widget-container\">\n\t\t\t<style>\/*! elementor - v3.5.6 - 28-02-2022 *\/\n.elementor-widget-image{text-align:center}.elementor-widget-image a{display:inline-block}.elementor-widget-image a img[src$=\".svg\"]{width:48px}.elementor-widget-image img{vertical-align:middle;display:inline-block}<\/style>\t\t\t\t\t\t\t\t\t\t\t\t<img loading=\"lazy\" decoding=\"async\" width=\"800\" height=\"559\" src=\"https:\/\/www.creas-technology.com\/wp-content\/uploads\/2023\/05\/Teamcentre-Connector-1024x715.webp\" class=\"attachment-large size-large\" alt=\"\" srcset=\"https:\/\/www.creas-technology.com\/wp-content\/uploads\/2023\/05\/Teamcentre-Connector-1024x715.webp 1024w, https:\/\/www.creas-technology.com\/wp-content\/uploads\/2023\/05\/Teamcentre-Connector-300x210.webp 300w, https:\/\/www.creas-technology.com\/wp-content\/uploads\/2023\/05\/Teamcentre-Connector-768x536.webp 768w, https:\/\/www.creas-technology.com\/wp-content\/uploads\/2023\/05\/Teamcentre-Connector.webp 1535w\" sizes=\"auto, (max-width: 800px) 100vw, 800px\" \/>\t\t\t\t\t\t\t\t\t\t\t\t\t\t\t<\/div>\n\t\t\t\t<\/div>\n\t\t\t\t<div class=\"elementor-element elementor-element-9d22caa elementor-widget elementor-widget-cryptlight_elementor_details\" data-id=\"9d22caa\" data-element_type=\"widget\" data-widget_type=\"cryptlight_elementor_details.default\">\n\t\t\t\t<div class=\"elementor-widget-container\">\n\t\t\t\t\t\t\t\t<div class=\"ova-details linear-gradient-active\">\n\t\t\t\t\t\t\t\t\t\t\t\t\t<div class=\"desc\">\n\t\t\t\t\t\tModel Tabanl\u0131 M\u00fchendislik&#039;in temel \u00f6zellikleri \u015funlard\u0131r:\n\n\t\t\t\t\t<\/div>\n\t\t\t\t\t\t\t<\/div>\n\t\t\t\t<\/div>\n\t\t\t\t<\/div>\n\t\t\t\t<div class=\"elementor-element elementor-element-4cf521e elementor-widget elementor-widget-cryptlight_elementor_details\" data-id=\"4cf521e\" data-element_type=\"widget\" data-widget_type=\"cryptlight_elementor_details.default\">\n\t\t\t\t<div class=\"elementor-widget-container\">\n\t\t\t\t\t\t\t\t<div class=\"ova-details linear-gradient-active\">\n\t\t\t\t\t\t\t\t\t\t\t\t\t<div class=\"desc\">\n\t\t\t\t\t\tMerkezi Veri Y\u00f6netimi: Model Tabanl\u0131 M\u00fchendislik yakla\u015f\u0131m\u0131, \u00fcr\u00fcn bilgilerini merkezi bir veritaban\u0131nda saklama ve y\u00f6netme fikrine dayan\u0131r. Bu sayede farkl\u0131 ekipler ve payda\u015flar, ayn\u0131 veri k\u00fcmesine dayal\u0131 \u00e7al\u0131\u015fabilir, g\u00fcncel bilgilere eri\u015febilir ve veri b\u00fct\u00fcnl\u00fc\u011f\u00fcn\u00fc sa\u011flayabilir.\t\t\t\t\t<\/div>\n\t\t\t\t\t\t\t<\/div>\n\t\t\t\t<\/div>\n\t\t\t\t<\/div>\n\t\t\t\t<div class=\"elementor-element elementor-element-6caaebb elementor-widget elementor-widget-cryptlight_elementor_details\" data-id=\"6caaebb\" data-element_type=\"widget\" data-widget_type=\"cryptlight_elementor_details.default\">\n\t\t\t\t<div class=\"elementor-widget-container\">\n\t\t\t\t\t\t\t\t<div class=\"ova-details linear-gradient-active\">\n\t\t\t\t\t\t\t\t\t\t\t\t\t<div class=\"desc\">\n\t\t\t\t\t\tB\u00fct\u00fcnle\u015fik \u0130\u015fbirli\u011fi: Model Tabanl\u0131 M\u00fchendislik, farkl\u0131 disiplinler aras\u0131nda i\u015fbirli\u011fi ve ileti\u015fimi kolayla\u015ft\u0131r\u0131r. Modeller, m\u00fchendislik, \u00fcretim, tedarik zinciri ve di\u011fer departmanlar aras\u0131nda ortak bir dil ve anlay\u0131\u015f sa\u011flar. Bu da tasar\u0131m hatalar\u0131n\u0131 azalt\u0131r, s\u00fcre\u00e7leri h\u0131zland\u0131r\u0131r ve kaliteyi art\u0131r\u0131r.\t\t\t\t\t<\/div>\n\t\t\t\t\t\t\t<\/div>\n\t\t\t\t<\/div>\n\t\t\t\t<\/div>\n\t\t\t\t<div class=\"elementor-element elementor-element-42c3848 elementor-widget elementor-widget-cryptlight_elementor_details\" data-id=\"42c3848\" data-element_type=\"widget\" data-widget_type=\"cryptlight_elementor_details.default\">\n\t\t\t\t<div class=\"elementor-widget-container\">\n\t\t\t\t\t\t\t\t<div class=\"ova-details linear-gradient-active\">\n\t\t\t\t\t\t\t\t\t\t\t\t\t<div class=\"desc\">\n\t\t\t\t\t\tOtomatik Do\u011frulama ve Analiz: Modeller, otomatik do\u011frulama ve analiz ara\u00e7lar\u0131yla birlikte kullan\u0131labilir. Bu sayede tasar\u0131mlar\u0131n performans\u0131, uyumlulu\u011fu, \u00fcretilebilirli\u011fi ve di\u011fer kriterler \u00fczerinde h\u0131zl\u0131 bir \u015fekilde de\u011ferlendirilebilir. Hatalar ve sorunlar erken a\u015famalarda tespit edilir ve d\u00fczeltilir.\t\t\t\t\t<\/div>\n\t\t\t\t\t\t\t<\/div>\n\t\t\t\t<\/div>\n\t\t\t\t<\/div>\n\t\t\t\t<div class=\"elementor-element elementor-element-54666d3 elementor-widget elementor-widget-cryptlight_elementor_details\" data-id=\"54666d3\" data-element_type=\"widget\" data-widget_type=\"cryptlight_elementor_details.default\">\n\t\t\t\t<div class=\"elementor-widget-container\">\n\t\t\t\t\t\t\t\t<div class=\"ova-details linear-gradient-active\">\n\t\t\t\t\t\t\t\t\t\t\t\t\t<div class=\"desc\">\n\t\t\t\t\t\tDe\u011fi\u015fiklik Y\u00f6netimi: Model Tabanl\u0131 M\u00fchendislik, de\u011fi\u015fikliklerin etkisini y\u00f6netmek i\u00e7in etkili bir de\u011fi\u015fiklik y\u00f6netimi s\u00fcrecini destekler. De\u011fi\u015fiklikler modeller \u00fczerinde yap\u0131l\u0131r ve bu de\u011fi\u015fiklikler otomatik olarak di\u011fer ba\u011f\u0131ml\u0131 modellere ve belgelere yans\u0131t\u0131l\u0131r.\t\t\t\t\t<\/div>\n\t\t\t\t\t\t\t<\/div>\n\t\t\t\t<\/div>\n\t\t\t\t<\/div>\n\t\t\t\t<div class=\"elementor-element elementor-element-1efab53 elementor-widget elementor-widget-cryptlight_elementor_details\" data-id=\"1efab53\" data-element_type=\"widget\" data-widget_type=\"cryptlight_elementor_details.default\">\n\t\t\t\t<div class=\"elementor-widget-container\">\n\t\t\t\t\t\t\t\t<div class=\"ova-details linear-gradient-active\">\n\t\t\t\t\t\t\t\t\t\t\t\t\t<div class=\"desc\">\n\t\t\t\t\t\tModel Tabanl\u0131 M\u00fchendislik yakla\u015f\u0131m\u0131, geleneksel belge tabanl\u0131 m\u00fchendislik s\u00fcre\u00e7lerine g\u00f6re daha verimli, etkili ve yenilik\u00e7i bir yakla\u015f\u0131m sunar. Bu yakla\u015f\u0131m, \u00fcr\u00fcn geli\u015ftirme s\u00fcrecinde kaliteyi art\u0131r\u0131r, maliyetleri azalt\u0131r ve s\u00fcre\u00e7leri iyile\u015ftirir.\t\t\t\t\t<\/div>\n\t\t\t\t\t\t\t<\/div>\n\t\t\t\t<\/div>\n\t\t\t\t<\/div>\n\t\t\t\t<section class=\"elementor-section elementor-inner-section elementor-element elementor-element-11efa52 elementor-section-boxed elementor-section-height-default elementor-section-height-default\" data-id=\"11efa52\" data-element_type=\"section\">\n\t\t\t\t\t\t<div class=\"elementor-container elementor-column-gap-default\">\n\t\t\t\t\t<div class=\"elementor-column elementor-col-100 elementor-inner-column elementor-element elementor-element-3932522\" data-id=\"3932522\" data-element_type=\"column\">\n\t\t\t<div class=\"elementor-widget-wrap elementor-element-populated\">\n\t\t\t\t\t\t\t\t<div class=\"elementor-element elementor-element-a702413 elementor-widget elementor-widget-heading\" data-id=\"a702413\" data-element_type=\"widget\" data-widget_type=\"heading.default\">\n\t\t\t\t<div class=\"elementor-widget-container\">\n\t\t\t<style>\/*! elementor - v3.5.6 - 28-02-2022 *\/\n.elementor-heading-title{padding:0;margin:0;line-height:1}.elementor-widget-heading .elementor-heading-title[class*=elementor-size-]>a{color:inherit;font-size:inherit;line-height:inherit}.elementor-widget-heading .elementor-heading-title.elementor-size-small{font-size:15px}.elementor-widget-heading .elementor-heading-title.elementor-size-medium{font-size:19px}.elementor-widget-heading .elementor-heading-title.elementor-size-large{font-size:29px}.elementor-widget-heading .elementor-heading-title.elementor-size-xl{font-size:39px}.elementor-widget-heading .elementor-heading-title.elementor-size-xxl{font-size:59px}<\/style><h2 class=\"elementor-heading-title elementor-size-default\"><a href=\"https:\/\/www.plm.automation.siemens.com\/global\/en\/search.html?query=Model+Based+Engineering\" target=\"_blank\">Siemens'in sayfas\u0131ndan daha fazla bilgiye eri\u015fmek i\u00e7in t\u0131klay\u0131n\u0131z.<\/a><\/h2>\t\t<\/div>\n\t\t\t\t<\/div>\n\t\t\t\t\t<\/div>\n\t\t<\/div>\n\t\t\t\t\t\t\t<\/div>\n\t\t<\/section>\n\t\t\t\t\t<\/div>\n\t\t<\/div>\n\t\t\t\t\t\t\t<\/div>\n\t\t<\/section>\n\t\t\t\t\t\t<\/div>\n\t\t\t\t\t<\/div>\n\t\t","protected":false},"excerpt":{"rendered":"<p>&quot;Model Tabanl\u0131 M\u00fchendislik&quot; (Model-Based Engineering, MBE), bir PLM (Product Lifecycle Management) hizmeti olarak kullan\u0131lan bir y\u00f6ntem veya yakla\u015f\u0131md\u0131r. Model Tabanl\u0131 M\u00fchendislik, bir \u00fcr\u00fcn\u00fcn ya\u015fam d\u00f6ng\u00fcs\u00fc boyunca bilgi ve verilerin modeller arac\u0131l\u0131\u011f\u0131yla yakalanmas\u0131, y\u00f6netilmesi ve kullan\u0131lmas\u0131 \u00fczerine odaklan\u0131r. Model Tabanl\u0131 M\u00fchendislik yakla\u015f\u0131m\u0131nda, bir \u00fcr\u00fcn\u00fcn fiziksel \u00f6zellikleri, performans\u0131, davran\u0131\u015f\u0131 ve gereksinimleri gibi bilgiler, dijital modeller kullan\u0131larak temsil [&hellip;]<\/p>\n","protected":false},"author":2,"featured_media":0,"parent":0,"menu_order":0,"comment_status":"closed","ping_status":"closed","template":"elementor_header_footer","meta":{"footnotes":""},"class_list":["post-9126","page","type-page","status-publish","hentry"],"_links":{"self":[{"href":"https:\/\/www.creas-technology.com\/index.php\/wp-json\/wp\/v2\/pages\/9126","targetHints":{"allow":["GET"]}}],"collection":[{"href":"https:\/\/www.creas-technology.com\/index.php\/wp-json\/wp\/v2\/pages"}],"about":[{"href":"https:\/\/www.creas-technology.com\/index.php\/wp-json\/wp\/v2\/types\/page"}],"author":[{"embeddable":true,"href":"https:\/\/www.creas-technology.com\/index.php\/wp-json\/wp\/v2\/users\/2"}],"replies":[{"embeddable":true,"href":"https:\/\/www.creas-technology.com\/index.php\/wp-json\/wp\/v2\/comments?post=9126"}],"version-history":[{"count":17,"href":"https:\/\/www.creas-technology.com\/index.php\/wp-json\/wp\/v2\/pages\/9126\/revisions"}],"predecessor-version":[{"id":9731,"href":"https:\/\/www.creas-technology.com\/index.php\/wp-json\/wp\/v2\/pages\/9126\/revisions\/9731"}],"wp:attachment":[{"href":"https:\/\/www.creas-technology.com\/index.php\/wp-json\/wp\/v2\/media?parent=9126"}],"curies":[{"name":"wp","href":"https:\/\/api.w.org\/{rel}","templated":true}]}}