{"id":9189,"date":"2023-05-28T15:34:44","date_gmt":"2023-05-28T12:34:44","guid":{"rendered":"https:\/\/www.creas-technology.com\/?page_id=9189"},"modified":"2023-09-17T18:27:24","modified_gmt":"2023-09-17T15:27:24","slug":"sorun-yonetimi","status":"publish","type":"page","link":"https:\/\/www.creas-technology.com\/index.php\/sorun-yonetimi\/","title":{"rendered":"Sorun Y\u00f6netimi"},"content":{"rendered":"\t\t<div data-elementor-type=\"wp-page\" data-elementor-id=\"9189\" class=\"elementor elementor-9189\" data-elementor-settings=\"[]\">\n\t\t\t\t\t\t\t<div class=\"elementor-section-wrap\">\n\t\t\t\t\t\t\t<section class=\"elementor-section elementor-top-section elementor-element elementor-element-2f1d8f1 elementor-section-boxed elementor-section-height-default elementor-section-height-default\" data-id=\"2f1d8f1\" data-element_type=\"section\" data-settings=\"{&quot;background_background&quot;:&quot;classic&quot;}\">\n\t\t\t\t\t\t<div class=\"elementor-container elementor-column-gap-default\">\n\t\t\t\t\t<div class=\"elementor-column elementor-col-100 elementor-top-column elementor-element elementor-element-ba13ce5\" data-id=\"ba13ce5\" data-element_type=\"column\">\n\t\t\t<div class=\"elementor-widget-wrap elementor-element-populated\">\n\t\t\t\t\t\t\t\t<section class=\"elementor-section elementor-inner-section elementor-element elementor-element-dd7e3d8 elementor-section-boxed elementor-section-height-default elementor-section-height-default\" data-id=\"dd7e3d8\" data-element_type=\"section\">\n\t\t\t\t\t\t<div class=\"elementor-container elementor-column-gap-default\">\n\t\t\t\t\t<div class=\"elementor-column elementor-col-100 elementor-inner-column elementor-element elementor-element-11ab731\" data-id=\"11ab731\" data-element_type=\"column\">\n\t\t\t<div class=\"elementor-widget-wrap elementor-element-populated\">\n\t\t\t\t\t\t\t\t<div class=\"elementor-element elementor-element-5f4d53c elementor-widget elementor-widget-cryptlight_elementor_details\" data-id=\"5f4d53c\" data-element_type=\"widget\" data-widget_type=\"cryptlight_elementor_details.default\">\n\t\t\t\t<div class=\"elementor-widget-container\">\n\t\t\t\t\t\t\t\t<div class=\"ova-details linear-gradient-active\">\n\t\t\t\t\t\t\t\t\t\t\t\t\t<div class=\"desc\">\n\t\t\t\t\t\tSorun y\u00f6netimi, bir \u00fcr\u00fcn\u00fcn geli\u015ftirme, \u00fcretim, da\u011f\u0131t\u0131m veya kullan\u0131m a\u015famalar\u0131nda ortaya \u00e7\u0131kabilecek sorunlar\u0131n tan\u0131mlanmas\u0131, takibi, \u00e7\u00f6z\u00fclmesi ve raporlanmas\u0131yla ilgilenir. Bu sorunlar, m\u00fc\u015fteri \u015fikayetleri, hatal\u0131 \u00fcr\u00fcnler, \u00fcretim s\u00fcre\u00e7lerindeki aksakl\u0131klar, tedarik zinciri sorunlar\u0131 veya kalite kontrol eksiklikleri gibi \u00e7e\u015fitli kaynaklardan kaynaklanabilir.\t\t\t\t\t<\/div>\n\t\t\t\t\t\t\t<\/div>\n\t\t\t\t<\/div>\n\t\t\t\t<\/div>\n\t\t\t\t<div class=\"elementor-element elementor-element-fddb482 elementor-widget elementor-widget-image\" data-id=\"fddb482\" data-element_type=\"widget\" data-widget_type=\"image.default\">\n\t\t\t\t<div class=\"elementor-widget-container\">\n\t\t\t<style>\/*! elementor - v3.5.6 - 28-02-2022 *\/\n.elementor-widget-image{text-align:center}.elementor-widget-image a{display:inline-block}.elementor-widget-image a img[src$=\".svg\"]{width:48px}.elementor-widget-image img{vertical-align:middle;display:inline-block}<\/style>\t\t\t\t\t\t\t\t\t\t\t\t<img loading=\"lazy\" decoding=\"async\" width=\"721\" height=\"402\" src=\"https:\/\/www.creas-technology.com\/wp-content\/uploads\/2023\/05\/PLM_Nedir1.jpg\" class=\"attachment-large size-large\" alt=\"\" srcset=\"https:\/\/www.creas-technology.com\/wp-content\/uploads\/2023\/05\/PLM_Nedir1.jpg 721w, https:\/\/www.creas-technology.com\/wp-content\/uploads\/2023\/05\/PLM_Nedir1-300x167.jpg 300w\" sizes=\"auto, (max-width: 721px) 100vw, 721px\" \/>\t\t\t\t\t\t\t\t\t\t\t\t\t\t\t<\/div>\n\t\t\t\t<\/div>\n\t\t\t\t<div class=\"elementor-element elementor-element-fe640c8 elementor-widget elementor-widget-cryptlight_elementor_details\" data-id=\"fe640c8\" data-element_type=\"widget\" data-widget_type=\"cryptlight_elementor_details.default\">\n\t\t\t\t<div class=\"elementor-widget-container\">\n\t\t\t\t\t\t\t\t<div class=\"ova-details linear-gradient-active\">\n\t\t\t\t\t\t\t\t\t\t\t\t\t<div class=\"desc\">\n\t\t\t\t\t\tPLM hizmetleri, sorunlar\u0131 etkin bir \u015fekilde y\u00f6netmek i\u00e7in a\u015fa\u011f\u0131daki s\u00fcre\u00e7leri i\u00e7erebilir:\t\t\t\t\t<\/div>\n\t\t\t\t\t\t\t<\/div>\n\t\t\t\t<\/div>\n\t\t\t\t<\/div>\n\t\t\t\t<div class=\"elementor-element elementor-element-479491f elementor-widget elementor-widget-cryptlight_elementor_details\" data-id=\"479491f\" data-element_type=\"widget\" data-widget_type=\"cryptlight_elementor_details.default\">\n\t\t\t\t<div class=\"elementor-widget-container\">\n\t\t\t\t\t\t\t\t<div class=\"ova-details linear-gradient-active\">\n\t\t\t\t\t\t\t\t\t\t\t\t\t<div class=\"desc\">\n\t\t\t\t\t\tSorun Tan\u0131mlama: \u00dcr\u00fcnlerle ilgili sorunlar belirlenir ve kaydedilir. Bu sorunlar, m\u00fc\u015fteri geri bildirimleri, kalite kontrolleri, testler veya \u00fcretim s\u00fcre\u00e7lerinden kaynaklanabilir. Sorunlar genellikle bir hata veya eksiklik olarak tan\u0131mlan\u0131r ve bir sorun kart\u0131 veya sorun raporu olu\u015fturularak kaydedilir.\t\t\t\t\t<\/div>\n\t\t\t\t\t\t\t<\/div>\n\t\t\t\t<\/div>\n\t\t\t\t<\/div>\n\t\t\t\t<div class=\"elementor-element elementor-element-d9bd8f4 elementor-widget elementor-widget-cryptlight_elementor_details\" data-id=\"d9bd8f4\" data-element_type=\"widget\" data-widget_type=\"cryptlight_elementor_details.default\">\n\t\t\t\t<div class=\"elementor-widget-container\">\n\t\t\t\t\t\t\t\t<div class=\"ova-details linear-gradient-active\">\n\t\t\t\t\t\t\t\t\t\t\t\t\t<div class=\"desc\">\n\t\t\t\t\t\tSorun Takibi: Sorunlar, takip edilebilir bir sistemde kaydedilir ve sorumlular\u0131 belirlenir. Sorunlar, \u00f6nceliklendirilebilir ve takip edilen bir zaman \u00e7izelgesine g\u00f6re \u00e7\u00f6z\u00fcme ula\u015ft\u0131r\u0131l\u0131r. Takip sistemi, sorunlar\u0131n durumunu, ilgili ki\u015fileri ve \u00e7\u00f6z\u00fcm s\u00fcrecini takip etmek i\u00e7in kullan\u0131l\u0131r.\t\t\t\t\t<\/div>\n\t\t\t\t\t\t\t<\/div>\n\t\t\t\t<\/div>\n\t\t\t\t<\/div>\n\t\t\t\t<div class=\"elementor-element elementor-element-b6b9910 elementor-widget elementor-widget-cryptlight_elementor_details\" data-id=\"b6b9910\" data-element_type=\"widget\" data-widget_type=\"cryptlight_elementor_details.default\">\n\t\t\t\t<div class=\"elementor-widget-container\">\n\t\t\t\t\t\t\t\t<div class=\"ova-details linear-gradient-active\">\n\t\t\t\t\t\t\t\t\t\t\t\t\t<div class=\"desc\">\n\t\t\t\t\t\tSorun \u00c7\u00f6zme: Sorunlar, etkili bir \u015fekilde \u00e7\u00f6z\u00fcme ula\u015ft\u0131r\u0131lmas\u0131 i\u00e7in ekipler veya sorun y\u00f6netimi uzmanlar\u0131 taraf\u0131ndan analiz edilir. \u00c7\u00f6z\u00fcm s\u00fcreci, sorunun k\u00f6k nedenini belirlemeyi, uygun \u00e7\u00f6z\u00fcm y\u00f6ntemlerini geli\u015ftirmeyi ve uygulamay\u0131 i\u00e7erir. Sorun \u00e7\u00f6zme s\u00fcreci, i\u015fbirli\u011fi, ileti\u015fim ve tak\u0131m \u00e7al\u0131\u015fmas\u0131 gerektirebilir.\t\t\t\t\t<\/div>\n\t\t\t\t\t\t\t<\/div>\n\t\t\t\t<\/div>\n\t\t\t\t<\/div>\n\t\t\t\t<div class=\"elementor-element elementor-element-b8c4036 elementor-widget elementor-widget-cryptlight_elementor_details\" data-id=\"b8c4036\" data-element_type=\"widget\" data-widget_type=\"cryptlight_elementor_details.default\">\n\t\t\t\t<div class=\"elementor-widget-container\">\n\t\t\t\t\t\t\t\t<div class=\"ova-details linear-gradient-active\">\n\t\t\t\t\t\t\t\t\t\t\t\t\t<div class=\"desc\">\n\t\t\t\t\t\tRaporlama: Sorun y\u00f6netimi s\u00fcreci boyunca, sorunlar\u0131n \u00e7\u00f6z\u00fcm durumu, i\u015flem s\u00fcresi ve di\u011fer ilgili bilgiler d\u00fczenli olarak raporlan\u0131r. Bu raporlar, y\u00f6neticilere, payda\u015flara ve di\u011fer ilgili taraflara sorunlar\u0131n durumunu izleme ve iyile\u015ftirme f\u0131rsatlar\u0131 hakk\u0131nda bilgi sa\u011flar.\t\t\t\t\t<\/div>\n\t\t\t\t\t\t\t<\/div>\n\t\t\t\t<\/div>\n\t\t\t\t<\/div>\n\t\t\t\t<div class=\"elementor-element elementor-element-a338c9b elementor-widget elementor-widget-cryptlight_elementor_details\" data-id=\"a338c9b\" data-element_type=\"widget\" data-widget_type=\"cryptlight_elementor_details.default\">\n\t\t\t\t<div class=\"elementor-widget-container\">\n\t\t\t\t\t\t\t\t<div class=\"ova-details linear-gradient-active\">\n\t\t\t\t\t\t\t\t\t\t\t\t\t<div class=\"desc\">\n\t\t\t\t\t\tSorun y\u00f6netimi, \u00fcr\u00fcn kalitesinin art\u0131r\u0131lmas\u0131na, m\u00fc\u015fteri memnuniyetinin sa\u011flanmas\u0131na, maliyetlerin azalt\u0131lmas\u0131na ve \u015firketin itibar\u0131n\u0131n korunmas\u0131na yard\u0131mc\u0131 olur. PLM hizmetleri, sorunlar\u0131 sistematik bir \u015fekilde ele alarak, s\u00fcre\u00e7lerin iyile\u015ftirilmesine ve gelecekte benzer sorunlar\u0131n \u00f6nlenmesine katk\u0131da bulunur.\t\t\t\t\t<\/div>\n\t\t\t\t\t\t\t<\/div>\n\t\t\t\t<\/div>\n\t\t\t\t<\/div>\n\t\t\t\t\t<\/div>\n\t\t<\/div>\n\t\t\t\t\t\t\t<\/div>\n\t\t<\/section>\n\t\t\t\t<section class=\"elementor-section elementor-inner-section elementor-element elementor-element-60f4ec6 elementor-section-boxed elementor-section-height-default elementor-section-height-default\" data-id=\"60f4ec6\" data-element_type=\"section\">\n\t\t\t\t\t\t<div class=\"elementor-container elementor-column-gap-default\">\n\t\t\t\t\t<div class=\"elementor-column elementor-col-100 elementor-inner-column elementor-element elementor-element-f9b6599\" data-id=\"f9b6599\" data-element_type=\"column\">\n\t\t\t<div class=\"elementor-widget-wrap elementor-element-populated\">\n\t\t\t\t\t\t\t\t<div class=\"elementor-element elementor-element-5b3e445 elementor-widget elementor-widget-heading\" data-id=\"5b3e445\" data-element_type=\"widget\" data-widget_type=\"heading.default\">\n\t\t\t\t<div class=\"elementor-widget-container\">\n\t\t\t<style>\/*! elementor - v3.5.6 - 28-02-2022 *\/\n.elementor-heading-title{padding:0;margin:0;line-height:1}.elementor-widget-heading .elementor-heading-title[class*=elementor-size-]>a{color:inherit;font-size:inherit;line-height:inherit}.elementor-widget-heading .elementor-heading-title.elementor-size-small{font-size:15px}.elementor-widget-heading .elementor-heading-title.elementor-size-medium{font-size:19px}.elementor-widget-heading .elementor-heading-title.elementor-size-large{font-size:29px}.elementor-widget-heading .elementor-heading-title.elementor-size-xl{font-size:39px}.elementor-widget-heading .elementor-heading-title.elementor-size-xxl{font-size:59px}<\/style><h2 class=\"elementor-heading-title elementor-size-default\"><a href=\"https:\/\/www.plm.automation.siemens.com\/global\/en\/search.html?query=Issue+Management\" target=\"_blank\">Siemens'in sayfas\u0131ndan daha fazla bilgiye eri\u015fmek i\u00e7in t\u0131klay\u0131n\u0131z.<\/a><\/h2>\t\t<\/div>\n\t\t\t\t<\/div>\n\t\t\t\t\t<\/div>\n\t\t<\/div>\n\t\t\t\t\t\t\t<\/div>\n\t\t<\/section>\n\t\t\t\t\t<\/div>\n\t\t<\/div>\n\t\t\t\t\t\t\t<\/div>\n\t\t<\/section>\n\t\t\t\t\t\t<\/div>\n\t\t\t\t\t<\/div>\n\t\t","protected":false},"excerpt":{"rendered":"<p>Sorun y\u00f6netimi, bir \u00fcr\u00fcn\u00fcn geli\u015ftirme, \u00fcretim, da\u011f\u0131t\u0131m veya kullan\u0131m a\u015famalar\u0131nda ortaya \u00e7\u0131kabilecek sorunlar\u0131n tan\u0131mlanmas\u0131, takibi, \u00e7\u00f6z\u00fclmesi ve raporlanmas\u0131yla ilgilenir. Bu sorunlar, m\u00fc\u015fteri \u015fikayetleri, hatal\u0131 \u00fcr\u00fcnler, \u00fcretim s\u00fcre\u00e7lerindeki aksakl\u0131klar, tedarik zinciri sorunlar\u0131 veya kalite kontrol eksiklikleri gibi \u00e7e\u015fitli kaynaklardan kaynaklanabilir. PLM hizmetleri, sorunlar\u0131 etkin bir \u015fekilde y\u00f6netmek i\u00e7in a\u015fa\u011f\u0131daki s\u00fcre\u00e7leri i\u00e7erebilir: Sorun Tan\u0131mlama: \u00dcr\u00fcnlerle ilgili sorunlar [&hellip;]<\/p>\n","protected":false},"author":2,"featured_media":0,"parent":0,"menu_order":0,"comment_status":"closed","ping_status":"closed","template":"elementor_header_footer","meta":{"footnotes":""},"class_list":["post-9189","page","type-page","status-publish","hentry"],"_links":{"self":[{"href":"https:\/\/www.creas-technology.com\/index.php\/wp-json\/wp\/v2\/pages\/9189","targetHints":{"allow":["GET"]}}],"collection":[{"href":"https:\/\/www.creas-technology.com\/index.php\/wp-json\/wp\/v2\/pages"}],"about":[{"href":"https:\/\/www.creas-technology.com\/index.php\/wp-json\/wp\/v2\/types\/page"}],"author":[{"embeddable":true,"href":"https:\/\/www.creas-technology.com\/index.php\/wp-json\/wp\/v2\/users\/2"}],"replies":[{"embeddable":true,"href":"https:\/\/www.creas-technology.com\/index.php\/wp-json\/wp\/v2\/comments?post=9189"}],"version-history":[{"count":8,"href":"https:\/\/www.creas-technology.com\/index.php\/wp-json\/wp\/v2\/pages\/9189\/revisions"}],"predecessor-version":[{"id":9739,"href":"https:\/\/www.creas-technology.com\/index.php\/wp-json\/wp\/v2\/pages\/9189\/revisions\/9739"}],"wp:attachment":[{"href":"https:\/\/www.creas-technology.com\/index.php\/wp-json\/wp\/v2\/media?parent=9189"}],"curies":[{"name":"wp","href":"https:\/\/api.w.org\/{rel}","templated":true}]}}