{"id":9201,"date":"2023-05-28T15:50:18","date_gmt":"2023-05-28T12:50:18","guid":{"rendered":"https:\/\/www.creas-technology.com\/?page_id=9201"},"modified":"2023-09-17T18:20:23","modified_gmt":"2023-09-17T15:20:23","slug":"e-cad-yonetimi","status":"publish","type":"page","link":"https:\/\/www.creas-technology.com\/index.php\/e-cad-yonetimi\/","title":{"rendered":"E-CAD Y\u00f6netimi"},"content":{"rendered":"\t\t<div data-elementor-type=\"wp-page\" data-elementor-id=\"9201\" class=\"elementor elementor-9201\" data-elementor-settings=\"[]\">\n\t\t\t\t\t\t\t<div class=\"elementor-section-wrap\">\n\t\t\t\t\t\t\t<section class=\"elementor-section elementor-top-section elementor-element elementor-element-c8b54de elementor-section-boxed elementor-section-height-default elementor-section-height-default\" data-id=\"c8b54de\" data-element_type=\"section\" data-settings=\"{&quot;background_background&quot;:&quot;classic&quot;}\">\n\t\t\t\t\t\t<div class=\"elementor-container elementor-column-gap-default\">\n\t\t\t\t\t<div class=\"elementor-column elementor-col-100 elementor-top-column elementor-element elementor-element-00c398a\" data-id=\"00c398a\" data-element_type=\"column\">\n\t\t\t<div class=\"elementor-widget-wrap elementor-element-populated\">\n\t\t\t\t\t\t\t\t<section class=\"elementor-section elementor-inner-section elementor-element elementor-element-f588e55 elementor-section-boxed elementor-section-height-default elementor-section-height-default\" data-id=\"f588e55\" data-element_type=\"section\">\n\t\t\t\t\t\t<div class=\"elementor-container elementor-column-gap-default\">\n\t\t\t\t\t<div class=\"elementor-column elementor-col-100 elementor-inner-column elementor-element elementor-element-f80b330\" data-id=\"f80b330\" data-element_type=\"column\">\n\t\t\t<div class=\"elementor-widget-wrap elementor-element-populated\">\n\t\t\t\t\t\t\t\t<div class=\"elementor-element elementor-element-e97aaf7 elementor-widget elementor-widget-cryptlight_elementor_details\" data-id=\"e97aaf7\" data-element_type=\"widget\" data-widget_type=\"cryptlight_elementor_details.default\">\n\t\t\t\t<div class=\"elementor-widget-container\">\n\t\t\t\t\t\t\t\t<div class=\"ova-details linear-gradient-active\">\n\t\t\t\t\t\t\t\t\t\t\t\t\t<div class=\"desc\">\n\t\t\t\t\t\tE-CAD y\u00f6netimi, elektronik \u00fcr\u00fcnlerin tasar\u0131m a\u015famas\u0131nda kullan\u0131lan elektronik tasar\u0131m verilerinin olu\u015fturulmas\u0131n\u0131, y\u00f6netilmesini, payla\u015f\u0131lmas\u0131n\u0131 ve kontrol edilmesini i\u00e7erir. Bu veriler, devre \u015femalar\u0131, bile\u015fen listeleri, bask\u0131l\u0131 devre kart\u0131 (PCB) tasar\u0131mlar\u0131, sim\u00fclasyon sonu\u00e7lar\u0131 ve \u00fcretim dosyalar\u0131n\u0131 i\u00e7erebilir.\t\t\t\t\t<\/div>\n\t\t\t\t\t\t\t<\/div>\n\t\t\t\t<\/div>\n\t\t\t\t<\/div>\n\t\t\t\t<div class=\"elementor-element elementor-element-e8cf3be elementor-widget elementor-widget-image\" data-id=\"e8cf3be\" data-element_type=\"widget\" data-widget_type=\"image.default\">\n\t\t\t\t<div class=\"elementor-widget-container\">\n\t\t\t<style>\/*! elementor - v3.5.6 - 28-02-2022 *\/\n.elementor-widget-image{text-align:center}.elementor-widget-image a{display:inline-block}.elementor-widget-image a img[src$=\".svg\"]{width:48px}.elementor-widget-image img{vertical-align:middle;display:inline-block}<\/style>\t\t\t\t\t\t\t\t\t\t\t\t<img loading=\"lazy\" decoding=\"async\" width=\"800\" height=\"475\" src=\"https:\/\/www.creas-technology.com\/wp-content\/uploads\/2023\/05\/rsz_plm_overview_video_for_beginners-1.jpg\" class=\"attachment-full size-full\" alt=\"\" srcset=\"https:\/\/www.creas-technology.com\/wp-content\/uploads\/2023\/05\/rsz_plm_overview_video_for_beginners-1.jpg 800w, https:\/\/www.creas-technology.com\/wp-content\/uploads\/2023\/05\/rsz_plm_overview_video_for_beginners-1-300x178.jpg 300w, https:\/\/www.creas-technology.com\/wp-content\/uploads\/2023\/05\/rsz_plm_overview_video_for_beginners-1-768x456.jpg 768w\" sizes=\"auto, (max-width: 800px) 100vw, 800px\" \/>\t\t\t\t\t\t\t\t\t\t\t\t\t\t\t<\/div>\n\t\t\t\t<\/div>\n\t\t\t\t<div class=\"elementor-element elementor-element-135771f elementor-widget elementor-widget-cryptlight_elementor_details\" data-id=\"135771f\" data-element_type=\"widget\" data-widget_type=\"cryptlight_elementor_details.default\">\n\t\t\t\t<div class=\"elementor-widget-container\">\n\t\t\t\t\t\t\t\t<div class=\"ova-details linear-gradient-active\">\n\t\t\t\t\t\t\t\t\t\t\t\t\t<div class=\"desc\">\n\t\t\t\t\t\tPLM hizmetleri, E-CAD y\u00f6netimini a\u015fa\u011f\u0131daki \u015fekillerde destekler:\t\t\t\t\t<\/div>\n\t\t\t\t\t\t\t<\/div>\n\t\t\t\t<\/div>\n\t\t\t\t<\/div>\n\t\t\t\t<div class=\"elementor-element elementor-element-f52348e elementor-widget elementor-widget-cryptlight_elementor_details\" data-id=\"f52348e\" data-element_type=\"widget\" data-widget_type=\"cryptlight_elementor_details.default\">\n\t\t\t\t<div class=\"elementor-widget-container\">\n\t\t\t\t\t\t\t\t<div class=\"ova-details linear-gradient-active\">\n\t\t\t\t\t\t\t\t\t\t\t\t\t<div class=\"desc\">\n\t\t\t\t\t\tVeri Olu\u015fturma: Elektronik tasar\u0131m s\u00fcrecindeki veriler, E-CAD ara\u00e7lar\u0131 kullan\u0131larak olu\u015fturulur. Devre \u015femalar\u0131, bile\u015fen listeleri, PCB tasar\u0131mlar\u0131 ve di\u011fer elektronik tasar\u0131m verileri bu a\u015famada olu\u015fturulur. Bu veriler, tasar\u0131m do\u011frulu\u011fu ve \u00fcretilebilirlik a\u00e7\u0131s\u0131ndan dikkatle kontrol edilir.\t\t\t\t\t<\/div>\n\t\t\t\t\t\t\t<\/div>\n\t\t\t\t<\/div>\n\t\t\t\t<\/div>\n\t\t\t\t<div class=\"elementor-element elementor-element-88fa3d2 elementor-widget elementor-widget-cryptlight_elementor_details\" data-id=\"88fa3d2\" data-element_type=\"widget\" data-widget_type=\"cryptlight_elementor_details.default\">\n\t\t\t\t<div class=\"elementor-widget-container\">\n\t\t\t\t\t\t\t\t<div class=\"ova-details linear-gradient-active\">\n\t\t\t\t\t\t\t\t\t\t\t\t\t<div class=\"desc\">\n\t\t\t\t\t\tVeri Y\u00f6netimi: E-CAD y\u00f6netimi, tasar\u0131m verilerinin g\u00fcvenli bir \u015fekilde saklanmas\u0131n\u0131, payla\u015f\u0131lmas\u0131n\u0131 ve y\u00f6netilmesini sa\u011flar. Bu, merkezi bir veritaban\u0131 veya di\u011fer veri y\u00f6netimi sistemleri arac\u0131l\u0131\u011f\u0131yla ger\u00e7ekle\u015ftirilebilir. E-CAD verileri, proje ve \u00fcr\u00fcn d\u00fczeyinde d\u00fczenlenir, s\u00fcr\u00fcm kontrol\u00fc yap\u0131l\u0131r ve gerekti\u011finde geriye d\u00f6n\u00fck takip edilebilir.\t\t\t\t\t<\/div>\n\t\t\t\t\t\t\t<\/div>\n\t\t\t\t<\/div>\n\t\t\t\t<\/div>\n\t\t\t\t<div class=\"elementor-element elementor-element-b2bfa7c elementor-widget elementor-widget-cryptlight_elementor_details\" data-id=\"b2bfa7c\" data-element_type=\"widget\" data-widget_type=\"cryptlight_elementor_details.default\">\n\t\t\t\t<div class=\"elementor-widget-container\">\n\t\t\t\t\t\t\t\t<div class=\"ova-details linear-gradient-active\">\n\t\t\t\t\t\t\t\t\t\t\t\t\t<div class=\"desc\">\n\t\t\t\t\t\t\u0130\u015fbirli\u011fi ve Payla\u015f\u0131m: E-CAD y\u00f6netimi, farkl\u0131 departmanlar, ekipler veya tedarik\u00e7iler aras\u0131ndaki i\u015fbirli\u011fini kolayla\u015ft\u0131r\u0131r. Tasar\u0131m verileri, yetkilendirilmi\u015f ki\u015filerin eri\u015fimine ba\u011fl\u0131 olarak payla\u015f\u0131labilir. Bu, tasar\u0131m ekibinin ve ilgili taraflar\u0131n g\u00fcncel verilere eri\u015fimini ve etkile\u015fimini sa\u011flar.\t\t\t\t\t<\/div>\n\t\t\t\t\t\t\t<\/div>\n\t\t\t\t<\/div>\n\t\t\t\t<\/div>\n\t\t\t\t<div class=\"elementor-element elementor-element-b648c76 elementor-widget elementor-widget-cryptlight_elementor_details\" data-id=\"b648c76\" data-element_type=\"widget\" data-widget_type=\"cryptlight_elementor_details.default\">\n\t\t\t\t<div class=\"elementor-widget-container\">\n\t\t\t\t\t\t\t\t<div class=\"ova-details linear-gradient-active\">\n\t\t\t\t\t\t\t\t\t\t\t\t\t<div class=\"desc\">\n\t\t\t\t\t\tDe\u011fi\u015fiklik Y\u00f6netimi: E-CAD y\u00f6netimi, tasar\u0131m de\u011fi\u015fikliklerini takip etmek ve y\u00f6netmek i\u00e7in bir s\u00fcre\u00e7 sa\u011flar. Tasar\u0131m de\u011fi\u015fiklikleri, izlenebilir ve belgelendirilir. Bu sayede, herhangi bir de\u011fi\u015fikli\u011fin nedeni, tarihi ve etkileri kaydedilir.\t\t\t\t\t<\/div>\n\t\t\t\t\t\t\t<\/div>\n\t\t\t\t<\/div>\n\t\t\t\t<\/div>\n\t\t\t\t<div class=\"elementor-element elementor-element-b228b47 elementor-widget elementor-widget-cryptlight_elementor_details\" data-id=\"b228b47\" data-element_type=\"widget\" data-widget_type=\"cryptlight_elementor_details.default\">\n\t\t\t\t<div class=\"elementor-widget-container\">\n\t\t\t\t\t\t\t\t<div class=\"ova-details linear-gradient-active\">\n\t\t\t\t\t\t\t\t\t\t\t\t\t<div class=\"desc\">\n\t\t\t\t\t\tE-CAD y\u00f6netimi, tasar\u0131m s\u00fcrecinin verimlili\u011fini art\u0131r\u0131r, hatalar\u0131 azalt\u0131r, tasar\u0131m uyumlulu\u011funu sa\u011flar ve \u00fcr\u00fcn kalitesini art\u0131r\u0131r. Ayr\u0131ca, t\u00fcm payda\u015flar\u0131n g\u00fcncel verilere eri\u015fimini sa\u011flayarak i\u015fbirli\u011fini kolayla\u015ft\u0131r\u0131r ve \u00fcr\u00fcn geli\u015ftirme s\u00fcrecini optimize eder.\t\t\t\t\t<\/div>\n\t\t\t\t\t\t\t<\/div>\n\t\t\t\t<\/div>\n\t\t\t\t<\/div>\n\t\t\t\t\t<\/div>\n\t\t<\/div>\n\t\t\t\t\t\t\t<\/div>\n\t\t<\/section>\n\t\t\t\t<section class=\"elementor-section elementor-inner-section elementor-element elementor-element-2e6b7cf elementor-section-boxed elementor-section-height-default elementor-section-height-default\" data-id=\"2e6b7cf\" data-element_type=\"section\">\n\t\t\t\t\t\t<div class=\"elementor-container elementor-column-gap-default\">\n\t\t\t\t\t<div class=\"elementor-column elementor-col-100 elementor-inner-column elementor-element elementor-element-453fdae\" data-id=\"453fdae\" data-element_type=\"column\">\n\t\t\t<div class=\"elementor-widget-wrap elementor-element-populated\">\n\t\t\t\t\t\t\t\t<div class=\"elementor-element elementor-element-abc2b1d elementor-widget elementor-widget-heading\" data-id=\"abc2b1d\" data-element_type=\"widget\" data-widget_type=\"heading.default\">\n\t\t\t\t<div class=\"elementor-widget-container\">\n\t\t\t<style>\/*! elementor - v3.5.6 - 28-02-2022 *\/\n.elementor-heading-title{padding:0;margin:0;line-height:1}.elementor-widget-heading .elementor-heading-title[class*=elementor-size-]>a{color:inherit;font-size:inherit;line-height:inherit}.elementor-widget-heading .elementor-heading-title.elementor-size-small{font-size:15px}.elementor-widget-heading .elementor-heading-title.elementor-size-medium{font-size:19px}.elementor-widget-heading .elementor-heading-title.elementor-size-large{font-size:29px}.elementor-widget-heading .elementor-heading-title.elementor-size-xl{font-size:39px}.elementor-widget-heading .elementor-heading-title.elementor-size-xxl{font-size:59px}<\/style><h2 class=\"elementor-heading-title elementor-size-default\"><a href=\"https:\/\/www.plm.automation.siemens.com\/global\/en\/search.html?query=E-CAD+Management\" target=\"_blank\">Siemens'in sayfas\u0131ndan daha fazla bilgiye eri\u015fmek i\u00e7in t\u0131klay\u0131n\u0131z.<\/a><\/h2>\t\t<\/div>\n\t\t\t\t<\/div>\n\t\t\t\t\t<\/div>\n\t\t<\/div>\n\t\t\t\t\t\t\t<\/div>\n\t\t<\/section>\n\t\t\t\t\t<\/div>\n\t\t<\/div>\n\t\t\t\t\t\t\t<\/div>\n\t\t<\/section>\n\t\t\t\t\t\t<\/div>\n\t\t\t\t\t<\/div>\n\t\t","protected":false},"excerpt":{"rendered":"<p>E-CAD y\u00f6netimi, elektronik \u00fcr\u00fcnlerin tasar\u0131m a\u015famas\u0131nda kullan\u0131lan elektronik tasar\u0131m verilerinin olu\u015fturulmas\u0131n\u0131, y\u00f6netilmesini, payla\u015f\u0131lmas\u0131n\u0131 ve kontrol edilmesini i\u00e7erir. Bu veriler, devre \u015femalar\u0131, bile\u015fen listeleri, bask\u0131l\u0131 devre kart\u0131 (PCB) tasar\u0131mlar\u0131, sim\u00fclasyon sonu\u00e7lar\u0131 ve \u00fcretim dosyalar\u0131n\u0131 i\u00e7erebilir. PLM hizmetleri, E-CAD y\u00f6netimini a\u015fa\u011f\u0131daki \u015fekillerde destekler: Veri Olu\u015fturma: Elektronik tasar\u0131m s\u00fcrecindeki veriler, E-CAD ara\u00e7lar\u0131 kullan\u0131larak olu\u015fturulur. Devre \u015femalar\u0131, bile\u015fen listeleri, [&hellip;]<\/p>\n","protected":false},"author":2,"featured_media":0,"parent":0,"menu_order":0,"comment_status":"closed","ping_status":"closed","template":"elementor_header_footer","meta":{"footnotes":""},"class_list":["post-9201","page","type-page","status-publish","hentry"],"_links":{"self":[{"href":"https:\/\/www.creas-technology.com\/index.php\/wp-json\/wp\/v2\/pages\/9201","targetHints":{"allow":["GET"]}}],"collection":[{"href":"https:\/\/www.creas-technology.com\/index.php\/wp-json\/wp\/v2\/pages"}],"about":[{"href":"https:\/\/www.creas-technology.com\/index.php\/wp-json\/wp\/v2\/types\/page"}],"author":[{"embeddable":true,"href":"https:\/\/www.creas-technology.com\/index.php\/wp-json\/wp\/v2\/users\/2"}],"replies":[{"embeddable":true,"href":"https:\/\/www.creas-technology.com\/index.php\/wp-json\/wp\/v2\/comments?post=9201"}],"version-history":[{"count":8,"href":"https:\/\/www.creas-technology.com\/index.php\/wp-json\/wp\/v2\/pages\/9201\/revisions"}],"predecessor-version":[{"id":9724,"href":"https:\/\/www.creas-technology.com\/index.php\/wp-json\/wp\/v2\/pages\/9201\/revisions\/9724"}],"wp:attachment":[{"href":"https:\/\/www.creas-technology.com\/index.php\/wp-json\/wp\/v2\/media?parent=9201"}],"curies":[{"name":"wp","href":"https:\/\/api.w.org\/{rel}","templated":true}]}}