{"id":9258,"date":"2023-05-29T08:42:54","date_gmt":"2023-05-29T05:42:54","guid":{"rendered":"https:\/\/www.creas-technology.com\/?page_id=9258"},"modified":"2023-09-17T18:16:44","modified_gmt":"2023-09-17T15:16:44","slug":"cad-entegrasyonlari","status":"publish","type":"page","link":"https:\/\/www.creas-technology.com\/index.php\/cad-entegrasyonlari\/","title":{"rendered":"CAD Entegrasyonlar\u0131"},"content":{"rendered":"\t\t<div data-elementor-type=\"wp-page\" data-elementor-id=\"9258\" class=\"elementor elementor-9258\" data-elementor-settings=\"[]\">\n\t\t\t\t\t\t\t<div class=\"elementor-section-wrap\">\n\t\t\t\t\t\t\t<section class=\"elementor-section elementor-top-section elementor-element elementor-element-f164ea1 elementor-section-boxed elementor-section-height-default elementor-section-height-default\" data-id=\"f164ea1\" data-element_type=\"section\" data-settings=\"{&quot;background_background&quot;:&quot;classic&quot;}\">\n\t\t\t\t\t\t<div class=\"elementor-container elementor-column-gap-default\">\n\t\t\t\t\t<div class=\"elementor-column elementor-col-100 elementor-top-column elementor-element elementor-element-201fc1f\" data-id=\"201fc1f\" data-element_type=\"column\">\n\t\t\t<div class=\"elementor-widget-wrap elementor-element-populated\">\n\t\t\t\t\t\t\t\t<section class=\"elementor-section elementor-inner-section elementor-element elementor-element-635f3b0 elementor-section-boxed elementor-section-height-default elementor-section-height-default\" data-id=\"635f3b0\" data-element_type=\"section\">\n\t\t\t\t\t\t<div class=\"elementor-container elementor-column-gap-default\">\n\t\t\t\t\t<div class=\"elementor-column elementor-col-100 elementor-inner-column elementor-element elementor-element-5ef2f3d\" data-id=\"5ef2f3d\" data-element_type=\"column\">\n\t\t\t<div class=\"elementor-widget-wrap elementor-element-populated\">\n\t\t\t\t\t\t\t\t<div class=\"elementor-element elementor-element-09fa15f elementor-widget elementor-widget-cryptlight_elementor_details\" data-id=\"09fa15f\" data-element_type=\"widget\" data-widget_type=\"cryptlight_elementor_details.default\">\n\t\t\t\t<div class=\"elementor-widget-container\">\n\t\t\t\t\t\t\t\t<div class=\"ova-details linear-gradient-active\">\n\t\t\t\t\t\t\t\t\t\t\t\t\t<div class=\"desc\">\n\t\t\t\t\t\t&quot;CAD Entegrasyonlar\u0131&quot; ba\u015fl\u0131\u011f\u0131, PLM (Product Lifecycle Management - \u00dcr\u00fcn Ya\u015fam D\u00f6ng\u00fcs\u00fc Y\u00f6netimi) hizmetlerinde \u00f6nemli bir bile\u015feni ifade eder. CAD (Computer-Aided Design - Bilgisayar Destekli Tasar\u0131m) entegrasyonlar\u0131, tasar\u0131m verilerinin ve CAD yaz\u0131l\u0131mlar\u0131n\u0131n PLM sistemiyle birle\u015ftirilmesini sa\u011flayan s\u00fcre\u00e7leri ve ara\u00e7lar\u0131 kapsar. Bu entegrasyonlar, tasar\u0131m s\u00fcrecini y\u00f6netmek, verileri payla\u015fmak ve daha iyi i\u015fbirli\u011fi sa\u011flamak i\u00e7in tasar\u0131m ve PLM sistemleri aras\u0131nda bir ba\u011flant\u0131 kurar.\t\t\t\t\t<\/div>\n\t\t\t\t\t\t\t<\/div>\n\t\t\t\t<\/div>\n\t\t\t\t<\/div>\n\t\t\t\t<div class=\"elementor-element elementor-element-bb8867f elementor-widget elementor-widget-image\" data-id=\"bb8867f\" data-element_type=\"widget\" data-widget_type=\"image.default\">\n\t\t\t\t<div class=\"elementor-widget-container\">\n\t\t\t<style>\/*! elementor - v3.5.6 - 28-02-2022 *\/\n.elementor-widget-image{text-align:center}.elementor-widget-image a{display:inline-block}.elementor-widget-image a img[src$=\".svg\"]{width:48px}.elementor-widget-image img{vertical-align:middle;display:inline-block}<\/style>\t\t\t\t\t\t\t\t\t\t\t\t<img loading=\"lazy\" decoding=\"async\" width=\"800\" height=\"604\" src=\"https:\/\/www.creas-technology.com\/wp-content\/uploads\/2023\/05\/eydone-cad-3.jpg\" class=\"attachment-2048x2048 size-2048x2048\" alt=\"\" srcset=\"https:\/\/www.creas-technology.com\/wp-content\/uploads\/2023\/05\/eydone-cad-3.jpg 800w, https:\/\/www.creas-technology.com\/wp-content\/uploads\/2023\/05\/eydone-cad-3-300x227.jpg 300w, https:\/\/www.creas-technology.com\/wp-content\/uploads\/2023\/05\/eydone-cad-3-768x580.jpg 768w\" sizes=\"auto, (max-width: 800px) 100vw, 800px\" \/>\t\t\t\t\t\t\t\t\t\t\t\t\t\t\t<\/div>\n\t\t\t\t<\/div>\n\t\t\t\t<div class=\"elementor-element elementor-element-5e0dce4 elementor-widget elementor-widget-cryptlight_elementor_details\" data-id=\"5e0dce4\" data-element_type=\"widget\" data-widget_type=\"cryptlight_elementor_details.default\">\n\t\t\t\t<div class=\"elementor-widget-container\">\n\t\t\t\t\t\t\t\t<div class=\"ova-details linear-gradient-active\">\n\t\t\t\t\t\t\t\t\t\t\t\t\t<div class=\"desc\">\n\t\t\t\t\t\tCAD entegrasyonlar\u0131, a\u015fa\u011f\u0131daki \u015fekillerde ger\u00e7ekle\u015ftirilebilir:\t\t\t\t\t<\/div>\n\t\t\t\t\t\t\t<\/div>\n\t\t\t\t<\/div>\n\t\t\t\t<\/div>\n\t\t\t\t<div class=\"elementor-element elementor-element-9cdfdb2 elementor-widget elementor-widget-cryptlight_elementor_details\" data-id=\"9cdfdb2\" data-element_type=\"widget\" data-widget_type=\"cryptlight_elementor_details.default\">\n\t\t\t\t<div class=\"elementor-widget-container\">\n\t\t\t\t\t\t\t\t<div class=\"ova-details linear-gradient-active\">\n\t\t\t\t\t\t\t\t\t\t\t\t\t<div class=\"desc\">\n\t\t\t\t\t\tCAD Veri Y\u00f6netimi: CAD entegrasyonlar\u0131, tasar\u0131m verilerinin PLM sistemine aktar\u0131lmas\u0131n\u0131 ve y\u00f6netilmesini sa\u011flar. CAD modelleri, \u00e7izimler, montajlar ve di\u011fer tasar\u0131m verileri PLM sisteminde depolan\u0131r, y\u00f6netilir ve s\u00fcrd\u00fcr\u00fclebilir hale getirilir. Bu, tasar\u0131m verilerinin merkezi bir veritaban\u0131nda g\u00fcvenli ve eri\u015filebilir bir \u015fekilde saklanmas\u0131n\u0131 sa\u011flar.\t\t\t\t\t<\/div>\n\t\t\t\t\t\t\t<\/div>\n\t\t\t\t<\/div>\n\t\t\t\t<\/div>\n\t\t\t\t<div class=\"elementor-element elementor-element-3b2107f elementor-widget elementor-widget-cryptlight_elementor_details\" data-id=\"3b2107f\" data-element_type=\"widget\" data-widget_type=\"cryptlight_elementor_details.default\">\n\t\t\t\t<div class=\"elementor-widget-container\">\n\t\t\t\t\t\t\t\t<div class=\"ova-details linear-gradient-active\">\n\t\t\t\t\t\t\t\t\t\t\t\t\t<div class=\"desc\">\n\t\t\t\t\t\tDe\u011fi\u015fiklik Y\u00f6netimi: CAD entegrasyonlar\u0131, tasar\u0131m de\u011fi\u015fikliklerini izlemek, y\u00f6netmek ve kontrol etmek i\u00e7in PLM sistemini kullan\u0131r. Tasar\u0131m de\u011fi\u015fiklikleri, CAD modellerinde veya ilgili belgelerde yap\u0131ld\u0131\u011f\u0131nda, PLM sistemi \u00fczerinden y\u00f6netilir. Bu, de\u011fi\u015fiklik taleplerinin izlenmesini, onay s\u00fcre\u00e7lerini y\u00f6netmeyi ve g\u00fcncellenmi\u015f tasar\u0131m verilerini t\u00fcm ilgili payda\u015flarla payla\u015fmay\u0131 sa\u011flar.\t\t\t\t\t<\/div>\n\t\t\t\t\t\t\t<\/div>\n\t\t\t\t<\/div>\n\t\t\t\t<\/div>\n\t\t\t\t<div class=\"elementor-element elementor-element-335a5ac elementor-widget elementor-widget-cryptlight_elementor_details\" data-id=\"335a5ac\" data-element_type=\"widget\" data-widget_type=\"cryptlight_elementor_details.default\">\n\t\t\t\t<div class=\"elementor-widget-container\">\n\t\t\t\t\t\t\t\t<div class=\"ova-details linear-gradient-active\">\n\t\t\t\t\t\t\t\t\t\t\t\t\t<div class=\"desc\">\n\t\t\t\t\t\t\u0130\u015fbirli\u011fi: CAD entegrasyonlar\u0131, tasar\u0131m ekipleri aras\u0131nda i\u015fbirli\u011fini art\u0131rmak i\u00e7in PLM sistemi ile CAD yaz\u0131l\u0131mlar\u0131 aras\u0131nda veri payla\u015f\u0131m\u0131n\u0131 kolayla\u015ft\u0131r\u0131r. Tasar\u0131m verileri, PLM sistemi \u00fczerinden payla\u015f\u0131labilir ve eri\u015filebilir hale getirilir, b\u00f6ylece ekip \u00fcyeleri farkl\u0131 lokasyonlarda olsalar bile g\u00fcncel verilere eri\u015febilir. Bu, tasar\u0131m s\u00fcrecindeki i\u015fbirli\u011fini geli\u015ftirir ve hatalar\u0131n azalt\u0131lmas\u0131na ve verimlili\u011fin art\u0131r\u0131lmas\u0131na yard\u0131mc\u0131 olur.\t\t\t\t\t<\/div>\n\t\t\t\t\t\t\t<\/div>\n\t\t\t\t<\/div>\n\t\t\t\t<\/div>\n\t\t\t\t<div class=\"elementor-element elementor-element-98d7886 elementor-widget elementor-widget-cryptlight_elementor_details\" data-id=\"98d7886\" data-element_type=\"widget\" data-widget_type=\"cryptlight_elementor_details.default\">\n\t\t\t\t<div class=\"elementor-widget-container\">\n\t\t\t\t\t\t\t\t<div class=\"ova-details linear-gradient-active\">\n\t\t\t\t\t\t\t\t\t\t\t\t\t<div class=\"desc\">\n\t\t\t\t\t\tOnay S\u00fcre\u00e7leri: CAD entegrasyonlar\u0131, tasar\u0131mlar\u0131n onay s\u00fcre\u00e7lerini PLM sistemine entegre eder. Tasar\u0131m de\u011fi\u015fiklikleri veya yeni tasar\u0131mlar, PLM sistemi \u00fczerinden belirli onay s\u00fcre\u00e7lerinden ge\u00e7irilir. Bu, tasar\u0131m\u0131n do\u011fruland\u0131\u011f\u0131ndan ve onayland\u0131\u011f\u0131ndan emin olmay\u0131 sa\u011flar. Ayr\u0131ca, tasar\u0131m s\u00fcrecinin izlenebilir ve uyumlu bir \u015fekilde y\u00fcr\u00fct\u00fclmesine yard\u0131mc\u0131 olur.\t\t\t\t\t<\/div>\n\t\t\t\t\t\t\t<\/div>\n\t\t\t\t<\/div>\n\t\t\t\t<\/div>\n\t\t\t\t<div class=\"elementor-element elementor-element-db81400 elementor-widget elementor-widget-cryptlight_elementor_details\" data-id=\"db81400\" data-element_type=\"widget\" data-widget_type=\"cryptlight_elementor_details.default\">\n\t\t\t\t<div class=\"elementor-widget-container\">\n\t\t\t\t\t\t\t\t<div class=\"ova-details linear-gradient-active\">\n\t\t\t\t\t\t\t\t\t\t\t\t\t<div class=\"desc\">\n\t\t\t\t\t\tCAD entegrasyonlar\u0131, tasar\u0131m s\u00fcrecinin PLM s\u00fcre\u00e7leriyle entegre bir \u015fekilde y\u00f6netilmesini sa\u011flar. Bu, tasar\u0131m verilerinin g\u00fcvenli bir \u015fekilde saklanmas\u0131n\u0131, de\u011fi\u015fikliklerin y\u00f6netilmesini, i\u015fbirli\u011fini art\u0131r\u0131lmas\u0131n\u0131 ve onay s\u00fcre\u00e7lerinin iyile\u015ftirilmesini sa\u011flar. Bu entegrasyonlar, \u00fcr\u00fcn ya\u015fam d\u00f6ng\u00fcs\u00fcn\u00fcn tasar\u0131m a\u015famas\u0131nda etkinlik, verimlilik ve kaliteyi art\u0131rabilir.\t\t\t\t\t<\/div>\n\t\t\t\t\t\t\t<\/div>\n\t\t\t\t<\/div>\n\t\t\t\t<\/div>\n\t\t\t\t<div class=\"elementor-element elementor-element-2693dd1 elementor-widget elementor-widget-image\" data-id=\"2693dd1\" data-element_type=\"widget\" data-widget_type=\"image.default\">\n\t\t\t\t<div class=\"elementor-widget-container\">\n\t\t\t\t\t\t\t\t\t\t\t\t\t\t\t<img loading=\"lazy\" decoding=\"async\" width=\"1400\" height=\"550\" src=\"https:\/\/www.creas-technology.com\/wp-content\/uploads\/2023\/05\/hizmetlerimiz-entegrasyon.jpg\" class=\"attachment-1536x1536 size-1536x1536\" alt=\"\" srcset=\"https:\/\/www.creas-technology.com\/wp-content\/uploads\/2023\/05\/hizmetlerimiz-entegrasyon.jpg 1400w, https:\/\/www.creas-technology.com\/wp-content\/uploads\/2023\/05\/hizmetlerimiz-entegrasyon-300x118.jpg 300w, https:\/\/www.creas-technology.com\/wp-content\/uploads\/2023\/05\/hizmetlerimiz-entegrasyon-1024x402.jpg 1024w, https:\/\/www.creas-technology.com\/wp-content\/uploads\/2023\/05\/hizmetlerimiz-entegrasyon-768x302.jpg 768w\" sizes=\"auto, (max-width: 1400px) 100vw, 1400px\" \/>\t\t\t\t\t\t\t\t\t\t\t\t\t\t\t<\/div>\n\t\t\t\t<\/div>\n\t\t\t\t\t<\/div>\n\t\t<\/div>\n\t\t\t\t\t\t\t<\/div>\n\t\t<\/section>\n\t\t\t\t<section class=\"elementor-section elementor-inner-section elementor-element elementor-element-82a3f91 elementor-section-boxed elementor-section-height-default elementor-section-height-default\" data-id=\"82a3f91\" data-element_type=\"section\">\n\t\t\t\t\t\t<div class=\"elementor-container elementor-column-gap-default\">\n\t\t\t\t\t<div class=\"elementor-column elementor-col-100 elementor-inner-column elementor-element elementor-element-7fbbf9f\" data-id=\"7fbbf9f\" data-element_type=\"column\">\n\t\t\t<div class=\"elementor-widget-wrap elementor-element-populated\">\n\t\t\t\t\t\t\t\t<div class=\"elementor-element elementor-element-425041a elementor-widget elementor-widget-heading\" data-id=\"425041a\" data-element_type=\"widget\" data-widget_type=\"heading.default\">\n\t\t\t\t<div class=\"elementor-widget-container\">\n\t\t\t<style>\/*! elementor - v3.5.6 - 28-02-2022 *\/\n.elementor-heading-title{padding:0;margin:0;line-height:1}.elementor-widget-heading .elementor-heading-title[class*=elementor-size-]>a{color:inherit;font-size:inherit;line-height:inherit}.elementor-widget-heading .elementor-heading-title.elementor-size-small{font-size:15px}.elementor-widget-heading .elementor-heading-title.elementor-size-medium{font-size:19px}.elementor-widget-heading .elementor-heading-title.elementor-size-large{font-size:29px}.elementor-widget-heading .elementor-heading-title.elementor-size-xl{font-size:39px}.elementor-widget-heading .elementor-heading-title.elementor-size-xxl{font-size:59px}<\/style><h2 class=\"elementor-heading-title elementor-size-default\"><a href=\"https:\/\/www.plm.automation.siemens.com\/global\/en\/search.html?query=CAD+Integrations\" target=\"_blank\">Siemens'in sayfas\u0131ndan daha fazla bilgiye eri\u015fmek i\u00e7in t\u0131klay\u0131n\u0131z.<\/a><\/h2>\t\t<\/div>\n\t\t\t\t<\/div>\n\t\t\t\t\t<\/div>\n\t\t<\/div>\n\t\t\t\t\t\t\t<\/div>\n\t\t<\/section>\n\t\t\t\t\t<\/div>\n\t\t<\/div>\n\t\t\t\t\t\t\t<\/div>\n\t\t<\/section>\n\t\t\t\t\t\t<\/div>\n\t\t\t\t\t<\/div>\n\t\t","protected":false},"excerpt":{"rendered":"<p>&quot;CAD Entegrasyonlar\u0131&quot; ba\u015fl\u0131\u011f\u0131, PLM (Product Lifecycle Management &#8211; \u00dcr\u00fcn Ya\u015fam D\u00f6ng\u00fcs\u00fc Y\u00f6netimi) hizmetlerinde \u00f6nemli bir bile\u015feni ifade eder. CAD (Computer-Aided Design &#8211; Bilgisayar Destekli Tasar\u0131m) entegrasyonlar\u0131, tasar\u0131m verilerinin ve CAD yaz\u0131l\u0131mlar\u0131n\u0131n PLM sistemiyle birle\u015ftirilmesini sa\u011flayan s\u00fcre\u00e7leri ve ara\u00e7lar\u0131 kapsar. Bu entegrasyonlar, tasar\u0131m s\u00fcrecini y\u00f6netmek, verileri payla\u015fmak ve daha iyi i\u015fbirli\u011fi sa\u011flamak i\u00e7in tasar\u0131m ve PLM [&hellip;]<\/p>\n","protected":false},"author":2,"featured_media":0,"parent":0,"menu_order":0,"comment_status":"closed","ping_status":"closed","template":"elementor_header_footer","meta":{"footnotes":""},"class_list":["post-9258","page","type-page","status-publish","hentry"],"_links":{"self":[{"href":"https:\/\/www.creas-technology.com\/index.php\/wp-json\/wp\/v2\/pages\/9258","targetHints":{"allow":["GET"]}}],"collection":[{"href":"https:\/\/www.creas-technology.com\/index.php\/wp-json\/wp\/v2\/pages"}],"about":[{"href":"https:\/\/www.creas-technology.com\/index.php\/wp-json\/wp\/v2\/types\/page"}],"author":[{"embeddable":true,"href":"https:\/\/www.creas-technology.com\/index.php\/wp-json\/wp\/v2\/users\/2"}],"replies":[{"embeddable":true,"href":"https:\/\/www.creas-technology.com\/index.php\/wp-json\/wp\/v2\/comments?post=9258"}],"version-history":[{"count":11,"href":"https:\/\/www.creas-technology.com\/index.php\/wp-json\/wp\/v2\/pages\/9258\/revisions"}],"predecessor-version":[{"id":9716,"href":"https:\/\/www.creas-technology.com\/index.php\/wp-json\/wp\/v2\/pages\/9258\/revisions\/9716"}],"wp:attachment":[{"href":"https:\/\/www.creas-technology.com\/index.php\/wp-json\/wp\/v2\/media?parent=9258"}],"curies":[{"name":"wp","href":"https:\/\/api.w.org\/{rel}","templated":true}]}}