{"id":9281,"date":"2023-05-29T09:15:39","date_gmt":"2023-05-29T06:15:39","guid":{"rendered":"https:\/\/www.creas-technology.com\/?page_id=9281"},"modified":"2023-09-17T18:23:15","modified_gmt":"2023-09-17T15:23:15","slug":"icerik-yonetimi","status":"publish","type":"page","link":"https:\/\/www.creas-technology.com\/index.php\/icerik-yonetimi\/","title":{"rendered":"\u0130\u00e7erik y\u00f6netimi"},"content":{"rendered":"\t\t<div data-elementor-type=\"wp-page\" data-elementor-id=\"9281\" class=\"elementor elementor-9281\" data-elementor-settings=\"[]\">\n\t\t\t\t\t\t\t<div class=\"elementor-section-wrap\">\n\t\t\t\t\t\t\t<section class=\"elementor-section elementor-top-section elementor-element elementor-element-b73b263 elementor-section-boxed elementor-section-height-default elementor-section-height-default\" data-id=\"b73b263\" data-element_type=\"section\" data-settings=\"{&quot;background_background&quot;:&quot;classic&quot;}\">\n\t\t\t\t\t\t<div class=\"elementor-container elementor-column-gap-default\">\n\t\t\t\t\t<div class=\"elementor-column elementor-col-100 elementor-top-column elementor-element elementor-element-e8714eb\" data-id=\"e8714eb\" data-element_type=\"column\">\n\t\t\t<div class=\"elementor-widget-wrap elementor-element-populated\">\n\t\t\t\t\t\t\t\t<section class=\"elementor-section elementor-inner-section elementor-element elementor-element-6609ea6 elementor-section-boxed elementor-section-height-default elementor-section-height-default\" data-id=\"6609ea6\" data-element_type=\"section\">\n\t\t\t\t\t\t<div class=\"elementor-container elementor-column-gap-default\">\n\t\t\t\t\t<div class=\"elementor-column elementor-col-100 elementor-inner-column elementor-element elementor-element-84fd966\" data-id=\"84fd966\" data-element_type=\"column\">\n\t\t\t<div class=\"elementor-widget-wrap elementor-element-populated\">\n\t\t\t\t\t\t\t\t<div class=\"elementor-element elementor-element-621da9e elementor-widget elementor-widget-cryptlight_elementor_details\" data-id=\"621da9e\" data-element_type=\"widget\" data-widget_type=\"cryptlight_elementor_details.default\">\n\t\t\t\t<div class=\"elementor-widget-container\">\n\t\t\t\t\t\t\t\t<div class=\"ova-details linear-gradient-active\">\n\t\t\t\t\t\t\t\t\t\t\t\t\t<div class=\"desc\">\n\t\t\t\t\t\t\u0130\u00e7erik y\u00f6netimi, bir \u015firketin \u00fcr\u00fcnlerle ili\u015fkili belgeler, dok\u00fcmantasyonlar ve di\u011fer dijital i\u00e7eriklerin y\u00f6netimi ve kontrol\u00fc s\u00fcrecidir. PLM sistemleri, i\u00e7erik y\u00f6netimi ara\u00e7lar\u0131 ve stratejileriyle birlikte kullan\u0131larak, \u00fcr\u00fcn ya\u015fam d\u00f6ng\u00fcs\u00fc boyunca olu\u015fan i\u00e7eriklerin etkin bir \u015fekilde y\u00f6netilmesi sa\u011flan\u0131r.\t\t\t\t\t<\/div>\n\t\t\t\t\t\t\t<\/div>\n\t\t\t\t<\/div>\n\t\t\t\t<\/div>\n\t\t\t\t<div class=\"elementor-element elementor-element-56e235e elementor-widget elementor-widget-image\" data-id=\"56e235e\" data-element_type=\"widget\" data-widget_type=\"image.default\">\n\t\t\t\t<div class=\"elementor-widget-container\">\n\t\t\t<style>\/*! elementor - v3.5.6 - 28-02-2022 *\/\n.elementor-widget-image{text-align:center}.elementor-widget-image a{display:inline-block}.elementor-widget-image a img[src$=\".svg\"]{width:48px}.elementor-widget-image img{vertical-align:middle;display:inline-block}<\/style>\t\t\t\t\t\t\t\t\t\t\t\t<img loading=\"lazy\" decoding=\"async\" width=\"1536\" height=\"994\" src=\"https:\/\/www.creas-technology.com\/wp-content\/uploads\/2023\/05\/Dijital_Ekranlarda_Icerik_Yonetimi-1536x994.jpg\" class=\"attachment-1536x1536 size-1536x1536\" alt=\"\" srcset=\"https:\/\/www.creas-technology.com\/wp-content\/uploads\/2023\/05\/Dijital_Ekranlarda_Icerik_Yonetimi-1536x994.jpg 1536w, https:\/\/www.creas-technology.com\/wp-content\/uploads\/2023\/05\/Dijital_Ekranlarda_Icerik_Yonetimi-300x194.jpg 300w, https:\/\/www.creas-technology.com\/wp-content\/uploads\/2023\/05\/Dijital_Ekranlarda_Icerik_Yonetimi-1024x663.jpg 1024w, https:\/\/www.creas-technology.com\/wp-content\/uploads\/2023\/05\/Dijital_Ekranlarda_Icerik_Yonetimi-768x497.jpg 768w, https:\/\/www.creas-technology.com\/wp-content\/uploads\/2023\/05\/Dijital_Ekranlarda_Icerik_Yonetimi.jpg 2040w\" sizes=\"auto, (max-width: 1536px) 100vw, 1536px\" \/>\t\t\t\t\t\t\t\t\t\t\t\t\t\t\t<\/div>\n\t\t\t\t<\/div>\n\t\t\t\t<div class=\"elementor-element elementor-element-7b8e2f0 elementor-widget elementor-widget-cryptlight_elementor_details\" data-id=\"7b8e2f0\" data-element_type=\"widget\" data-widget_type=\"cryptlight_elementor_details.default\">\n\t\t\t\t<div class=\"elementor-widget-container\">\n\t\t\t\t\t\t\t\t<div class=\"ova-details linear-gradient-active\">\n\t\t\t\t\t\t\t\t\t\t\t\t\t<div class=\"desc\">\n\t\t\t\t\t\t\u0130\u00e7erik y\u00f6netimi genellikle a\u015fa\u011f\u0131daki faaliyetleri i\u00e7erir:\t\t\t\t\t<\/div>\n\t\t\t\t\t\t\t<\/div>\n\t\t\t\t<\/div>\n\t\t\t\t<\/div>\n\t\t\t\t<div class=\"elementor-element elementor-element-ffe11da elementor-widget elementor-widget-cryptlight_elementor_details\" data-id=\"ffe11da\" data-element_type=\"widget\" data-widget_type=\"cryptlight_elementor_details.default\">\n\t\t\t\t<div class=\"elementor-widget-container\">\n\t\t\t\t\t\t\t\t<div class=\"ova-details linear-gradient-active\">\n\t\t\t\t\t\t\t\t\t\t\t\t\t<div class=\"desc\">\n\t\t\t\t\t\tBelgelerin ve veri tabanlar\u0131n\u0131n y\u00f6netimi: PLM sistemleri, \u00fcr\u00fcnlerle ili\u015fkili belgelerin ve di\u011fer veri tabanlar\u0131n\u0131n merkezi bir depolama alan\u0131 olarak kullan\u0131lmas\u0131n\u0131 sa\u011flar. Bu belgeler, \u00fcr\u00fcn spesifikasyonlar\u0131, teknik \u00e7izimler, kullan\u0131m k\u0131lavuzlar\u0131, montaj talimatlar\u0131, test raporlar\u0131 gibi \u00f6nemli dok\u00fcmantasyonlar\u0131 i\u00e7erebilir. \u0130\u00e7erik y\u00f6netimi, belgelerin d\u00fczenli bir \u015fekilde organize edilmesini, eri\u015filebilir olmas\u0131n\u0131 ve g\u00fcncel kalmas\u0131n\u0131 sa\u011flar.\t\t\t\t\t<\/div>\n\t\t\t\t\t\t\t<\/div>\n\t\t\t\t<\/div>\n\t\t\t\t<\/div>\n\t\t\t\t<div class=\"elementor-element elementor-element-caf158f elementor-widget elementor-widget-cryptlight_elementor_details\" data-id=\"caf158f\" data-element_type=\"widget\" data-widget_type=\"cryptlight_elementor_details.default\">\n\t\t\t\t<div class=\"elementor-widget-container\">\n\t\t\t\t\t\t\t\t<div class=\"ova-details linear-gradient-active\">\n\t\t\t\t\t\t\t\t\t\t\t\t\t<div class=\"desc\">\n\t\t\t\t\t\tVersiyon ve de\u011fi\u015fiklik y\u00f6netimi: \u0130\u00e7erik y\u00f6netimi, belgelerin ve di\u011fer i\u00e7eriklerin farkl\u0131 versiyonlar\u0131n\u0131 ve de\u011fi\u015fikliklerini etkin bir \u015fekilde y\u00f6netir. Bu, belgelerin g\u00fcncellenmesi, de\u011fi\u015ftirilmesi veya revize edilmesi gerekti\u011finde uygun s\u00fcre\u00e7lerin kullan\u0131lmas\u0131n\u0131 i\u00e7erir. Versiyon kontrol\u00fc ve ge\u00e7mi\u015f de\u011fi\u015fikliklerin izlenmesi, belgelerin do\u011frulu\u011funu ve b\u00fct\u00fcnl\u00fc\u011f\u00fcn\u00fc sa\u011flar.\t\t\t\t\t<\/div>\n\t\t\t\t\t\t\t<\/div>\n\t\t\t\t<\/div>\n\t\t\t\t<\/div>\n\t\t\t\t<div class=\"elementor-element elementor-element-10b846a elementor-widget elementor-widget-cryptlight_elementor_details\" data-id=\"10b846a\" data-element_type=\"widget\" data-widget_type=\"cryptlight_elementor_details.default\">\n\t\t\t\t<div class=\"elementor-widget-container\">\n\t\t\t\t\t\t\t\t<div class=\"ova-details linear-gradient-active\">\n\t\t\t\t\t\t\t\t\t\t\t\t\t<div class=\"desc\">\n\t\t\t\t\t\tEri\u015fim kontrol\u00fc ve izin y\u00f6netimi: \u0130\u00e7erik y\u00f6netimi, belgelere ve i\u00e7eriklere eri\u015fimi kontrol etmek ve izinleri y\u00f6netmek i\u00e7in gerekli ara\u00e7lar\u0131 sa\u011flar. Bu, belirli kullan\u0131c\u0131lar\u0131n belirli belgelere eri\u015febilmesini ve de\u011fi\u015fiklik yapabilmesini sa\u011flama yetene\u011fi ile g\u00fcvenlik ve gizlilik gereksinimlerini kar\u015f\u0131lar. \u0130\u00e7erik y\u00f6netimi, kullan\u0131c\u0131 rolleri, izin d\u00fczeyleri ve i\u015fbirli\u011fi gerektiren s\u00fcre\u00e7ler i\u00e7in i\u015f ak\u0131\u015flar\u0131 tan\u0131mlayabilir.\t\t\t\t\t<\/div>\n\t\t\t\t\t\t\t<\/div>\n\t\t\t\t<\/div>\n\t\t\t\t<\/div>\n\t\t\t\t<div class=\"elementor-element elementor-element-8056af0 elementor-widget elementor-widget-cryptlight_elementor_details\" data-id=\"8056af0\" data-element_type=\"widget\" data-widget_type=\"cryptlight_elementor_details.default\">\n\t\t\t\t<div class=\"elementor-widget-container\">\n\t\t\t\t\t\t\t\t<div class=\"ova-details linear-gradient-active\">\n\t\t\t\t\t\t\t\t\t\t\t\t\t<div class=\"desc\">\n\t\t\t\t\t\tArama ve ke\u015fif: \u0130\u00e7erik y\u00f6netimi, kullan\u0131c\u0131lar\u0131n belgelere ve i\u00e7eri\u011fe h\u0131zl\u0131 ve etkili bir \u015fekilde eri\u015febilmelerini sa\u011flayacak arama ve ke\u015fif ara\u00e7lar\u0131 sa\u011flar. Bu, i\u00e7eri\u011fin etiketlenmesi, kategorize edilmesi ve metin tabanl\u0131 arama \u00f6zellikleri kullan\u0131larak i\u00e7eri\u011fin bulunmas\u0131n\u0131 kolayla\u015ft\u0131r\u0131r.\t\t\t\t\t<\/div>\n\t\t\t\t\t\t\t<\/div>\n\t\t\t\t<\/div>\n\t\t\t\t<\/div>\n\t\t\t\t<div class=\"elementor-element elementor-element-ce3deca elementor-widget elementor-widget-cryptlight_elementor_details\" data-id=\"ce3deca\" data-element_type=\"widget\" data-widget_type=\"cryptlight_elementor_details.default\">\n\t\t\t\t<div class=\"elementor-widget-container\">\n\t\t\t\t\t\t\t\t<div class=\"ova-details linear-gradient-active\">\n\t\t\t\t\t\t\t\t\t\t\t\t\t<div class=\"desc\">\n\t\t\t\t\t\t\u0130\u00e7erik payla\u015f\u0131m\u0131 ve i\u015fbirli\u011fi: \u0130\u00e7erik y\u00f6netimi, farkl\u0131 kullan\u0131c\u0131lar ve ekipler aras\u0131nda i\u00e7erik payla\u015f\u0131m\u0131n\u0131 ve i\u015fbirli\u011fini destekler. Bu, dok\u00fcmanlar\u0131n g\u00fcvenli bir \u015fekilde payla\u015f\u0131lmas\u0131n\u0131, geri bildirimlerin toplanmas\u0131n\u0131 ve belgeler \u00fczerindeki i\u015fbirli\u011fini kolayla\u015ft\u0131r\u0131r.\t\t\t\t\t<\/div>\n\t\t\t\t\t\t\t<\/div>\n\t\t\t\t<\/div>\n\t\t\t\t<\/div>\n\t\t\t\t<div class=\"elementor-element elementor-element-3beee12 elementor-widget elementor-widget-cryptlight_elementor_details\" data-id=\"3beee12\" data-element_type=\"widget\" data-widget_type=\"cryptlight_elementor_details.default\">\n\t\t\t\t<div class=\"elementor-widget-container\">\n\t\t\t\t\t\t\t\t<div class=\"ova-details linear-gradient-active\">\n\t\t\t\t\t\t\t\t\t\t\t\t\t<div class=\"desc\">\n\t\t\t\t\t\t\u0130\u00e7erik y\u00f6netimi, PLM s\u00fcre\u00e7lerinin \u00f6nemli bir par\u00e7as\u0131d\u0131r ve \u00fcr\u00fcn ya\u015fam d\u00f6ng\u00fcs\u00fc boyunca olu\u015fan i\u00e7eri\u011fin etkin bir \u015fekilde y\u00f6netilmesini sa\u011flar. Bu, belgelerin d\u00fczenlenmesini, versiyon kontrol\u00fcn\u00fc, eri\u015fim kontrol\u00fcn\u00fc, arama ve payla\u015f\u0131m\u0131 i\u00e7erir. \u0130\u00e7erik y\u00f6netimi, \u015firketlerin \u00fcr\u00fcnlerini daha etkin bir \u015fekilde y\u00f6netmelerini, i\u015fbirli\u011fini art\u0131rmalar\u0131n\u0131 ve gereksinimleri kar\u015f\u0131lamalar\u0131n\u0131 sa\u011flayan \u00f6nemli bir ara\u00e7t\u0131r.\t\t\t\t\t<\/div>\n\t\t\t\t\t\t\t<\/div>\n\t\t\t\t<\/div>\n\t\t\t\t<\/div>\n\t\t\t\t\t<\/div>\n\t\t<\/div>\n\t\t\t\t\t\t\t<\/div>\n\t\t<\/section>\n\t\t\t\t<section class=\"elementor-section elementor-inner-section elementor-element elementor-element-580a7e7 elementor-section-boxed elementor-section-height-default elementor-section-height-default\" data-id=\"580a7e7\" data-element_type=\"section\">\n\t\t\t\t\t\t<div class=\"elementor-container elementor-column-gap-default\">\n\t\t\t\t\t<div class=\"elementor-column elementor-col-100 elementor-inner-column elementor-element elementor-element-2b9610e\" data-id=\"2b9610e\" data-element_type=\"column\">\n\t\t\t<div class=\"elementor-widget-wrap elementor-element-populated\">\n\t\t\t\t\t\t\t\t<div class=\"elementor-element elementor-element-ff3a6a6 elementor-widget elementor-widget-heading\" data-id=\"ff3a6a6\" data-element_type=\"widget\" data-widget_type=\"heading.default\">\n\t\t\t\t<div class=\"elementor-widget-container\">\n\t\t\t<style>\/*! elementor - v3.5.6 - 28-02-2022 *\/\n.elementor-heading-title{padding:0;margin:0;line-height:1}.elementor-widget-heading .elementor-heading-title[class*=elementor-size-]>a{color:inherit;font-size:inherit;line-height:inherit}.elementor-widget-heading .elementor-heading-title.elementor-size-small{font-size:15px}.elementor-widget-heading .elementor-heading-title.elementor-size-medium{font-size:19px}.elementor-widget-heading .elementor-heading-title.elementor-size-large{font-size:29px}.elementor-widget-heading .elementor-heading-title.elementor-size-xl{font-size:39px}.elementor-widget-heading .elementor-heading-title.elementor-size-xxl{font-size:59px}<\/style><h2 class=\"elementor-heading-title elementor-size-default\"><a href=\"https:\/\/www.plm.automation.siemens.com\/global\/en\/search.html?query=Content+Management\" target=\"_blank\">Siemens'in sayfas\u0131ndan daha fazla bilgiye eri\u015fmek i\u00e7in t\u0131klay\u0131n\u0131z.<\/a><\/h2>\t\t<\/div>\n\t\t\t\t<\/div>\n\t\t\t\t\t<\/div>\n\t\t<\/div>\n\t\t\t\t\t\t\t<\/div>\n\t\t<\/section>\n\t\t\t\t\t<\/div>\n\t\t<\/div>\n\t\t\t\t\t\t\t<\/div>\n\t\t<\/section>\n\t\t\t\t\t\t<\/div>\n\t\t\t\t\t<\/div>\n\t\t","protected":false},"excerpt":{"rendered":"<p>\u0130\u00e7erik y\u00f6netimi, bir \u015firketin \u00fcr\u00fcnlerle ili\u015fkili belgeler, dok\u00fcmantasyonlar ve di\u011fer dijital i\u00e7eriklerin y\u00f6netimi ve kontrol\u00fc s\u00fcrecidir. PLM sistemleri, i\u00e7erik y\u00f6netimi ara\u00e7lar\u0131 ve stratejileriyle birlikte kullan\u0131larak, \u00fcr\u00fcn ya\u015fam d\u00f6ng\u00fcs\u00fc boyunca olu\u015fan i\u00e7eriklerin etkin bir \u015fekilde y\u00f6netilmesi sa\u011flan\u0131r. \u0130\u00e7erik y\u00f6netimi genellikle a\u015fa\u011f\u0131daki faaliyetleri i\u00e7erir: Belgelerin ve veri tabanlar\u0131n\u0131n y\u00f6netimi: PLM sistemleri, \u00fcr\u00fcnlerle ili\u015fkili belgelerin ve di\u011fer veri [&hellip;]<\/p>\n","protected":false},"author":2,"featured_media":0,"parent":0,"menu_order":0,"comment_status":"closed","ping_status":"closed","template":"elementor_header_footer","meta":{"footnotes":""},"class_list":["post-9281","page","type-page","status-publish","hentry"],"_links":{"self":[{"href":"https:\/\/www.creas-technology.com\/index.php\/wp-json\/wp\/v2\/pages\/9281","targetHints":{"allow":["GET"]}}],"collection":[{"href":"https:\/\/www.creas-technology.com\/index.php\/wp-json\/wp\/v2\/pages"}],"about":[{"href":"https:\/\/www.creas-technology.com\/index.php\/wp-json\/wp\/v2\/types\/page"}],"author":[{"embeddable":true,"href":"https:\/\/www.creas-technology.com\/index.php\/wp-json\/wp\/v2\/users\/2"}],"replies":[{"embeddable":true,"href":"https:\/\/www.creas-technology.com\/index.php\/wp-json\/wp\/v2\/comments?post=9281"}],"version-history":[{"count":11,"href":"https:\/\/www.creas-technology.com\/index.php\/wp-json\/wp\/v2\/pages\/9281\/revisions"}],"predecessor-version":[{"id":9727,"href":"https:\/\/www.creas-technology.com\/index.php\/wp-json\/wp\/v2\/pages\/9281\/revisions\/9727"}],"wp:attachment":[{"href":"https:\/\/www.creas-technology.com\/index.php\/wp-json\/wp\/v2\/media?parent=9281"}],"curies":[{"name":"wp","href":"https:\/\/api.w.org\/{rel}","templated":true}]}}